{"id":6990,"date":"2024-06-19T12:59:54","date_gmt":"2024-06-19T12:59:54","guid":{"rendered":"https:\/\/casadeltrotamundos.com\/?page_id=6990"},"modified":"2024-06-21T08:49:48","modified_gmt":"2024-06-21T08:49:48","slug":"sala-de-masaje-y-estetica","status":"publish","type":"page","link":"https:\/\/casadeltrotamundos.com\/en\/sala-de-masaje-y-estetica\/","title":{"rendered":"Sala de masaje y est\u00e9tica"},"content":{"rendered":"\t\t<div data-elementor-type=\"wp-page\" data-elementor-id=\"6990\" class=\"elementor elementor-6990\" data-elementor-post-type=\"page\">\n\t\t\t\t\t\t<section class=\"elementor-section elementor-top-section elementor-element elementor-element-3398bd68 elementor-section-full_width elementor-section-height-full elementor-section-height-default elementor-section-items-middle\" data-id=\"3398bd68\" data-element_type=\"section\" data-settings=\"{&quot;background_background&quot;:&quot;classic&quot;,&quot;sticky&quot;:&quot;top&quot;,&quot;sticky_on&quot;:[&quot;desktop&quot;,&quot;laptop&quot;,&quot;tablet&quot;,&quot;mobile&quot;],&quot;sticky_offset&quot;:0,&quot;sticky_effects_offset&quot;:0,&quot;sticky_anchor_link_offset&quot;:0}\">\n\t\t\t\t\t\t<div class=\"elementor-container elementor-column-gap-no\">\n\t\t\t\t\t<div class=\"elementor-column elementor-col-100 elementor-top-column elementor-element elementor-element-135e41a2\" data-id=\"135e41a2\" data-element_type=\"column\">\n\t\t\t<div class=\"elementor-widget-wrap elementor-element-populated\">\n\t\t\t\t\t\t<div class=\"elementor-element elementor-element-30ae596f elementor-widget elementor-widget-spacer\" data-id=\"30ae596f\" data-element_type=\"widget\" data-widget_type=\"spacer.default\">\n\t\t\t\t<div class=\"elementor-widget-container\">\n\t\t\t\t\t\t\t<div class=\"elementor-spacer\">\n\t\t\t<div class=\"elementor-spacer-inner\"><\/div>\n\t\t<\/div>\n\t\t\t\t\t\t<\/div>\n\t\t\t\t<\/div>\n\t\t\t\t<div class=\"elementor-element elementor-element-4961b7fd elementor-widget elementor-widget-heading\" data-id=\"4961b7fd\" data-element_type=\"widget\" data-widget_type=\"heading.default\">\n\t\t\t\t<div class=\"elementor-widget-container\">\n\t\t\t\t\t<h1 class=\"elementor-heading-title elementor-size-default\">Sala de masaje y est\u00e9tica<\/h1>\t\t\t\t<\/div>\n\t\t\t\t<\/div>\n\t\t\t\t<div class=\"elementor-element elementor-element-a26a501 elementor-widget elementor-widget-text-editor\" data-id=\"a26a501\" data-element_type=\"widget\" data-widget_type=\"text-editor.default\">\n\t\t\t\t<div class=\"elementor-widget-container\">\n\t\t\t\t\t\t\t\t\t<p><strong>Un oasis de tranquilidad y bienestar en el coraz\u00f3n de la naturaleza<\/strong><\/p>\t\t\t\t\t\t\t\t<\/div>\n\t\t\t\t<\/div>\n\t\t\t\t<div class=\"elementor-element elementor-element-742c1b70 elementor-widget elementor-widget-spacer\" data-id=\"742c1b70\" data-element_type=\"widget\" data-widget_type=\"spacer.default\">\n\t\t\t\t<div class=\"elementor-widget-container\">\n\t\t\t\t\t\t\t<div class=\"elementor-spacer\">\n\t\t\t<div class=\"elementor-spacer-inner\"><\/div>\n\t\t<\/div>\n\t\t\t\t\t\t<\/div>\n\t\t\t\t<\/div>\n\t\t\t\t\t<\/div>\n\t\t<\/div>\n\t\t\t\t\t<\/div>\n\t\t<\/section>\n\t\t\t\t<section class=\"elementor-section elementor-top-section elementor-element elementor-element-4020abc elementor-section-boxed elementor-section-height-default elementor-section-height-default\" data-id=\"4020abc\" data-element_type=\"section\" data-settings=\"{&quot;background_background&quot;:&quot;classic&quot;}\">\n\t\t\t\t\t\t<div class=\"elementor-container elementor-column-gap-default\">\n\t\t\t\t\t<div class=\"elementor-column elementor-col-100 elementor-top-column elementor-element elementor-element-a05d6a0\" data-id=\"a05d6a0\" data-element_type=\"column\">\n\t\t\t<div class=\"elementor-widget-wrap elementor-element-populated\">\n\t\t\t\t\t\t<div class=\"elementor-element elementor-element-3b3fe51 elementor-widget elementor-widget-heading\" data-id=\"3b3fe51\" data-element_type=\"widget\" data-widget_type=\"heading.default\">\n\t\t\t\t<div class=\"elementor-widget-container\">\n\t\t\t\t\t<h3 class=\"elementor-heading-title elementor-size-default\">Sala de masaje y est\u00e9tica<\/h3>\t\t\t\t<\/div>\n\t\t\t\t<\/div>\n\t\t\t\t<div class=\"elementor-element elementor-element-ebe4265 elementor-widget-divider--view-line elementor-widget elementor-widget-divider\" data-id=\"ebe4265\" data-element_type=\"widget\" data-widget_type=\"divider.default\">\n\t\t\t\t<div class=\"elementor-widget-container\">\n\t\t\t\t\t\t\t<div class=\"elementor-divider\">\n\t\t\t<span class=\"elementor-divider-separator\">\n\t\t\t\t\t\t<\/span>\n\t\t<\/div>\n\t\t\t\t\t\t<\/div>\n\t\t\t\t<\/div>\n\t\t\t\t<div class=\"elementor-element elementor-element-a93282d elementor-widget elementor-widget-text-editor\" data-id=\"a93282d\" data-element_type=\"widget\" data-widget_type=\"text-editor.default\">\n\t\t\t\t<div class=\"elementor-widget-container\">\n\t\t\t\t\t\t\t\t\t<p>Sum\u00e9rgete en un mundo de relajaci\u00f3n y bienestar en nuestra exclusiva sala de masaje y est\u00e9tica, ubicada en el coraz\u00f3n de La Casa Del Trotamundos. Rodeado de la tranquilidad de la naturaleza, nuestro espacio es un refugio perfecto para escapar del estr\u00e9s diario y revitalizar cuerpo y mente.<\/p><p>Desde el momento en que cruzas nuestras puertas, sentir\u00e1s una atm\u00f3sfera de paz y serenidad que te envolver\u00e1 por completo. Dise\u00f1ada con un estilo r\u00fastico y acogedor, nuestra sala de masaje y est\u00e9tica combina perfectamente la elegancia rural con el confort moderno. La suave iluminaci\u00f3n, los aromas relajantes y la m\u00fasica tranquila te acompa\u00f1ar\u00e1n a lo largo de toda tu experiencia.<\/p>\t\t\t\t\t\t\t\t<\/div>\n\t\t\t\t<\/div>\n\t\t\t\t\t<\/div>\n\t\t<\/div>\n\t\t\t\t\t<\/div>\n\t\t<\/section>\n\t\t\t\t<section class=\"elementor-section elementor-top-section elementor-element elementor-element-a85fbdf elementor-section-height-min-height elementor-section-boxed elementor-section-height-default elementor-section-items-middle\" data-id=\"a85fbdf\" data-element_type=\"section\" data-settings=\"{&quot;background_background&quot;:&quot;classic&quot;}\">\n\t\t\t\t\t\t<div class=\"elementor-container elementor-column-gap-no\">\n\t\t\t\t\t<div class=\"elementor-column elementor-col-100 elementor-top-column elementor-element elementor-element-de5e99a\" data-id=\"de5e99a\" data-element_type=\"column\">\n\t\t\t<div class=\"elementor-widget-wrap elementor-element-populated\">\n\t\t\t\t\t\t<div class=\"elementor-element elementor-element-444db6c elementor-widget elementor-widget-image-carousel\" data-id=\"444db6c\" data-element_type=\"widget\" data-settings=\"{&quot;slides_to_show&quot;:&quot;2&quot;,&quot;slides_to_scroll&quot;:&quot;1&quot;,&quot;speed&quot;:350,&quot;image_spacing_custom&quot;:{&quot;unit&quot;:&quot;px&quot;,&quot;size&quot;:5,&quot;sizes&quot;:[]},&quot;navigation&quot;:&quot;none&quot;,&quot;autoplay&quot;:&quot;no&quot;,&quot;infinite&quot;:&quot;yes&quot;,&quot;image_spacing_custom_laptop&quot;:{&quot;unit&quot;:&quot;px&quot;,&quot;size&quot;:&quot;&quot;,&quot;sizes&quot;:[]},&quot;image_spacing_custom_tablet&quot;:{&quot;unit&quot;:&quot;px&quot;,&quot;size&quot;:&quot;&quot;,&quot;sizes&quot;:[]},&quot;image_spacing_custom_mobile&quot;:{&quot;unit&quot;:&quot;px&quot;,&quot;size&quot;:&quot;&quot;,&quot;sizes&quot;:[]}}\" data-widget_type=\"image-carousel.default\">\n\t\t\t\t<div class=\"elementor-widget-container\">\n\t\t\t\t\t\t\t<div class=\"elementor-image-carousel-wrapper swiper\" role=\"region\" aria-roledescription=\"carousel\" aria-label=\"Image Carousel\" dir=\"ltr\">\n\t\t\t<div class=\"elementor-image-carousel swiper-wrapper\" aria-live=\"polite\">\n\t\t\t\t\t\t\t\t<div class=\"swiper-slide\" role=\"group\" aria-roledescription=\"slide\" aria-label=\"1 of 2\"><a data-elementor-open-lightbox=\"yes\" data-elementor-lightbox-slideshow=\"444db6c\" data-e-action-hash=\"#elementor-action%3Aaction%3Dlightbox%26settings%3DeyJpZCI6Njk2NCwidXJsIjoiaHR0cHM6XC9cL2Nhc2FkZWx0cm90YW11bmRvcy5jb21cL3dwLWNvbnRlbnRcL3VwbG9hZHNcLzIwMjRcLzA2XC9JTUctMjAyNDA2MTctV0EwMDA4LmpwZyIsInNsaWRlc2hvdyI6IjQ0NGRiNmMifQ%3D%3D\" href=\"https:\/\/casadeltrotamundos.com\/wp-content\/uploads\/2024\/06\/IMG-20240617-WA0008.jpg\"><figure class=\"swiper-slide-inner\"><img decoding=\"async\" class=\"swiper-slide-image lazyload\" data-src=\"https:\/\/casadeltrotamundos.com\/wp-content\/uploads\/2024\/06\/IMG-20240617-WA0008.jpg\" alt=\"IMG-20240617-WA0008\" src=\"data:image\/svg+xml;base64,PHN2ZyB3aWR0aD0iMSIgaGVpZ2h0PSIxIiB4bWxucz0iaHR0cDovL3d3dy53My5vcmcvMjAwMC9zdmciPjwvc3ZnPg==\" style=\"--smush-placeholder-width: 1200px; --smush-placeholder-aspect-ratio: 1200\/1600;\" \/><\/figure><\/a><\/div><div class=\"swiper-slide\" role=\"group\" aria-roledescription=\"slide\" aria-label=\"2 of 2\"><a data-elementor-open-lightbox=\"yes\" data-elementor-lightbox-slideshow=\"444db6c\" data-e-action-hash=\"#elementor-action%3Aaction%3Dlightbox%26settings%3DeyJpZCI6Njk2MywidXJsIjoiaHR0cHM6XC9cL2Nhc2FkZWx0cm90YW11bmRvcy5jb21cL3dwLWNvbnRlbnRcL3VwbG9hZHNcLzIwMjRcLzA2XC9JTUctMjAyNDA2MTctV0EwMDA3LmpwZyIsInNsaWRlc2hvdyI6IjQ0NGRiNmMifQ%3D%3D\" href=\"https:\/\/casadeltrotamundos.com\/wp-content\/uploads\/2024\/06\/IMG-20240617-WA0007.jpg\"><figure class=\"swiper-slide-inner\"><img decoding=\"async\" class=\"swiper-slide-image lazyload\" data-src=\"https:\/\/casadeltrotamundos.com\/wp-content\/uploads\/2024\/06\/IMG-20240617-WA0007.jpg\" alt=\"IMG-20240617-WA0007\" src=\"data:image\/svg+xml;base64,PHN2ZyB3aWR0aD0iMSIgaGVpZ2h0PSIxIiB4bWxucz0iaHR0cDovL3d3dy53My5vcmcvMjAwMC9zdmciPjwvc3ZnPg==\" style=\"--smush-placeholder-width: 1200px; --smush-placeholder-aspect-ratio: 1200\/1600;\" \/><\/figure><\/a><\/div>\t\t\t<\/div>\n\t\t\t\t\t\t\t\n\t\t\t\t\t\t\t\t\t<\/div>\n\t\t\t\t\t\t<\/div>\n\t\t\t\t<\/div>\n\t\t\t\t\t<\/div>\n\t\t<\/div>\n\t\t\t\t\t<\/div>\n\t\t<\/section>\n\t\t\t\t<section class=\"elementor-section elementor-top-section elementor-element elementor-element-72707d9 elementor-section-boxed elementor-section-height-default elementor-section-height-default\" data-id=\"72707d9\" data-element_type=\"section\" data-settings=\"{&quot;background_background&quot;:&quot;classic&quot;}\">\n\t\t\t\t\t\t<div class=\"elementor-container elementor-column-gap-default\">\n\t\t\t\t\t<div class=\"elementor-column elementor-col-100 elementor-top-column elementor-element elementor-element-1c21930\" data-id=\"1c21930\" data-element_type=\"column\">\n\t\t\t<div class=\"elementor-widget-wrap elementor-element-populated\">\n\t\t\t\t\t\t<div class=\"elementor-element elementor-element-23c301e elementor-widget elementor-widget-spacer\" data-id=\"23c301e\" data-element_type=\"widget\" data-widget_type=\"spacer.default\">\n\t\t\t\t<div class=\"elementor-widget-container\">\n\t\t\t\t\t\t\t<div class=\"elementor-spacer\">\n\t\t\t<div class=\"elementor-spacer-inner\"><\/div>\n\t\t<\/div>\n\t\t\t\t\t\t<\/div>\n\t\t\t\t<\/div>\n\t\t\t\t<div class=\"elementor-element elementor-element-e34ea86 elementor-widget elementor-widget-heading\" data-id=\"e34ea86\" data-element_type=\"widget\" data-widget_type=\"heading.default\">\n\t\t\t\t<div class=\"elementor-widget-container\">\n\t\t\t\t\t<h2 class=\"elementor-heading-title elementor-size-default\">\u00a1Bienvenidos a nuestra sala de masaje y est\u00e9tica \u200ben Villamayor de Campos!<\/h2>\t\t\t\t<\/div>\n\t\t\t\t<\/div>\n\t\t\t\t<section class=\"elementor-section elementor-inner-section elementor-element elementor-element-8eb0890 elementor-section-boxed elementor-section-height-default elementor-section-height-default\" data-id=\"8eb0890\" data-element_type=\"section\">\n\t\t\t\t\t\t<div class=\"elementor-container elementor-column-gap-default\">\n\t\t\t\t\t<div class=\"elementor-column elementor-col-33 elementor-inner-column elementor-element elementor-element-91e9f00\" data-id=\"91e9f00\" data-element_type=\"column\">\n\t\t\t<div class=\"elementor-widget-wrap elementor-element-populated\">\n\t\t\t\t\t\t<div class=\"elementor-element elementor-element-f7f5b02 elementor-widget elementor-widget-image\" data-id=\"f7f5b02\" data-element_type=\"widget\" data-widget_type=\"image.default\">\n\t\t\t\t<div class=\"elementor-widget-container\">\n\t\t\t\t\t\t\t\t\t\t\t\t\t\t\t<img fetchpriority=\"high\" decoding=\"async\" width=\"512\" height=\"512\" src=\"https:\/\/casadeltrotamundos.com\/wp-content\/uploads\/2024\/06\/piedra-caliente.png\" class=\"attachment-medium_large size-medium_large wp-image-6991\" alt=\"\" srcset=\"https:\/\/casadeltrotamundos.com\/wp-content\/uploads\/2024\/06\/piedra-caliente.png 512w, https:\/\/casadeltrotamundos.com\/wp-content\/uploads\/2024\/06\/piedra-caliente-300x300.png 300w, https:\/\/casadeltrotamundos.com\/wp-content\/uploads\/2024\/06\/piedra-caliente-150x150.png 150w, https:\/\/casadeltrotamundos.com\/wp-content\/uploads\/2024\/06\/piedra-caliente-12x12.png 12w, https:\/\/casadeltrotamundos.com\/wp-content\/uploads\/2024\/06\/piedra-caliente-100x100.png 100w\" sizes=\"(max-width: 512px) 100vw, 512px\" \/>\t\t\t\t\t\t\t\t\t\t\t\t\t\t\t<\/div>\n\t\t\t\t<\/div>\n\t\t\t\t\t<\/div>\n\t\t<\/div>\n\t\t\t\t<div class=\"elementor-column elementor-col-33 elementor-inner-column elementor-element elementor-element-724122d\" data-id=\"724122d\" data-element_type=\"column\">\n\t\t\t<div class=\"elementor-widget-wrap elementor-element-populated\">\n\t\t\t\t\t\t<div class=\"elementor-element elementor-element-23deb49 elementor-widget elementor-widget-heading\" data-id=\"23deb49\" data-element_type=\"widget\" data-widget_type=\"heading.default\">\n\t\t\t\t<div class=\"elementor-widget-container\">\n\t\t\t\t\t<p class=\"elementor-heading-title elementor-size-default\">\u00bfSABIAS QUE...<\/p>\t\t\t\t<\/div>\n\t\t\t\t<\/div>\n\t\t\t\t<div class=\"elementor-element elementor-element-e55b56b elementor-widget elementor-widget-heading\" data-id=\"e55b56b\" data-element_type=\"widget\" data-widget_type=\"heading.default\">\n\t\t\t\t<div class=\"elementor-widget-container\">\n\t\t\t\t\t<h3 class=\"elementor-heading-title elementor-size-default\">...un masaje puede contribuir a la mejora de la salud mental?<\/h3>\t\t\t\t<\/div>\n\t\t\t\t<\/div>\n\t\t\t\t\t<\/div>\n\t\t<\/div>\n\t\t\t\t<div class=\"elementor-column elementor-col-33 elementor-inner-column elementor-element elementor-element-9bf9e43\" data-id=\"9bf9e43\" data-element_type=\"column\">\n\t\t\t<div class=\"elementor-widget-wrap elementor-element-populated\">\n\t\t\t\t\t\t<div class=\"elementor-element elementor-element-8fddf09 elementor-widget elementor-widget-text-editor\" data-id=\"8fddf09\" data-element_type=\"widget\" data-widget_type=\"text-editor.default\">\n\t\t\t\t<div class=\"elementor-widget-container\">\n\t\t\t\t\t\t\t\t\t<p><strong>Beneficios de los masajes:<\/strong><\/p><ul><li><strong>Relajaci\u00f3n y Reducci\u00f3n del Estr\u00e9s:<\/strong> Ayudan a reducir los niveles de cortisol, la hormona del estr\u00e9s, promoviendo un estado de calma y bienestar. Esta reducci\u00f3n del estr\u00e9s no solo mejora el estado de \u00e1nimo, sino que tambi\u00e9n puede tener efectos positivos en la salud general del cuerpo.<\/li><li><strong>Mejora de la circulaci\u00f3n sangu\u00ednea:<\/strong> Ayuda a mejorar la circulaci\u00f3n sangu\u00ednea, lo que permite un mejor suministro de ox\u00edgeno y nutrientes a las c\u00e9lulas del cuerpo.<\/li><li><strong>Alivio del dolor y la tensi\u00f3n muscular:<\/strong> Las t\u00e9cnicas de masaje son eficaces para aliviar el dolor y la tensi\u00f3n muscular. Esto es especialmente beneficioso para personas con dolores cr\u00f3nicos, lesiones deportivas o tensiones derivadas del trabajo y la postura.<\/li><\/ul>\t\t\t\t\t\t\t\t<\/div>\n\t\t\t\t<\/div>\n\t\t\t\t\t<\/div>\n\t\t<\/div>\n\t\t\t\t\t<\/div>\n\t\t<\/section>\n\t\t\t\t<div class=\"elementor-element elementor-element-3c781f7 elementor-widget elementor-widget-spacer\" data-id=\"3c781f7\" data-element_type=\"widget\" data-widget_type=\"spacer.default\">\n\t\t\t\t<div class=\"elementor-widget-container\">\n\t\t\t\t\t\t\t<div class=\"elementor-spacer\">\n\t\t\t<div class=\"elementor-spacer-inner\"><\/div>\n\t\t<\/div>\n\t\t\t\t\t\t<\/div>\n\t\t\t\t<\/div>\n\t\t\t\t<div class=\"elementor-element elementor-element-1e628b5 elementor-widget elementor-widget-spacer\" data-id=\"1e628b5\" data-element_type=\"widget\" data-widget_type=\"spacer.default\">\n\t\t\t\t<div class=\"elementor-widget-container\">\n\t\t\t\t\t\t\t<div class=\"elementor-spacer\">\n\t\t\t<div class=\"elementor-spacer-inner\"><\/div>\n\t\t<\/div>\n\t\t\t\t\t\t<\/div>\n\t\t\t\t<\/div>\n\t\t\t\t\t<\/div>\n\t\t<\/div>\n\t\t\t\t\t<\/div>\n\t\t<\/section>\n\t\t\t\t<section class=\"elementor-section elementor-top-section elementor-element elementor-element-444d36d elementor-section-boxed elementor-section-height-default elementor-section-height-default\" data-id=\"444d36d\" data-element_type=\"section\" data-settings=\"{&quot;background_background&quot;:&quot;classic&quot;}\">\n\t\t\t\t\t\t<div class=\"elementor-container elementor-column-gap-default\">\n\t\t\t\t\t<div class=\"elementor-column elementor-col-100 elementor-top-column elementor-element elementor-element-51643fa\" data-id=\"51643fa\" data-element_type=\"column\">\n\t\t\t<div class=\"elementor-widget-wrap elementor-element-populated\">\n\t\t\t\t\t\t<div class=\"elementor-element elementor-element-f74eb0c elementor-widget elementor-widget-spacer\" data-id=\"f74eb0c\" data-element_type=\"widget\" data-widget_type=\"spacer.default\">\n\t\t\t\t<div class=\"elementor-widget-container\">\n\t\t\t\t\t\t\t<div class=\"elementor-spacer\">\n\t\t\t<div class=\"elementor-spacer-inner\"><\/div>\n\t\t<\/div>\n\t\t\t\t\t\t<\/div>\n\t\t\t\t<\/div>\n\t\t\t\t<div class=\"elementor-element elementor-element-71cb5a0 elementor-widget elementor-widget-heading\" data-id=\"71cb5a0\" data-element_type=\"widget\" data-widget_type=\"heading.default\">\n\t\t\t\t<div class=\"elementor-widget-container\">\n\t\t\t\t\t<h2 class=\"elementor-heading-title elementor-size-default\">Disfruta de la sala de masaje y est\u00e9tica<\/h2>\t\t\t\t<\/div>\n\t\t\t\t<\/div>\n\t\t\t\t<div class=\"elementor-element elementor-element-af8bc45 elementor-widget-divider--view-line elementor-widget elementor-widget-divider\" data-id=\"af8bc45\" data-element_type=\"widget\" data-widget_type=\"divider.default\">\n\t\t\t\t<div class=\"elementor-widget-container\">\n\t\t\t\t\t\t\t<div class=\"elementor-divider\">\n\t\t\t<span class=\"elementor-divider-separator\">\n\t\t\t\t\t\t<\/span>\n\t\t<\/div>\n\t\t\t\t\t\t<\/div>\n\t\t\t\t<\/div>\n\t\t\t\t<section class=\"elementor-section elementor-inner-section elementor-element elementor-element-ea19266 elementor-section-boxed elementor-section-height-default elementor-section-height-default\" data-id=\"ea19266\" data-element_type=\"section\">\n\t\t\t\t\t\t<div class=\"elementor-container elementor-column-gap-default\">\n\t\t\t\t\t<div class=\"elementor-column elementor-col-50 elementor-inner-column elementor-element elementor-element-def6457\" data-id=\"def6457\" data-element_type=\"column\">\n\t\t\t<div class=\"elementor-widget-wrap elementor-element-populated\">\n\t\t\t\t\t\t<div class=\"elementor-element elementor-element-5cc368b elementor-vertical-align-top elementor-widget elementor-widget-icon-box\" data-id=\"5cc368b\" data-element_type=\"widget\" data-widget_type=\"icon-box.default\">\n\t\t\t\t<div class=\"elementor-widget-container\">\n\t\t\t\t\t\t\t<div class=\"elementor-icon-box-wrapper\">\n\n\t\t\t\n\t\t\t\t\t\t<div class=\"elementor-icon-box-content\">\n\n\t\t\t\t\t\t\t\t\t<h3 class=\"elementor-icon-box-title\">\n\t\t\t\t\t\t<span  >\n\t\t\t\t\t\t\tMasajes\t\t\t\t\t\t<\/span>\n\t\t\t\t\t<\/h3>\n\t\t\t\t\n\t\t\t\t\t\t\t\t\t<p class=\"elementor-icon-box-description\">\n\t\t\t\t\t\tNuestra sala de masaje y est\u00e9tica es el lugar ideal para relajarte y disfrutar de momentos de paz y cuidado personal. Ya sea que busques un masaje relajante, un tratamiento facial revitalizante o simplemente un espacio para desconectar, te garantizamos una experiencia inolvidable que te har\u00e1 sentir renovado y lleno de energ\u00eda.\t\t\t\t\t<\/p>\n\t\t\t\t\n\t\t\t<\/div>\n\t\t\t\n\t\t<\/div>\n\t\t\t\t\t\t<\/div>\n\t\t\t\t<\/div>\n\t\t\t\t\t<\/div>\n\t\t<\/div>\n\t\t\t\t<div class=\"elementor-column elementor-col-50 elementor-inner-column elementor-element elementor-element-b87a8e6\" data-id=\"b87a8e6\" data-element_type=\"column\">\n\t\t\t<div class=\"elementor-widget-wrap elementor-element-populated\">\n\t\t\t\t\t\t<div class=\"elementor-element elementor-element-dbab0e7 elementor-position-left elementor-widget-laptop__width-initial elementor-view-default elementor-mobile-position-top elementor-vertical-align-top elementor-widget elementor-widget-icon-box\" data-id=\"dbab0e7\" data-element_type=\"widget\" data-widget_type=\"icon-box.default\">\n\t\t\t\t<div class=\"elementor-widget-container\">\n\t\t\t\t\t\t\t<div class=\"elementor-icon-box-wrapper\">\n\n\t\t\t\t\t\t<div class=\"elementor-icon-box-icon\">\n\t\t\t\t<span  class=\"elementor-icon\">\n\t\t\t\t<svg xmlns=\"http:\/\/www.w3.org\/2000\/svg\" width=\"20\" height=\"24\" viewBox=\"0 0 20 24\" fill=\"none\"><path d=\"M18 24V18.0121C17.983 16.6199 18.4356 16.0016 19.5 15.0182V6.78479C16.6803 5.74377 15.164 5.73306 12.5 6.78479V15.0182C13.6275 16.0729 14.0546 16.7082 14 18.0121V24\" stroke=\"#A58E74\"><\/path><path d=\"M15.7019 4.44338C15.3141 4.23902 14.9123 3.94848 14.5958 3.60032C14.2218 3.18877 14 2.73515 14 2.27273C14 1.75285 14.1694 1.31078 14.4513 1.00393C14.7282 0.702436 15.1419 0.5 15.7017 0.5C16.2622 0.5 16.6852 0.703147 16.9703 1.00749C17.2593 1.31609 17.4331 1.75765 17.4331 2.27273C17.4331 2.73122 17.2075 3.18383 16.8253 3.59714C16.5022 3.94651 16.0931 4.2382 15.7019 4.44338Z\" stroke=\"#A58E74\"><\/path><path d=\"M10.501 4.44371C10.113 4.23934 9.71085 3.94867 9.39425 3.60032C9.02021 3.18877 8.79837 2.73515 8.79837 2.27273C8.79837 1.75285 8.96777 1.31078 9.24967 1.00393C9.52666 0.702436 9.94032 0.5 10.5001 0.5C11.597 0.5 12.3091 1.28599 12.3091 2.27273C12.3091 2.72111 12.0738 3.17122 11.67 3.5892C11.3294 3.94178 10.9009 4.23644 10.501 4.44371Z\" stroke=\"#A58E74\"><\/path><path d=\"M5.00026 4.45998C4.61245 4.25562 4.2106 3.96509 3.89417 3.61692C3.52013 3.20537 3.2983 2.75176 3.2983 2.28933C3.2983 1.76945 3.46769 1.32739 3.74959 1.02053C4.02658 0.719037 4.44024 0.516602 5.00002 0.516602C5.56058 0.516602 5.9835 0.719749 6.26859 1.02409C6.55767 1.33269 6.73145 1.77425 6.73145 2.28933C6.73145 2.74783 6.50582 3.20043 6.12363 3.61374C5.80056 3.96311 5.39143 4.2548 5.00026 4.45998Z\" stroke=\"#A58E74\"><\/path><path d=\"M7.5 7.00047C5 6 3.72835 6.36406 1 7.50047V15.5005C2.17556 15.6815 2.58301 16.0707 3 17.0005V24.0005\" stroke=\"#A58E74\"><\/path><path d=\"M8.5 24.0006V18.5006H5C6.87675 14.0966 7.51564 11.5826 7.5 7.00057C9.8685 6.2921 10.6145 6.52252 13 6.99997M13 6.99997C11.5 6.70478 10.5 6.49957 13 6.99997Z\" stroke=\"#A58E74\"><\/path><\/svg>\t\t\t\t<\/span>\n\t\t\t<\/div>\n\t\t\t\n\t\t\t\t\t\t<div class=\"elementor-icon-box-content\">\n\n\t\t\t\t\t\t\t\t\t<h3 class=\"elementor-icon-box-title\">\n\t\t\t\t\t\t<span  >\n\t\t\t\t\t\t\tEn compa\u00f1\u00eda\t\t\t\t\t\t<\/span>\n\t\t\t\t\t<\/h3>\n\t\t\t\t\n\t\t\t\t\t\t\t\t\t<p class=\"elementor-icon-box-description\">\n\t\t\t\t\t\tDisfruta de una experiencia \u00fanica junto a tu pareja, en la que ambos pueden sumergirse en un viaje de bienestar y rejuvenecimiento. Nuestros masajes en compa\u00f1\u00eda est\u00e1n dise\u00f1ados para fortalecer los lazos, ofrecer momentos de paz compartida y crear recuerdos inolvidables.\t\t\t\t\t<\/p>\n\t\t\t\t\n\t\t\t<\/div>\n\t\t\t\n\t\t<\/div>\n\t\t\t\t\t\t<\/div>\n\t\t\t\t<\/div>\n\t\t\t\t\t<\/div>\n\t\t<\/div>\n\t\t\t\t\t<\/div>\n\t\t<\/section>\n\t\t\t\t<div class=\"elementor-element elementor-element-3e51a57 elementor-widget elementor-widget-spacer\" data-id=\"3e51a57\" data-element_type=\"widget\" data-widget_type=\"spacer.default\">\n\t\t\t\t<div class=\"elementor-widget-container\">\n\t\t\t\t\t\t\t<div class=\"elementor-spacer\">\n\t\t\t<div class=\"elementor-spacer-inner\"><\/div>\n\t\t<\/div>\n\t\t\t\t\t\t<\/div>\n\t\t\t\t<\/div>\n\t\t\t\t\t<\/div>\n\t\t<\/div>\n\t\t\t\t\t<\/div>\n\t\t<\/section>\n\t\t\t\t<\/div>\n\t\t","protected":false},"excerpt":{"rendered":"<p>Sala de masaje y est\u00e9tica Un oasis de tranquilidad y bienestar en el coraz\u00f3n de la naturaleza Sala de masaje y est\u00e9tica Sum\u00e9rgete en un mundo de relajaci\u00f3n y bienestar en nuestra exclusiva sala de masaje y est\u00e9tica, ubicada en el coraz\u00f3n de La Casa Del Trotamundos. Rodeado de la tranquilidad de la naturaleza, nuestro [&hellip;]<\/p>\n","protected":false},"author":1,"featured_media":0,"parent":0,"menu_order":0,"comment_status":"closed","ping_status":"closed","template":"","meta":{"footnotes":""},"class_list":["post-6990","page","type-page","status-publish","hentry"],"_links":{"self":[{"href":"https:\/\/casadeltrotamundos.com\/en\/wp-json\/wp\/v2\/pages\/6990","targetHints":{"allow":["GET"]}}],"collection":[{"href":"https:\/\/casadeltrotamundos.com\/en\/wp-json\/wp\/v2\/pages"}],"about":[{"href":"https:\/\/casadeltrotamundos.com\/en\/wp-json\/wp\/v2\/types\/page"}],"author":[{"embeddable":true,"href":"https:\/\/casadeltrotamundos.com\/en\/wp-json\/wp\/v2\/users\/1"}],"replies":[{"embeddable":true,"href":"https:\/\/casadeltrotamundos.com\/en\/wp-json\/wp\/v2\/comments?post=6990"}],"version-history":[{"count":9,"href":"https:\/\/casadeltrotamundos.com\/en\/wp-json\/wp\/v2\/pages\/6990\/revisions"}],"predecessor-version":[{"id":7012,"href":"https:\/\/casadeltrotamundos.com\/en\/wp-json\/wp\/v2\/pages\/6990\/revisions\/7012"}],"wp:attachment":[{"href":"https:\/\/casadeltrotamundos.com\/en\/wp-json\/wp\/v2\/media?parent=6990"}],"curies":[{"name":"wp","href":"https:\/\/api.w.org\/{rel}","templated":true}]}}