{"id":3391,"date":"2023-05-21T08:59:28","date_gmt":"2023-05-21T08:59:28","guid":{"rendered":"https:\/\/casadeltrotamundos.com\/?page_id=3391"},"modified":"2023-06-05T16:33:44","modified_gmt":"2023-06-05T16:33:44","slug":"zamora","status":"publish","type":"page","link":"https:\/\/casadeltrotamundos.com\/en\/entorno\/zamora\/","title":{"rendered":"Zamora"},"content":{"rendered":"<div data-elementor-type=\"wp-page\" data-elementor-id=\"3391\" class=\"elementor elementor-3391\" data-elementor-post-type=\"page\">\n\t\t\t\t\t\t<section class=\"elementor-section elementor-top-section elementor-element elementor-element-505db43 elementor-section-content-middle elementor-section-full_width elementor-section-height-min-height elementor-section-height-default elementor-section-items-middle\" data-id=\"505db43\" data-element_type=\"section\" data-e-type=\"section\" data-settings=\"{&quot;background_background&quot;:&quot;classic&quot;}\">\n\t\t\t\t\t\t<div class=\"elementor-container elementor-column-gap-default\">\n\t\t\t\t\t<div class=\"elementor-column elementor-col-100 elementor-top-column elementor-element elementor-element-71ff2e8\" data-id=\"71ff2e8\" data-element_type=\"column\" data-e-type=\"column\">\n\t\t\t<div class=\"elementor-widget-wrap elementor-element-populated\">\n\t\t\t\t\t\t<div class=\"elementor-element elementor-element-7e2ede7 elementor-widget elementor-widget-heading\" data-id=\"7e2ede7\" data-element_type=\"widget\" data-e-type=\"widget\" data-widget_type=\"heading.default\">\n\t\t\t\t<div class=\"elementor-widget-container\">\n\t\t\t\t\t<p class=\"elementor-heading-title elementor-size-default\">Environment<\/p>\t\t\t\t<\/div>\n\t\t\t\t<\/div>\n\t\t\t\t\t<\/div>\n\t\t<\/div>\n\t\t\t\t\t<\/div>\n\t\t<\/section>\n\t\t\t\t<section class=\"elementor-section elementor-top-section elementor-element elementor-element-3ac2f27 elementor-section-boxed elementor-section-height-default elementor-section-height-default\" data-id=\"3ac2f27\" data-element_type=\"section\" data-e-type=\"section\" data-settings=\"{&quot;background_background&quot;:&quot;classic&quot;}\">\n\t\t\t\t\t\t<div class=\"elementor-container elementor-column-gap-default\">\n\t\t\t\t\t<div class=\"elementor-column elementor-col-50 elementor-top-column elementor-element elementor-element-399e6e0\" data-id=\"399e6e0\" data-element_type=\"column\" data-e-type=\"column\">\n\t\t\t<div class=\"elementor-widget-wrap elementor-element-populated\">\n\t\t\t\t\t\t<div class=\"elementor-element elementor-element-657292c elementor-hidden-desktop elementor-hidden-laptop elementor-hidden-tablet elementor-widget elementor-widget-spacer\" data-id=\"657292c\" data-element_type=\"widget\" data-e-type=\"widget\" data-widget_type=\"spacer.default\">\n\t\t\t\t<div class=\"elementor-widget-container\">\n\t\t\t\t\t\t\t<div class=\"elementor-spacer\">\n\t\t\t<div class=\"elementor-spacer-inner\"><\/div>\n\t\t<\/div>\n\t\t\t\t\t\t<\/div>\n\t\t\t\t<\/div>\n\t\t\t\t<div class=\"elementor-element elementor-element-e44afd7 elementor-widget elementor-widget-heading\" data-id=\"e44afd7\" data-element_type=\"widget\" data-e-type=\"widget\" data-widget_type=\"heading.default\">\n\t\t\t\t<div class=\"elementor-widget-container\">\n\t\t\t\t\t<h2 class=\"elementor-heading-title elementor-size-default\">Zamora<\/h2>\t\t\t\t<\/div>\n\t\t\t\t<\/div>\n\t\t\t\t<div class=\"elementor-element elementor-element-5e272c0 elementor-widget-divider--view-line elementor-widget elementor-widget-divider\" data-id=\"5e272c0\" data-element_type=\"widget\" data-e-type=\"widget\" data-widget_type=\"divider.default\">\n\t\t\t\t<div class=\"elementor-widget-container\">\n\t\t\t\t\t\t\t<div class=\"elementor-divider\">\n\t\t\t<span class=\"elementor-divider-separator\">\n\t\t\t\t\t\t<\/span>\n\t\t<\/div>\n\t\t\t\t\t\t<\/div>\n\t\t\t\t<\/div>\n\t\t\t\t<div class=\"elementor-element elementor-element-54984f6 elementor-widget elementor-widget-text-editor\" data-id=\"54984f6\" data-element_type=\"widget\" data-e-type=\"widget\" data-widget_type=\"text-editor.default\">\n\t\t\t\t<div class=\"elementor-widget-container\">\n\t\t\t\t\t\t\t\t\t<p>Al pisar tierras zamoranas, el viajero se encuentra con un caudal de argumentos culturales, folcl\u00f3ricos, naturales y gastron\u00f3micos comunes al resto de la geograf\u00eda regional. Pero al adentrarse en los territorios que configuran la provincia de <strong>Zamora<\/strong> se percata del predominio -casi liderazgo- del rom\u00e1nico como manifestaci\u00f3n art\u00edstica de ermitas, iglesias y monasterios. Si opta por caminar pisar\u00e1 calzadas romanas, cordeles de la trashumancia, se perder\u00e1 en bosques donde a\u00falla el lobo, en la <strong>Sierra de la Culebra<\/strong>, y buscar\u00e1 sensaciones m\u00e1s elevadas en Sanabria. Pero Zamora es tambi\u00e9n el solar de uno de los humedales m\u00e1s importantes de la Pen\u00ednsula Ib\u00e9rica: las <strong>Ponds of Villaf\u00e1fila<\/strong>, y el tramo de los <strong>Arribes<\/strong>, un paisaje que encajona al r\u00edo Duero formando bell\u00edsimos ca\u00f1ones que escoltan al gran r\u00edo haciendo raya con Portugal.<\/p>\t\t\t\t\t\t\t\t<\/div>\n\t\t\t\t<\/div>\n\t\t\t\t<section class=\"elementor-section elementor-inner-section elementor-element elementor-element-bbafd4e elementor-section-full_width elementor-hidden-tablet elementor-hidden-mobile elementor-section-height-default elementor-section-height-default\" data-id=\"bbafd4e\" data-element_type=\"section\" data-e-type=\"section\">\n\t\t\t\t\t\t<div class=\"elementor-container elementor-column-gap-default\">\n\t\t\t\t\t<div class=\"elementor-column elementor-col-33 elementor-inner-column elementor-element elementor-element-f4e48e4\" data-id=\"f4e48e4\" data-element_type=\"column\" data-e-type=\"column\">\n\t\t\t<div class=\"elementor-widget-wrap elementor-element-populated\">\n\t\t\t\t\t\t<div class=\"elementor-element elementor-element-8226fd9 elementor-mobile-position-inline-start elementor-view-default elementor-position-block-start elementor-widget elementor-widget-icon-box\" data-id=\"8226fd9\" data-element_type=\"widget\" data-e-type=\"widget\" data-widget_type=\"icon-box.default\">\n\t\t\t\t<div class=\"elementor-widget-container\">\n\t\t\t\t\t\t\t<div class=\"elementor-icon-box-wrapper\">\n\n\t\t\t\t\t\t<div class=\"elementor-icon-box-icon\">\n\t\t\t\t<span  class=\"elementor-icon\">\n\t\t\t\t<svg xmlns=\"http:\/\/www.w3.org\/2000\/svg\" width=\"29\" height=\"30\" viewbox=\"0 0 29 30\" fill=\"none\"><path d=\"M1 29H28C27.0638 20.4898 24.8883 15.0426 28 1.3584H1C4.77043 14.8983 1.97006 20.872 1 29Z\" stroke=\"#A58E74\"><\/path><path d=\"M20.2422 21H15.6406V20.4453C15.7656 20.4349 15.9453 20.4193 16.1797 20.3984C16.4193 20.3776 16.5833 20.3464 16.6719 20.3047C16.8281 20.2422 16.9427 20.1484 17.0156 20.0234C17.0885 19.8932 17.125 19.7266 17.125 19.5234V15.5781H11.9141V19.4375C11.9141 19.6198 11.9427 19.7734 12 19.8984C12.0625 20.0234 12.1823 20.1328 12.3594 20.2266C12.4479 20.2734 12.6042 20.3203 12.8281 20.3672C13.0573 20.4141 13.237 20.4401 13.3672 20.4453V21H8.76562V20.4453C8.89062 20.4349 9.07031 20.4193 9.30469 20.3984C9.54427 20.3776 9.70833 20.3464 9.79688 20.3047C9.95312 20.2422 10.0677 20.1484 10.1406 20.0234C10.2135 19.8932 10.25 19.7266 10.25 19.5234V11.5234C10.25 11.3568 10.2161 11.2057 10.1484 11.0703C10.0807 10.9297 9.96354 10.8203 9.79688 10.7422C9.65625 10.6745 9.48438 10.6146 9.28125 10.5625C9.08333 10.5104 8.91146 10.4792 8.76562 10.4688V9.91406H13.3672V10.4688C13.2214 10.474 13.0417 10.4974 12.8281 10.5391C12.6198 10.5807 12.4635 10.6198 12.3594 10.6562C12.1823 10.7188 12.0625 10.8229 12 10.9688C11.9427 11.1146 11.9141 11.2734 11.9141 11.4453V14.8828H17.125V11.5234C17.125 11.3568 17.0911 11.2057 17.0234 11.0703C16.9557 10.9297 16.8385 10.8203 16.6719 10.7422C16.5312 10.6745 16.3594 10.6146 16.1562 10.5625C15.9583 10.5104 15.7865 10.4792 15.6406 10.4688V9.91406H20.2422V10.4688C20.0964 10.474 19.9167 10.4974 19.7031 10.5391C19.4948 10.5807 19.3385 10.6198 19.2344 10.6562C19.0573 10.7188 18.9375 10.8229 18.875 10.9688C18.8177 11.1146 18.7891 11.2734 18.7891 11.4453V19.4375C18.7891 19.6198 18.8177 19.7734 18.875 19.8984C18.9375 20.0234 19.0573 20.1328 19.2344 20.2266C19.3229 20.2734 19.4792 20.3203 19.7031 20.3672C19.9323 20.4141 20.112 20.4401 20.2422 20.4453V21Z\" fill=\"#A58E74\"><\/path><\/svg>\t\t\t\t<\/span>\n\t\t\t<\/div>\n\t\t\t\n\t\t\t\t\t\t<div class=\"elementor-icon-box-content\">\n\n\t\t\t\t\t\t\t\t\t<h3 class=\"elementor-icon-box-title\">\n\t\t\t\t\t\t<span  >\n\t\t\t\t\t\t\tHistoria\t\t\t\t\t\t<\/span>\n\t\t\t\t\t<\/h3>\n\t\t\t\t\n\t\t\t\t\n\t\t\t<\/div>\n\t\t\t\n\t\t<\/div>\n\t\t\t\t\t\t<\/div>\n\t\t\t\t<\/div>\n\t\t\t\t\t<\/div>\n\t\t<\/div>\n\t\t\t\t<div class=\"elementor-column elementor-col-33 elementor-inner-column elementor-element elementor-element-4174c06\" data-id=\"4174c06\" data-element_type=\"column\" data-e-type=\"column\">\n\t\t\t<div class=\"elementor-widget-wrap elementor-element-populated\">\n\t\t\t\t\t\t<div class=\"elementor-element elementor-element-52b19f2 elementor-mobile-position-inline-start elementor-view-default elementor-position-block-start elementor-widget elementor-widget-icon-box\" data-id=\"52b19f2\" data-element_type=\"widget\" data-e-type=\"widget\" data-widget_type=\"icon-box.default\">\n\t\t\t\t<div class=\"elementor-widget-container\">\n\t\t\t\t\t\t\t<div class=\"elementor-icon-box-wrapper\">\n\n\t\t\t\t\t\t<div class=\"elementor-icon-box-icon\">\n\t\t\t\t<span  class=\"elementor-icon\">\n\t\t\t\t<svg xmlns=\"http:\/\/www.w3.org\/2000\/svg\" width=\"47\" height=\"49\" viewbox=\"0 0 47 49\" fill=\"none\"><path d=\"M8.5 22V39\" stroke=\"#A58E74\"><\/path><path d=\"M18.5 22V39\" stroke=\"#A58E74\"><\/path><path d=\"M28.5 22V39\" stroke=\"#A58E74\"><\/path><path d=\"M38.5 22V39\" stroke=\"#A58E74\"><\/path><path d=\"M4 43H43.5\" stroke=\"#A58E74\"><\/path><path d=\"M0 48L47 48\" stroke=\"#A58E74\"><\/path><path d=\"M0.5 17.5H46.5C35 13 29 9.5 23.5 1C17 9 11.5 13 0.5 17.5Z\" stroke=\"#A58E74\"><\/path><\/svg>\t\t\t\t<\/span>\n\t\t\t<\/div>\n\t\t\t\n\t\t\t\t\t\t<div class=\"elementor-icon-box-content\">\n\n\t\t\t\t\t\t\t\t\t<h3 class=\"elementor-icon-box-title\">\n\t\t\t\t\t\t<span  >\n\t\t\t\t\t\t\tPatrimonio\t\t\t\t\t\t<\/span>\n\t\t\t\t\t<\/h3>\n\t\t\t\t\n\t\t\t\t\n\t\t\t<\/div>\n\t\t\t\n\t\t<\/div>\n\t\t\t\t\t\t<\/div>\n\t\t\t\t<\/div>\n\t\t\t\t\t<\/div>\n\t\t<\/div>\n\t\t\t\t<div class=\"elementor-column elementor-col-33 elementor-inner-column elementor-element elementor-element-2077806\" data-id=\"2077806\" data-element_type=\"column\" data-e-type=\"column\">\n\t\t\t<div class=\"elementor-widget-wrap elementor-element-populated\">\n\t\t\t\t\t\t<div class=\"elementor-element elementor-element-4f98c87 elementor-mobile-position-inline-start elementor-view-default elementor-position-block-start elementor-widget elementor-widget-icon-box\" data-id=\"4f98c87\" data-element_type=\"widget\" data-e-type=\"widget\" data-widget_type=\"icon-box.default\">\n\t\t\t\t<div class=\"elementor-widget-container\">\n\t\t\t\t\t\t\t<div class=\"elementor-icon-box-wrapper\">\n\n\t\t\t\t\t\t<div class=\"elementor-icon-box-icon\">\n\t\t\t\t<span  class=\"elementor-icon\">\n\t\t\t\t<svg xmlns=\"http:\/\/www.w3.org\/2000\/svg\" width=\"19\" height=\"25\" viewbox=\"0 0 19 25\" fill=\"none\"><path d=\"M4.5 8.5V1\" stroke=\"#A58E74\"><\/path><path d=\"M4.5 25V10\" stroke=\"#A58E74\"><\/path><path d=\"M8.00017 1C8.00017 3.5 8.00017 6.5 8.00017 7.5C8.00017 8.5 6.50017 10.5 4.50017 10.5C2.50017 10.5 1.0001 8.5 1.00017 7.5C1.00024 6.5 0.99993 3 1.00017 1\" stroke=\"#A58E74\"><\/path><path d=\"M13 25V1.5C16.233 1.63414 17.1678 2.69893 18 5.5C18.8322 8.30107 18 15.5 18 15.5C15.9001 15.5544 15.3741 16.2287 15 18\" stroke=\"#A58E74\"><\/path><\/svg>\t\t\t\t<\/span>\n\t\t\t<\/div>\n\t\t\t\n\t\t\t\t\t\t<div class=\"elementor-icon-box-content\">\n\n\t\t\t\t\t\t\t\t\t<h3 class=\"elementor-icon-box-title\">\n\t\t\t\t\t\t<span  >\n\t\t\t\t\t\t\tGastronom\u00eda\t\t\t\t\t\t<\/span>\n\t\t\t\t\t<\/h3>\n\t\t\t\t\n\t\t\t\t\n\t\t\t<\/div>\n\t\t\t\n\t\t<\/div>\n\t\t\t\t\t\t<\/div>\n\t\t\t\t<\/div>\n\t\t\t\t\t<\/div>\n\t\t<\/div>\n\t\t\t\t\t<\/div>\n\t\t<\/section>\n\t\t\t\t<section class=\"elementor-section elementor-inner-section elementor-element elementor-element-3824b98 elementor-hidden-desktop elementor-hidden-laptop elementor-section-boxed elementor-section-height-default elementor-section-height-default\" data-id=\"3824b98\" data-element_type=\"section\" data-e-type=\"section\">\n\t\t\t\t\t\t<div class=\"elementor-container elementor-column-gap-default\">\n\t\t\t\t\t<div class=\"elementor-column elementor-col-33 elementor-inner-column elementor-element elementor-element-77c50b8\" data-id=\"77c50b8\" data-element_type=\"column\" data-e-type=\"column\">\n\t\t\t<div class=\"elementor-widget-wrap elementor-element-populated\">\n\t\t\t\t\t\t<div class=\"elementor-element elementor-element-0a01fe8 elementor-mobile-align-center elementor-align-center elementor-icon-list--layout-traditional elementor-list-item-link-full_width elementor-widget elementor-widget-icon-list\" data-id=\"0a01fe8\" data-element_type=\"widget\" data-e-type=\"widget\" data-widget_type=\"icon-list.default\">\n\t\t\t\t<div class=\"elementor-widget-container\">\n\t\t\t\t\t\t\t<ul class=\"elementor-icon-list-items\">\n\t\t\t\t\t\t\t<li class=\"elementor-icon-list-item\">\n\t\t\t\t\t\t\t\t\t\t\t<span class=\"elementor-icon-list-icon\">\n\t\t\t\t\t\t\t<svg xmlns=\"http:\/\/www.w3.org\/2000\/svg\" width=\"29\" height=\"30\" viewbox=\"0 0 29 30\" fill=\"none\"><path d=\"M1 29H28C27.0638 20.4898 24.8883 15.0426 28 1.3584H1C4.77043 14.8983 1.97006 20.872 1 29Z\" stroke=\"#A58E74\"><\/path><path d=\"M20.2422 21H15.6406V20.4453C15.7656 20.4349 15.9453 20.4193 16.1797 20.3984C16.4193 20.3776 16.5833 20.3464 16.6719 20.3047C16.8281 20.2422 16.9427 20.1484 17.0156 20.0234C17.0885 19.8932 17.125 19.7266 17.125 19.5234V15.5781H11.9141V19.4375C11.9141 19.6198 11.9427 19.7734 12 19.8984C12.0625 20.0234 12.1823 20.1328 12.3594 20.2266C12.4479 20.2734 12.6042 20.3203 12.8281 20.3672C13.0573 20.4141 13.237 20.4401 13.3672 20.4453V21H8.76562V20.4453C8.89062 20.4349 9.07031 20.4193 9.30469 20.3984C9.54427 20.3776 9.70833 20.3464 9.79688 20.3047C9.95312 20.2422 10.0677 20.1484 10.1406 20.0234C10.2135 19.8932 10.25 19.7266 10.25 19.5234V11.5234C10.25 11.3568 10.2161 11.2057 10.1484 11.0703C10.0807 10.9297 9.96354 10.8203 9.79688 10.7422C9.65625 10.6745 9.48438 10.6146 9.28125 10.5625C9.08333 10.5104 8.91146 10.4792 8.76562 10.4688V9.91406H13.3672V10.4688C13.2214 10.474 13.0417 10.4974 12.8281 10.5391C12.6198 10.5807 12.4635 10.6198 12.3594 10.6562C12.1823 10.7188 12.0625 10.8229 12 10.9688C11.9427 11.1146 11.9141 11.2734 11.9141 11.4453V14.8828H17.125V11.5234C17.125 11.3568 17.0911 11.2057 17.0234 11.0703C16.9557 10.9297 16.8385 10.8203 16.6719 10.7422C16.5312 10.6745 16.3594 10.6146 16.1562 10.5625C15.9583 10.5104 15.7865 10.4792 15.6406 10.4688V9.91406H20.2422V10.4688C20.0964 10.474 19.9167 10.4974 19.7031 10.5391C19.4948 10.5807 19.3385 10.6198 19.2344 10.6562C19.0573 10.7188 18.9375 10.8229 18.875 10.9688C18.8177 11.1146 18.7891 11.2734 18.7891 11.4453V19.4375C18.7891 19.6198 18.8177 19.7734 18.875 19.8984C18.9375 20.0234 19.0573 20.1328 19.2344 20.2266C19.3229 20.2734 19.4792 20.3203 19.7031 20.3672C19.9323 20.4141 20.112 20.4401 20.2422 20.4453V21Z\" fill=\"#A58E74\"><\/path><\/svg>\t\t\t\t\t\t<\/span>\n\t\t\t\t\t\t\t\t\t\t<span class=\"elementor-icon-list-text\">Historia<\/span>\n\t\t\t\t\t\t\t\t\t<\/li>\n\t\t\t\t\t\t<\/ul>\n\t\t\t\t\t\t<\/div>\n\t\t\t\t<\/div>\n\t\t\t\t\t<\/div>\n\t\t<\/div>\n\t\t\t\t<div class=\"elementor-column elementor-col-33 elementor-inner-column elementor-element elementor-element-7449b21\" data-id=\"7449b21\" data-element_type=\"column\" data-e-type=\"column\">\n\t\t\t<div class=\"elementor-widget-wrap elementor-element-populated\">\n\t\t\t\t\t\t<div class=\"elementor-element elementor-element-fffebf0 elementor-mobile-align-center elementor-align-center elementor-icon-list--layout-traditional elementor-list-item-link-full_width elementor-widget elementor-widget-icon-list\" data-id=\"fffebf0\" data-element_type=\"widget\" data-e-type=\"widget\" data-widget_type=\"icon-list.default\">\n\t\t\t\t<div class=\"elementor-widget-container\">\n\t\t\t\t\t\t\t<ul class=\"elementor-icon-list-items\">\n\t\t\t\t\t\t\t<li class=\"elementor-icon-list-item\">\n\t\t\t\t\t\t\t\t\t\t\t<span class=\"elementor-icon-list-icon\">\n\t\t\t\t\t\t\t<svg xmlns=\"http:\/\/www.w3.org\/2000\/svg\" width=\"47\" height=\"49\" viewbox=\"0 0 47 49\" fill=\"none\"><path d=\"M8.5 22V39\" stroke=\"#A58E74\"><\/path><path d=\"M18.5 22V39\" stroke=\"#A58E74\"><\/path><path d=\"M28.5 22V39\" stroke=\"#A58E74\"><\/path><path d=\"M38.5 22V39\" stroke=\"#A58E74\"><\/path><path d=\"M4 43H43.5\" stroke=\"#A58E74\"><\/path><path d=\"M0 48L47 48\" stroke=\"#A58E74\"><\/path><path d=\"M0.5 17.5H46.5C35 13 29 9.5 23.5 1C17 9 11.5 13 0.5 17.5Z\" stroke=\"#A58E74\"><\/path><\/svg>\t\t\t\t\t\t<\/span>\n\t\t\t\t\t\t\t\t\t\t<span class=\"elementor-icon-list-text\">Patrimonio<\/span>\n\t\t\t\t\t\t\t\t\t<\/li>\n\t\t\t\t\t\t<\/ul>\n\t\t\t\t\t\t<\/div>\n\t\t\t\t<\/div>\n\t\t\t\t\t<\/div>\n\t\t<\/div>\n\t\t\t\t<div class=\"elementor-column elementor-col-33 elementor-inner-column elementor-element elementor-element-2ce1974\" data-id=\"2ce1974\" data-element_type=\"column\" data-e-type=\"column\">\n\t\t\t<div class=\"elementor-widget-wrap elementor-element-populated\">\n\t\t\t\t\t\t<div class=\"elementor-element elementor-element-e443926 elementor-mobile-align-center elementor-align-center elementor-icon-list--layout-traditional elementor-list-item-link-full_width elementor-widget elementor-widget-icon-list\" data-id=\"e443926\" data-element_type=\"widget\" data-e-type=\"widget\" data-widget_type=\"icon-list.default\">\n\t\t\t\t<div class=\"elementor-widget-container\">\n\t\t\t\t\t\t\t<ul class=\"elementor-icon-list-items\">\n\t\t\t\t\t\t\t<li class=\"elementor-icon-list-item\">\n\t\t\t\t\t\t\t\t\t\t\t<span class=\"elementor-icon-list-icon\">\n\t\t\t\t\t\t\t<svg xmlns=\"http:\/\/www.w3.org\/2000\/svg\" width=\"19\" height=\"25\" viewbox=\"0 0 19 25\" fill=\"none\"><path d=\"M4.5 8.5V1\" stroke=\"#A58E74\"><\/path><path d=\"M4.5 25V10\" stroke=\"#A58E74\"><\/path><path d=\"M8.00017 1C8.00017 3.5 8.00017 6.5 8.00017 7.5C8.00017 8.5 6.50017 10.5 4.50017 10.5C2.50017 10.5 1.0001 8.5 1.00017 7.5C1.00024 6.5 0.99993 3 1.00017 1\" stroke=\"#A58E74\"><\/path><path d=\"M13 25V1.5C16.233 1.63414 17.1678 2.69893 18 5.5C18.8322 8.30107 18 15.5 18 15.5C15.9001 15.5544 15.3741 16.2287 15 18\" stroke=\"#A58E74\"><\/path><\/svg>\t\t\t\t\t\t<\/span>\n\t\t\t\t\t\t\t\t\t\t<span class=\"elementor-icon-list-text\">Gastronom\u00eda<\/span>\n\t\t\t\t\t\t\t\t\t<\/li>\n\t\t\t\t\t\t<\/ul>\n\t\t\t\t\t\t<\/div>\n\t\t\t\t<\/div>\n\t\t\t\t\t<\/div>\n\t\t<\/div>\n\t\t\t\t\t<\/div>\n\t\t<\/section>\n\t\t\t\t\t<\/div>\n\t\t<\/div>\n\t\t\t\t<div class=\"elementor-column elementor-col-50 elementor-top-column elementor-element elementor-element-01af8a1\" data-id=\"01af8a1\" data-element_type=\"column\" data-e-type=\"column\">\n\t\t\t<div class=\"elementor-widget-wrap elementor-element-populated\">\n\t\t\t\t\t\t<div class=\"elementor-element elementor-element-0d38ceb elementor-widget elementor-widget-spacer\" data-id=\"0d38ceb\" data-element_type=\"widget\" data-e-type=\"widget\" data-widget_type=\"spacer.default\">\n\t\t\t\t<div class=\"elementor-widget-container\">\n\t\t\t\t\t\t\t<div class=\"elementor-spacer\">\n\t\t\t<div class=\"elementor-spacer-inner\"><\/div>\n\t\t<\/div>\n\t\t\t\t\t\t<\/div>\n\t\t\t\t<\/div>\n\t\t\t\t<div class=\"elementor-element elementor-element-fb79ede elementor-widget elementor-widget-image\" data-id=\"fb79ede\" data-element_type=\"widget\" data-e-type=\"widget\" data-widget_type=\"image.default\">\n\t\t\t\t<div class=\"elementor-widget-container\">\n\t\t\t\t\t\t\t\t\t\t\t\t\t\t\t<img fetchpriority=\"high\" decoding=\"async\" width=\"768\" height=\"512\" src=\"https:\/\/casadeltrotamundos.com\/wp-content\/uploads\/2023\/05\/01-Puente-en-Zamora-768x512.jpg\" class=\"attachment-medium_large size-medium_large wp-image-3524\" alt=\"\" srcset=\"https:\/\/casadeltrotamundos.com\/wp-content\/uploads\/2023\/05\/01-Puente-en-Zamora-768x512.jpg 768w, https:\/\/casadeltrotamundos.com\/wp-content\/uploads\/2023\/05\/01-Puente-en-Zamora-300x200.jpg 300w, https:\/\/casadeltrotamundos.com\/wp-content\/uploads\/2023\/05\/01-Puente-en-Zamora.jpg 850w\" sizes=\"(max-width: 768px) 100vw, 768px\" \/>\t\t\t\t\t\t\t\t\t\t\t\t\t\t\t<\/div>\n\t\t\t\t<\/div>\n\t\t\t\t<div class=\"elementor-element elementor-element-11de7bc elementor-widget elementor-widget-spacer\" data-id=\"11de7bc\" data-element_type=\"widget\" data-e-type=\"widget\" data-widget_type=\"spacer.default\">\n\t\t\t\t<div class=\"elementor-widget-container\">\n\t\t\t\t\t\t\t<div class=\"elementor-spacer\">\n\t\t\t<div class=\"elementor-spacer-inner\"><\/div>\n\t\t<\/div>\n\t\t\t\t\t\t<\/div>\n\t\t\t\t<\/div>\n\t\t\t\t<section class=\"elementor-section elementor-inner-section elementor-element elementor-element-46807d5 elementor-section-boxed elementor-section-height-default elementor-section-height-default\" data-id=\"46807d5\" data-element_type=\"section\" data-e-type=\"section\">\n\t\t\t\t\t\t<div class=\"elementor-container elementor-column-gap-default\">\n\t\t\t\t\t<div class=\"elementor-column elementor-col-100 elementor-inner-column elementor-element elementor-element-37f6479\" data-id=\"37f6479\" data-element_type=\"column\" data-e-type=\"column\">\n\t\t\t<div class=\"elementor-widget-wrap elementor-element-populated\">\n\t\t\t\t\t\t<div class=\"elementor-element elementor-element-4577518 elementor-view-framed elementor-shape-circle elementor-position-block-start elementor-mobile-position-block-start elementor-widget elementor-widget-icon-box\" data-id=\"4577518\" data-element_type=\"widget\" data-e-type=\"widget\" data-widget_type=\"icon-box.default\">\n\t\t\t\t<div class=\"elementor-widget-container\">\n\t\t\t\t\t\t\t<div class=\"elementor-icon-box-wrapper\">\n\n\t\t\t\t\t\t<div class=\"elementor-icon-box-icon\">\n\t\t\t\t<a href=\"https:\/\/heyzine.com\/flip-book\/2db08c1bf2.html\" target=\"_blank\" class=\"elementor-icon elementor-animation-pulse\" tabindex=\"-1\" aria-label=\"Zamora\" rel=\"noopener\">\n\t\t\t\t<svg xmlns=\"http:\/\/www.w3.org\/2000\/svg\" width=\"25\" height=\"20\" viewbox=\"0 0 25 20\" fill=\"none\"><path d=\"M12 3.61566C12.2761 0.590806 15.7304 0.928166 22 1.11566C20.9507 7.27497 21.4779 10.5226 23.5 16.1157C16.9359 16.0732 11.9838 15.3199 12 19.1157C12.1756 15.4185 7.72455 15.9154 1 16.1157C2.42434 10.3798 2.85273 7.11005 2.5 1.11566C9.27098 0.829214 12.0414 1.0918 12 3.61566ZM12 3.61566V13.6157\" stroke=\"#A58E74\"><\/path><\/svg>\t\t\t\t<\/a>\n\t\t\t<\/div>\n\t\t\t\n\t\t\t\t\t\t<div class=\"elementor-icon-box-content\">\n\n\t\t\t\t\t\t\t\t\t<h3 class=\"elementor-icon-box-title\">\n\t\t\t\t\t\t<a href=\"https:\/\/heyzine.com\/flip-book\/2db08c1bf2.html\" target=\"_blank\" rel=\"noopener\">\n\t\t\t\t\t\t\tZamora\t\t\t\t\t\t<\/a>\n\t\t\t\t\t<\/h3>\n\t\t\t\t\n\t\t\t\t\n\t\t\t<\/div>\n\t\t\t\n\t\t<\/div>\n\t\t\t\t\t\t<\/div>\n\t\t\t\t<\/div>\n\t\t\t\t\t<\/div>\n\t\t<\/div>\n\t\t\t\t\t<\/div>\n\t\t<\/section>\n\t\t\t\t<div class=\"elementor-element elementor-element-3e815e9 elementor-widget elementor-widget-spacer\" data-id=\"3e815e9\" data-element_type=\"widget\" data-e-type=\"widget\" data-widget_type=\"spacer.default\">\n\t\t\t\t<div class=\"elementor-widget-container\">\n\t\t\t\t\t\t\t<div class=\"elementor-spacer\">\n\t\t\t<div class=\"elementor-spacer-inner\"><\/div>\n\t\t<\/div>\n\t\t\t\t\t\t<\/div>\n\t\t\t\t<\/div>\n\t\t\t\t\t<\/div>\n\t\t<\/div>\n\t\t\t\t\t<\/div>\n\t\t<\/section>\n\t\t\t\t<\/div>","protected":false},"excerpt":{"rendered":"<p>Entorno Zamora Al pisar tierras zamoranas, el viajero se encuentra con un caudal de argumentos culturales, folcl\u00f3ricos, naturales y gastron\u00f3micos comunes al resto de la geograf\u00eda regional. Pero al adentrarse en los territorios que configuran la provincia de Zamora se percata del predominio -casi liderazgo- del rom\u00e1nico como manifestaci\u00f3n art\u00edstica de ermitas, iglesias y monasterios. [&hellip;]<\/p>\n","protected":false},"author":1,"featured_media":0,"parent":391,"menu_order":0,"comment_status":"closed","ping_status":"closed","template":"","meta":{"footnotes":""},"class_list":["post-3391","page","type-page","status-publish","hentry"],"_links":{"self":[{"href":"https:\/\/casadeltrotamundos.com\/en\/wp-json\/wp\/v2\/pages\/3391","targetHints":{"allow":["GET"]}}],"collection":[{"href":"https:\/\/casadeltrotamundos.com\/en\/wp-json\/wp\/v2\/pages"}],"about":[{"href":"https:\/\/casadeltrotamundos.com\/en\/wp-json\/wp\/v2\/types\/page"}],"author":[{"embeddable":true,"href":"https:\/\/casadeltrotamundos.com\/en\/wp-json\/wp\/v2\/users\/1"}],"replies":[{"embeddable":true,"href":"https:\/\/casadeltrotamundos.com\/en\/wp-json\/wp\/v2\/comments?post=3391"}],"version-history":[{"count":43,"href":"https:\/\/casadeltrotamundos.com\/en\/wp-json\/wp\/v2\/pages\/3391\/revisions"}],"predecessor-version":[{"id":5679,"href":"https:\/\/casadeltrotamundos.com\/en\/wp-json\/wp\/v2\/pages\/3391\/revisions\/5679"}],"up":[{"embeddable":true,"href":"https:\/\/casadeltrotamundos.com\/en\/wp-json\/wp\/v2\/pages\/391"}],"wp:attachment":[{"href":"https:\/\/casadeltrotamundos.com\/en\/wp-json\/wp\/v2\/media?parent=3391"}],"curies":[{"name":"wp","href":"https:\/\/api.w.org\/{rel}","templated":true}]}}