{"id":3376,"date":"2023-05-21T08:37:44","date_gmt":"2023-05-21T08:37:44","guid":{"rendered":"https:\/\/casadeltrotamundos.com\/?page_id=3376"},"modified":"2023-06-05T16:15:17","modified_gmt":"2023-06-05T16:15:17","slug":"sierra-de-la-culebra-2","status":"publish","type":"page","link":"https:\/\/casadeltrotamundos.com\/en\/entorno\/sierra-de-la-culebra-2\/","title":{"rendered":"Sierra de la Culebra"},"content":{"rendered":"<div data-elementor-type=\"wp-page\" data-elementor-id=\"3376\" class=\"elementor elementor-3376\" data-elementor-post-type=\"page\">\n\t\t\t\t\t\t<section class=\"elementor-section elementor-top-section elementor-element elementor-element-344dd06 elementor-section-content-middle elementor-section-full_width elementor-section-height-min-height elementor-section-height-default elementor-section-items-middle\" data-id=\"344dd06\" data-element_type=\"section\" data-e-type=\"section\" data-settings=\"{&quot;background_background&quot;:&quot;classic&quot;}\">\n\t\t\t\t\t\t<div class=\"elementor-container elementor-column-gap-default\">\n\t\t\t\t\t<div class=\"elementor-column elementor-col-100 elementor-top-column elementor-element elementor-element-fcbc51d\" data-id=\"fcbc51d\" data-element_type=\"column\" data-e-type=\"column\">\n\t\t\t<div class=\"elementor-widget-wrap elementor-element-populated\">\n\t\t\t\t\t\t<div class=\"elementor-element elementor-element-a56486d elementor-widget elementor-widget-heading\" data-id=\"a56486d\" data-element_type=\"widget\" data-e-type=\"widget\" data-widget_type=\"heading.default\">\n\t\t\t\t<div class=\"elementor-widget-container\">\n\t\t\t\t\t<p class=\"elementor-heading-title elementor-size-default\">Environment<\/p>\t\t\t\t<\/div>\n\t\t\t\t<\/div>\n\t\t\t\t\t<\/div>\n\t\t<\/div>\n\t\t\t\t\t<\/div>\n\t\t<\/section>\n\t\t\t\t<section class=\"elementor-section elementor-top-section elementor-element elementor-element-cfcafe2 elementor-section-boxed elementor-section-height-default elementor-section-height-default\" data-id=\"cfcafe2\" data-element_type=\"section\" data-e-type=\"section\" data-settings=\"{&quot;background_background&quot;:&quot;classic&quot;}\">\n\t\t\t\t\t\t<div class=\"elementor-container elementor-column-gap-default\">\n\t\t\t\t\t<div class=\"elementor-column elementor-col-50 elementor-top-column elementor-element elementor-element-d15d50b\" data-id=\"d15d50b\" data-element_type=\"column\" data-e-type=\"column\">\n\t\t\t<div class=\"elementor-widget-wrap elementor-element-populated\">\n\t\t\t\t\t\t<div class=\"elementor-element elementor-element-7b6736c elementor-widget elementor-widget-spacer\" data-id=\"7b6736c\" data-element_type=\"widget\" data-e-type=\"widget\" data-widget_type=\"spacer.default\">\n\t\t\t\t<div class=\"elementor-widget-container\">\n\t\t\t\t\t\t\t<div class=\"elementor-spacer\">\n\t\t\t<div class=\"elementor-spacer-inner\"><\/div>\n\t\t<\/div>\n\t\t\t\t\t\t<\/div>\n\t\t\t\t<\/div>\n\t\t\t\t<div class=\"elementor-element elementor-element-f41c5cb elementor-widget elementor-widget-heading\" data-id=\"f41c5cb\" data-element_type=\"widget\" data-e-type=\"widget\" data-widget_type=\"heading.default\">\n\t\t\t\t<div class=\"elementor-widget-container\">\n\t\t\t\t\t<h2 class=\"elementor-heading-title elementor-size-default\">Sierra de la Culebra<\/h2>\t\t\t\t<\/div>\n\t\t\t\t<\/div>\n\t\t\t\t<div class=\"elementor-element elementor-element-4d14cd2 elementor-widget-divider--view-line elementor-widget elementor-widget-divider\" data-id=\"4d14cd2\" data-element_type=\"widget\" data-e-type=\"widget\" data-widget_type=\"divider.default\">\n\t\t\t\t<div class=\"elementor-widget-container\">\n\t\t\t\t\t\t\t<div class=\"elementor-divider\">\n\t\t\t<span class=\"elementor-divider-separator\">\n\t\t\t\t\t\t<\/span>\n\t\t<\/div>\n\t\t\t\t\t\t<\/div>\n\t\t\t\t<\/div>\n\t\t\t\t<div class=\"elementor-element elementor-element-66e9a60 elementor-widget elementor-widget-text-editor\" data-id=\"66e9a60\" data-element_type=\"widget\" data-e-type=\"widget\" data-widget_type=\"text-editor.default\">\n\t\t\t\t<div class=\"elementor-widget-container\">\n\t\t\t\t\t\t\t\t\t<p>The <strong>Sierra de la Culebra,<\/strong> ubicada en la provincia de Zamora, es un tesoro natural que te invita a adentrarte en un paisaje de belleza indomable. Conocida por ser uno de los mejores lugares de Europa para avistar <strong>lobos ib\u00e9ricos<\/strong> en su h\u00e1bitat natural, esta sierra es un refugio para la vida silvestre y un destino ideal para los amantes de la naturaleza.<\/p><p>El paisaje de la <strong>Sierra de la Culebra<\/strong> cautiva con sus extensas \u00e1reas boscosas, colinas ondulantes y valles serenos. Aqu\u00ed, podr\u00e1s deleitarte con la tranquilidad y la paz que brinda la naturaleza virgen, mientras exploras senderos esc\u00e9nicos y descubres rincones escondidos.<\/p>\t\t\t\t\t\t\t\t<\/div>\n\t\t\t\t<\/div>\n\t\t\t\t<section class=\"elementor-section elementor-inner-section elementor-element elementor-element-44a5d32 elementor-section-full_width elementor-hidden-tablet elementor-hidden-mobile elementor-section-height-default elementor-section-height-default\" data-id=\"44a5d32\" data-element_type=\"section\" data-e-type=\"section\">\n\t\t\t\t\t\t<div class=\"elementor-container elementor-column-gap-default\">\n\t\t\t\t\t<div class=\"elementor-column elementor-col-33 elementor-inner-column elementor-element elementor-element-75d22b5\" data-id=\"75d22b5\" data-element_type=\"column\" data-e-type=\"column\">\n\t\t\t<div class=\"elementor-widget-wrap elementor-element-populated\">\n\t\t\t\t\t\t<div class=\"elementor-element elementor-element-d33119c elementor-mobile-position-inline-start elementor-view-default elementor-position-block-start elementor-widget elementor-widget-icon-box\" data-id=\"d33119c\" data-element_type=\"widget\" data-e-type=\"widget\" data-widget_type=\"icon-box.default\">\n\t\t\t\t<div class=\"elementor-widget-container\">\n\t\t\t\t\t\t\t<div class=\"elementor-icon-box-wrapper\">\n\n\t\t\t\t\t\t<div class=\"elementor-icon-box-icon\">\n\t\t\t\t<span  class=\"elementor-icon\">\n\t\t\t\t<svg xmlns=\"http:\/\/www.w3.org\/2000\/svg\" width=\"44\" height=\"47\" viewbox=\"0 0 44 47\" fill=\"none\"><path d=\"M22.5 47V38.5M22.5 38.5H43C35.8313 34.8971 32.3794 32.4206 30 25H37.5C27.2712 17.5168 24.3486 12.0894 22.5 1C19.538 11.7267 16.4851 17.103 7.5 25H15C12.5981 31.4139 9.29624 34.2766 1 38.5H22.5Z\" stroke=\"#A58E74\"><\/path><\/svg>\t\t\t\t<\/span>\n\t\t\t<\/div>\n\t\t\t\n\t\t\t\t\t\t<div class=\"elementor-icon-box-content\">\n\n\t\t\t\t\t\t\t\t\t<h3 class=\"elementor-icon-box-title\">\n\t\t\t\t\t\t<span  >\n\t\t\t\t\t\t\tNaturaleza\t\t\t\t\t\t<\/span>\n\t\t\t\t\t<\/h3>\n\t\t\t\t\n\t\t\t\t\n\t\t\t<\/div>\n\t\t\t\n\t\t<\/div>\n\t\t\t\t\t\t<\/div>\n\t\t\t\t<\/div>\n\t\t\t\t\t<\/div>\n\t\t<\/div>\n\t\t\t\t<div class=\"elementor-column elementor-col-33 elementor-inner-column elementor-element elementor-element-9f68687\" data-id=\"9f68687\" data-element_type=\"column\" data-e-type=\"column\">\n\t\t\t<div class=\"elementor-widget-wrap elementor-element-populated\">\n\t\t\t\t\t\t<div class=\"elementor-element elementor-element-d7f3053 elementor-mobile-position-inline-start elementor-view-default elementor-position-block-start elementor-widget elementor-widget-icon-box\" data-id=\"d7f3053\" data-element_type=\"widget\" data-e-type=\"widget\" data-widget_type=\"icon-box.default\">\n\t\t\t\t<div class=\"elementor-widget-container\">\n\t\t\t\t\t\t\t<div class=\"elementor-icon-box-wrapper\">\n\n\t\t\t\t\t\t<div class=\"elementor-icon-box-icon\">\n\t\t\t\t<span  class=\"elementor-icon\">\n\t\t\t\t<svg xmlns=\"http:\/\/www.w3.org\/2000\/svg\" width=\"31\" height=\"48\" viewbox=\"0 0 31 48\" fill=\"none\"><path d=\"M1 22L4.5 12\" stroke=\"#A58E74\"><\/path><path d=\"M30.5 14L29.5 20\" stroke=\"#A58E74\"><\/path><path d=\"M28.5 26L24.5 47.5\" stroke=\"#A58E74\"><\/path><path d=\"M10.5 35C7 35 4.5 40.5 4.5 48\" stroke=\"#A58E74\"><\/path><path d=\"M29.5 23H22.5C20.2561 22.5766 18.5 22 17.5 19C16.5 16 16.5 13 16.5 13C12.4922 12.5423 10 13 8.5 16.5C7 20 4.5 27.5 4.5 27.5L14.5 33C14.5698 43.3982 16 46.5 19.5 47\" stroke=\"#A58E74\"><\/path><path d=\"M16.47 9.44886C15.5635 9.01326 14.5951 8.35151 13.8411 7.53418C13.029 6.65385 12.5 5.63291 12.5 4.54545C12.5 3.40007 12.8795 2.39076 13.5494 1.67234C14.215 0.958676 15.1964 0.5 16.4698 0.5C17.744 0.5 18.7424 0.959351 19.4237 1.67587C20.1086 2.39611 20.5 3.40495 20.5 4.54545C20.5 5.62893 19.9597 6.64889 19.1317 7.53102C18.3634 8.34955 17.3801 9.01245 16.47 9.44886Z\" stroke=\"#A58E74\"><\/path><\/svg>\t\t\t\t<\/span>\n\t\t\t<\/div>\n\t\t\t\n\t\t\t\t\t\t<div class=\"elementor-icon-box-content\">\n\n\t\t\t\t\t\t\t\t\t<h3 class=\"elementor-icon-box-title\">\n\t\t\t\t\t\t<span  >\n\t\t\t\t\t\t\tSenderismo\t\t\t\t\t\t<\/span>\n\t\t\t\t\t<\/h3>\n\t\t\t\t\n\t\t\t\t\n\t\t\t<\/div>\n\t\t\t\n\t\t<\/div>\n\t\t\t\t\t\t<\/div>\n\t\t\t\t<\/div>\n\t\t\t\t\t<\/div>\n\t\t<\/div>\n\t\t\t\t<div class=\"elementor-column elementor-col-33 elementor-inner-column elementor-element elementor-element-9304bdb\" data-id=\"9304bdb\" data-element_type=\"column\" data-e-type=\"column\">\n\t\t\t<div class=\"elementor-widget-wrap elementor-element-populated\">\n\t\t\t\t\t\t<div class=\"elementor-element elementor-element-1c9b9cb elementor-mobile-position-inline-start elementor-view-default elementor-position-block-start elementor-widget elementor-widget-icon-box\" data-id=\"1c9b9cb\" data-element_type=\"widget\" data-e-type=\"widget\" data-widget_type=\"icon-box.default\">\n\t\t\t\t<div class=\"elementor-widget-container\">\n\t\t\t\t\t\t\t<div class=\"elementor-icon-box-wrapper\">\n\n\t\t\t\t\t\t<div class=\"elementor-icon-box-icon\">\n\t\t\t\t<span  class=\"elementor-icon\">\n\t\t\t\t<svg xmlns=\"http:\/\/www.w3.org\/2000\/svg\" width=\"28\" height=\"31\" viewbox=\"0 0 28 31\" fill=\"none\"><path d=\"M7.49994 14.5C11.5291 14.5879 13.5691 14.0399 16.9999 12.5M8.49994 9.5L6.99994 4.5L1 6C2.88144 13.7705 2.84283 18.1563 1.99994 26.0001\" stroke=\"#A58E74\"><\/path><circle cx=\"6.99994\" cy=\"25.5001\" r=\"5\" stroke=\"#A58E74\"><\/circle><circle cx=\"21.9999\" cy=\"22.5\" r=\"5\" stroke=\"#A58E74\"><\/circle><path d=\"M12 25L10.4999 19.0001\" stroke=\"#A58E74\"><\/path><path d=\"M17 23L16 18M25.5 19C24.2549 17.9737 19.058 9.4548 19 1.5L13 3L14 8\" stroke=\"#A58E74\"><\/path><\/svg>\t\t\t\t<\/span>\n\t\t\t<\/div>\n\t\t\t\n\t\t\t\t\t\t<div class=\"elementor-icon-box-content\">\n\n\t\t\t\t\t\t\t\t\t<h3 class=\"elementor-icon-box-title\">\n\t\t\t\t\t\t<span  >\n\t\t\t\t\t\t\tAvistamientos\t\t\t\t\t\t<\/span>\n\t\t\t\t\t<\/h3>\n\t\t\t\t\n\t\t\t\t\n\t\t\t<\/div>\n\t\t\t\n\t\t<\/div>\n\t\t\t\t\t\t<\/div>\n\t\t\t\t<\/div>\n\t\t\t\t\t<\/div>\n\t\t<\/div>\n\t\t\t\t\t<\/div>\n\t\t<\/section>\n\t\t\t\t<section class=\"elementor-section elementor-inner-section elementor-element elementor-element-17127d1 elementor-hidden-desktop elementor-hidden-laptop elementor-section-boxed elementor-section-height-default elementor-section-height-default\" data-id=\"17127d1\" data-element_type=\"section\" data-e-type=\"section\">\n\t\t\t\t\t\t<div class=\"elementor-container elementor-column-gap-default\">\n\t\t\t\t\t<div class=\"elementor-column elementor-col-33 elementor-inner-column elementor-element elementor-element-00efc62\" data-id=\"00efc62\" data-element_type=\"column\" data-e-type=\"column\">\n\t\t\t<div class=\"elementor-widget-wrap elementor-element-populated\">\n\t\t\t\t\t\t<div class=\"elementor-element elementor-element-353c2c4 elementor-mobile-align-center elementor-align-center elementor-icon-list--layout-traditional elementor-list-item-link-full_width elementor-widget elementor-widget-icon-list\" data-id=\"353c2c4\" data-element_type=\"widget\" data-e-type=\"widget\" data-widget_type=\"icon-list.default\">\n\t\t\t\t<div class=\"elementor-widget-container\">\n\t\t\t\t\t\t\t<ul class=\"elementor-icon-list-items\">\n\t\t\t\t\t\t\t<li class=\"elementor-icon-list-item\">\n\t\t\t\t\t\t\t\t\t\t\t<span class=\"elementor-icon-list-icon\">\n\t\t\t\t\t\t\t<svg xmlns=\"http:\/\/www.w3.org\/2000\/svg\" width=\"44\" height=\"47\" viewbox=\"0 0 44 47\" fill=\"none\"><path d=\"M22.5 47V38.5M22.5 38.5H43C35.8313 34.8971 32.3794 32.4206 30 25H37.5C27.2712 17.5168 24.3486 12.0894 22.5 1C19.538 11.7267 16.4851 17.103 7.5 25H15C12.5981 31.4139 9.29624 34.2766 1 38.5H22.5Z\" stroke=\"#A58E74\"><\/path><\/svg>\t\t\t\t\t\t<\/span>\n\t\t\t\t\t\t\t\t\t\t<span class=\"elementor-icon-list-text\">Naturaleza<\/span>\n\t\t\t\t\t\t\t\t\t<\/li>\n\t\t\t\t\t\t<\/ul>\n\t\t\t\t\t\t<\/div>\n\t\t\t\t<\/div>\n\t\t\t\t\t<\/div>\n\t\t<\/div>\n\t\t\t\t<div class=\"elementor-column elementor-col-33 elementor-inner-column elementor-element elementor-element-025e9c6\" data-id=\"025e9c6\" data-element_type=\"column\" data-e-type=\"column\">\n\t\t\t<div class=\"elementor-widget-wrap elementor-element-populated\">\n\t\t\t\t\t\t<div class=\"elementor-element elementor-element-6566aea elementor-mobile-align-center elementor-align-center elementor-icon-list--layout-traditional elementor-list-item-link-full_width elementor-widget elementor-widget-icon-list\" data-id=\"6566aea\" data-element_type=\"widget\" data-e-type=\"widget\" data-widget_type=\"icon-list.default\">\n\t\t\t\t<div class=\"elementor-widget-container\">\n\t\t\t\t\t\t\t<ul class=\"elementor-icon-list-items\">\n\t\t\t\t\t\t\t<li class=\"elementor-icon-list-item\">\n\t\t\t\t\t\t\t\t\t\t\t<span class=\"elementor-icon-list-icon\">\n\t\t\t\t\t\t\t<svg xmlns=\"http:\/\/www.w3.org\/2000\/svg\" width=\"31\" height=\"48\" viewbox=\"0 0 31 48\" fill=\"none\"><path d=\"M1 22L4.5 12\" stroke=\"#A58E74\"><\/path><path d=\"M30.5 14L29.5 20\" stroke=\"#A58E74\"><\/path><path d=\"M28.5 26L24.5 47.5\" stroke=\"#A58E74\"><\/path><path d=\"M10.5 35C7 35 4.5 40.5 4.5 48\" stroke=\"#A58E74\"><\/path><path d=\"M29.5 23H22.5C20.2561 22.5766 18.5 22 17.5 19C16.5 16 16.5 13 16.5 13C12.4922 12.5423 10 13 8.5 16.5C7 20 4.5 27.5 4.5 27.5L14.5 33C14.5698 43.3982 16 46.5 19.5 47\" stroke=\"#A58E74\"><\/path><path d=\"M16.47 9.44886C15.5635 9.01326 14.5951 8.35151 13.8411 7.53418C13.029 6.65385 12.5 5.63291 12.5 4.54545C12.5 3.40007 12.8795 2.39076 13.5494 1.67234C14.215 0.958676 15.1964 0.5 16.4698 0.5C17.744 0.5 18.7424 0.959351 19.4237 1.67587C20.1086 2.39611 20.5 3.40495 20.5 4.54545C20.5 5.62893 19.9597 6.64889 19.1317 7.53102C18.3634 8.34955 17.3801 9.01245 16.47 9.44886Z\" stroke=\"#A58E74\"><\/path><\/svg>\t\t\t\t\t\t<\/span>\n\t\t\t\t\t\t\t\t\t\t<span class=\"elementor-icon-list-text\">Senderismo<\/span>\n\t\t\t\t\t\t\t\t\t<\/li>\n\t\t\t\t\t\t<\/ul>\n\t\t\t\t\t\t<\/div>\n\t\t\t\t<\/div>\n\t\t\t\t\t<\/div>\n\t\t<\/div>\n\t\t\t\t<div class=\"elementor-column elementor-col-33 elementor-inner-column elementor-element elementor-element-0e002ed\" data-id=\"0e002ed\" data-element_type=\"column\" data-e-type=\"column\">\n\t\t\t<div class=\"elementor-widget-wrap elementor-element-populated\">\n\t\t\t\t\t\t<div class=\"elementor-element elementor-element-e0f36b1 elementor-mobile-align-center elementor-align-center elementor-icon-list--layout-traditional elementor-list-item-link-full_width elementor-widget elementor-widget-icon-list\" data-id=\"e0f36b1\" data-element_type=\"widget\" data-e-type=\"widget\" data-widget_type=\"icon-list.default\">\n\t\t\t\t<div class=\"elementor-widget-container\">\n\t\t\t\t\t\t\t<ul class=\"elementor-icon-list-items\">\n\t\t\t\t\t\t\t<li class=\"elementor-icon-list-item\">\n\t\t\t\t\t\t\t\t\t\t\t<span class=\"elementor-icon-list-icon\">\n\t\t\t\t\t\t\t<svg xmlns=\"http:\/\/www.w3.org\/2000\/svg\" width=\"28\" height=\"31\" viewbox=\"0 0 28 31\" fill=\"none\"><path d=\"M7.49994 14.5C11.5291 14.5879 13.5691 14.0399 16.9999 12.5M8.49994 9.5L6.99994 4.5L1 6C2.88144 13.7705 2.84283 18.1563 1.99994 26.0001\" stroke=\"#A58E74\"><\/path><circle cx=\"6.99994\" cy=\"25.5001\" r=\"5\" stroke=\"#A58E74\"><\/circle><circle cx=\"21.9999\" cy=\"22.5\" r=\"5\" stroke=\"#A58E74\"><\/circle><path d=\"M12 25L10.4999 19.0001\" stroke=\"#A58E74\"><\/path><path d=\"M17 23L16 18M25.5 19C24.2549 17.9737 19.058 9.4548 19 1.5L13 3L14 8\" stroke=\"#A58E74\"><\/path><\/svg>\t\t\t\t\t\t<\/span>\n\t\t\t\t\t\t\t\t\t\t<span class=\"elementor-icon-list-text\">Avistamientos<\/span>\n\t\t\t\t\t\t\t\t\t<\/li>\n\t\t\t\t\t\t<\/ul>\n\t\t\t\t\t\t<\/div>\n\t\t\t\t<\/div>\n\t\t\t\t\t<\/div>\n\t\t<\/div>\n\t\t\t\t\t<\/div>\n\t\t<\/section>\n\t\t\t\t\t<\/div>\n\t\t<\/div>\n\t\t\t\t<div class=\"elementor-column elementor-col-50 elementor-top-column elementor-element elementor-element-6615dc9\" data-id=\"6615dc9\" data-element_type=\"column\" data-e-type=\"column\">\n\t\t\t<div class=\"elementor-widget-wrap elementor-element-populated\">\n\t\t\t\t\t\t<div class=\"elementor-element elementor-element-937b272 elementor-widget elementor-widget-spacer\" data-id=\"937b272\" data-element_type=\"widget\" data-e-type=\"widget\" data-widget_type=\"spacer.default\">\n\t\t\t\t<div class=\"elementor-widget-container\">\n\t\t\t\t\t\t\t<div class=\"elementor-spacer\">\n\t\t\t<div class=\"elementor-spacer-inner\"><\/div>\n\t\t<\/div>\n\t\t\t\t\t\t<\/div>\n\t\t\t\t<\/div>\n\t\t\t\t<div class=\"elementor-element elementor-element-3839d19 elementor-widget elementor-widget-image\" data-id=\"3839d19\" data-element_type=\"widget\" data-e-type=\"widget\" data-widget_type=\"image.default\">\n\t\t\t\t<div class=\"elementor-widget-container\">\n\t\t\t\t\t\t\t\t\t\t\t\t\t\t\t<img fetchpriority=\"high\" decoding=\"async\" width=\"768\" height=\"684\" src=\"https:\/\/casadeltrotamundos.com\/wp-content\/uploads\/2023\/05\/el-lobo-768x684.jpg\" class=\"attachment-medium_large size-medium_large wp-image-3476\" alt=\"Un lobo de Sierra de la Culebra\" srcset=\"https:\/\/casadeltrotamundos.com\/wp-content\/uploads\/2023\/05\/el-lobo-768x684.jpg 768w, https:\/\/casadeltrotamundos.com\/wp-content\/uploads\/2023\/05\/el-lobo-300x267.jpg 300w, https:\/\/casadeltrotamundos.com\/wp-content\/uploads\/2023\/05\/el-lobo.jpg 800w\" sizes=\"(max-width: 768px) 100vw, 768px\" \/>\t\t\t\t\t\t\t\t\t\t\t\t\t\t\t<\/div>\n\t\t\t\t<\/div>\n\t\t\t\t<div class=\"elementor-element elementor-element-d2b010f elementor-widget elementor-widget-spacer\" data-id=\"d2b010f\" data-element_type=\"widget\" data-e-type=\"widget\" data-widget_type=\"spacer.default\">\n\t\t\t\t<div class=\"elementor-widget-container\">\n\t\t\t\t\t\t\t<div class=\"elementor-spacer\">\n\t\t\t<div class=\"elementor-spacer-inner\"><\/div>\n\t\t<\/div>\n\t\t\t\t\t\t<\/div>\n\t\t\t\t<\/div>\n\t\t\t\t<section class=\"elementor-section elementor-inner-section elementor-element elementor-element-64ea131 elementor-section-boxed elementor-section-height-default elementor-section-height-default\" data-id=\"64ea131\" data-element_type=\"section\" data-e-type=\"section\">\n\t\t\t\t\t\t<div class=\"elementor-container elementor-column-gap-default\">\n\t\t\t\t\t<div class=\"elementor-column elementor-col-50 elementor-inner-column elementor-element elementor-element-92f11c4\" data-id=\"92f11c4\" data-element_type=\"column\" data-e-type=\"column\">\n\t\t\t<div class=\"elementor-widget-wrap elementor-element-populated\">\n\t\t\t\t\t\t<div class=\"elementor-element elementor-element-4c6103a elementor-view-framed elementor-shape-circle elementor-position-block-start elementor-mobile-position-block-start elementor-widget elementor-widget-icon-box\" data-id=\"4c6103a\" data-element_type=\"widget\" data-e-type=\"widget\" data-widget_type=\"icon-box.default\">\n\t\t\t\t<div class=\"elementor-widget-container\">\n\t\t\t\t\t\t\t<div class=\"elementor-icon-box-wrapper\">\n\n\t\t\t\t\t\t<div class=\"elementor-icon-box-icon\">\n\t\t\t\t<a href=\"https:\/\/www.llobu.es\/\" target=\"_blank\" class=\"elementor-icon elementor-animation-pulse\" tabindex=\"-1\" aria-label=\"Lobo Ib\u00e9rico\" rel=\"noopener\">\n\t\t\t\t<svg xmlns=\"http:\/\/www.w3.org\/2000\/svg\" width=\"46\" height=\"46\" viewbox=\"0 0 46 46\" fill=\"none\"><circle cx=\"23\" cy=\"23\" r=\"22.5\" stroke=\"#A58E74\"><\/circle><path d=\"M33.5 23C33.5 29.2935 32.2789 34.9666 30.3271 39.0477C28.3578 43.1654 25.7344 45.5 23 45.5C20.2656 45.5 17.6422 43.1654 15.6729 39.0477C13.7211 34.9666 12.5 29.2935 12.5 23C12.5 16.7065 13.7211 11.0334 15.6729 6.95227C17.6422 2.83457 20.2656 0.5 23 0.5C25.7344 0.5 28.3578 2.83457 30.3271 6.95227C32.2789 11.0334 33.5 16.7065 33.5 23Z\" stroke=\"#A58E74\"><\/path><path d=\"M45.5 23.5C28.212 33.5839 18.0054 34.7463 0.5 24\" stroke=\"#A58E74\"><\/path><\/svg>\t\t\t\t<\/a>\n\t\t\t<\/div>\n\t\t\t\n\t\t\t\t\t\t<div class=\"elementor-icon-box-content\">\n\n\t\t\t\t\t\t\t\t\t<h3 class=\"elementor-icon-box-title\">\n\t\t\t\t\t\t<a href=\"https:\/\/www.llobu.es\/\" target=\"_blank\" rel=\"noopener\">\n\t\t\t\t\t\t\tLobo Ib\u00e9rico\t\t\t\t\t\t<\/a>\n\t\t\t\t\t<\/h3>\n\t\t\t\t\n\t\t\t\t\n\t\t\t<\/div>\n\t\t\t\n\t\t<\/div>\n\t\t\t\t\t\t<\/div>\n\t\t\t\t<\/div>\n\t\t\t\t\t<\/div>\n\t\t<\/div>\n\t\t\t\t<div class=\"elementor-column elementor-col-50 elementor-inner-column elementor-element elementor-element-716aca6\" data-id=\"716aca6\" data-element_type=\"column\" data-e-type=\"column\">\n\t\t\t<div class=\"elementor-widget-wrap elementor-element-populated\">\n\t\t\t\t\t\t<div class=\"elementor-element elementor-element-85ca584 elementor-view-framed elementor-shape-circle elementor-position-block-start elementor-mobile-position-block-start elementor-widget elementor-widget-icon-box\" data-id=\"85ca584\" data-element_type=\"widget\" data-e-type=\"widget\" data-widget_type=\"icon-box.default\">\n\t\t\t\t<div class=\"elementor-widget-container\">\n\t\t\t\t\t\t\t<div class=\"elementor-icon-box-wrapper\">\n\n\t\t\t\t\t\t<div class=\"elementor-icon-box-icon\">\n\t\t\t\t<a href=\"https:\/\/heyzine.com\/flip-book\/78c15865a6.html\" target=\"_blank\" class=\"elementor-icon elementor-animation-pulse\" tabindex=\"-1\" aria-label=\"Reserva Regional\" rel=\"noopener\">\n\t\t\t\t<svg xmlns=\"http:\/\/www.w3.org\/2000\/svg\" width=\"25\" height=\"20\" viewbox=\"0 0 25 20\" fill=\"none\"><path d=\"M12 3.61566C12.2761 0.590806 15.7304 0.928166 22 1.11566C20.9507 7.27497 21.4779 10.5226 23.5 16.1157C16.9359 16.0732 11.9838 15.3199 12 19.1157C12.1756 15.4185 7.72455 15.9154 1 16.1157C2.42434 10.3798 2.85273 7.11005 2.5 1.11566C9.27098 0.829214 12.0414 1.0918 12 3.61566ZM12 3.61566V13.6157\" stroke=\"#A58E74\"><\/path><\/svg>\t\t\t\t<\/a>\n\t\t\t<\/div>\n\t\t\t\n\t\t\t\t\t\t<div class=\"elementor-icon-box-content\">\n\n\t\t\t\t\t\t\t\t\t<h3 class=\"elementor-icon-box-title\">\n\t\t\t\t\t\t<a href=\"https:\/\/heyzine.com\/flip-book\/78c15865a6.html\" target=\"_blank\" rel=\"noopener\">\n\t\t\t\t\t\t\tReserva Regional\t\t\t\t\t\t<\/a>\n\t\t\t\t\t<\/h3>\n\t\t\t\t\n\t\t\t\t\n\t\t\t<\/div>\n\t\t\t\n\t\t<\/div>\n\t\t\t\t\t\t<\/div>\n\t\t\t\t<\/div>\n\t\t\t\t\t<\/div>\n\t\t<\/div>\n\t\t\t\t\t<\/div>\n\t\t<\/section>\n\t\t\t\t<div class=\"elementor-element elementor-element-4181416 elementor-widget elementor-widget-spacer\" data-id=\"4181416\" data-element_type=\"widget\" data-e-type=\"widget\" data-widget_type=\"spacer.default\">\n\t\t\t\t<div class=\"elementor-widget-container\">\n\t\t\t\t\t\t\t<div class=\"elementor-spacer\">\n\t\t\t<div class=\"elementor-spacer-inner\"><\/div>\n\t\t<\/div>\n\t\t\t\t\t\t<\/div>\n\t\t\t\t<\/div>\n\t\t\t\t\t<\/div>\n\t\t<\/div>\n\t\t\t\t\t<\/div>\n\t\t<\/section>\n\t\t\t\t<\/div>","protected":false},"excerpt":{"rendered":"<p>Entorno Sierra de la Culebra La Sierra de la Culebra, ubicada en la provincia de Zamora, es un tesoro natural que te invita a adentrarte en un paisaje de belleza indomable. Conocida por ser uno de los mejores lugares de Europa para avistar lobos ib\u00e9ricos en su h\u00e1bitat natural, esta sierra es un refugio para [&hellip;]<\/p>\n","protected":false},"author":1,"featured_media":0,"parent":391,"menu_order":0,"comment_status":"closed","ping_status":"closed","template":"","meta":{"footnotes":""},"class_list":["post-3376","page","type-page","status-publish","hentry"],"_links":{"self":[{"href":"https:\/\/casadeltrotamundos.com\/en\/wp-json\/wp\/v2\/pages\/3376","targetHints":{"allow":["GET"]}}],"collection":[{"href":"https:\/\/casadeltrotamundos.com\/en\/wp-json\/wp\/v2\/pages"}],"about":[{"href":"https:\/\/casadeltrotamundos.com\/en\/wp-json\/wp\/v2\/types\/page"}],"author":[{"embeddable":true,"href":"https:\/\/casadeltrotamundos.com\/en\/wp-json\/wp\/v2\/users\/1"}],"replies":[{"embeddable":true,"href":"https:\/\/casadeltrotamundos.com\/en\/wp-json\/wp\/v2\/comments?post=3376"}],"version-history":[{"count":44,"href":"https:\/\/casadeltrotamundos.com\/en\/wp-json\/wp\/v2\/pages\/3376\/revisions"}],"predecessor-version":[{"id":5640,"href":"https:\/\/casadeltrotamundos.com\/en\/wp-json\/wp\/v2\/pages\/3376\/revisions\/5640"}],"up":[{"embeddable":true,"href":"https:\/\/casadeltrotamundos.com\/en\/wp-json\/wp\/v2\/pages\/391"}],"wp:attachment":[{"href":"https:\/\/casadeltrotamundos.com\/en\/wp-json\/wp\/v2\/media?parent=3376"}],"curies":[{"name":"wp","href":"https:\/\/api.w.org\/{rel}","templated":true}]}}