{"id":3367,"date":"2023-05-21T08:29:42","date_gmt":"2023-05-21T08:29:42","guid":{"rendered":"https:\/\/casadeltrotamundos.com\/?page_id=3367"},"modified":"2023-06-05T16:35:21","modified_gmt":"2023-06-05T16:35:21","slug":"d-o-toro","status":"publish","type":"page","link":"https:\/\/casadeltrotamundos.com\/en\/d-o-toro\/","title":{"rendered":"D.O. Toro"},"content":{"rendered":"<div data-elementor-type=\"wp-page\" data-elementor-id=\"3367\" class=\"elementor elementor-3367\" data-elementor-post-type=\"page\">\n\t\t\t\t\t\t<section class=\"elementor-section elementor-top-section elementor-element elementor-element-c10edf2 elementor-section-content-middle elementor-section-full_width elementor-section-height-min-height elementor-section-height-default elementor-section-items-middle\" data-id=\"c10edf2\" data-element_type=\"section\" data-settings=\"{&quot;background_background&quot;:&quot;classic&quot;}\">\n\t\t\t\t\t\t<div class=\"elementor-container elementor-column-gap-default\">\n\t\t\t\t\t<div class=\"elementor-column elementor-col-100 elementor-top-column elementor-element elementor-element-7536fc6\" data-id=\"7536fc6\" data-element_type=\"column\">\n\t\t\t<div class=\"elementor-widget-wrap elementor-element-populated\">\n\t\t\t\t\t\t<div class=\"elementor-element elementor-element-cfb51cf elementor-widget elementor-widget-heading\" data-id=\"cfb51cf\" data-element_type=\"widget\" data-widget_type=\"heading.default\">\n\t\t\t\t<div class=\"elementor-widget-container\">\n\t\t\t\t\t<p class=\"elementor-heading-title elementor-size-default\">Environment<\/p>\t\t\t\t<\/div>\n\t\t\t\t<\/div>\n\t\t\t\t\t<\/div>\n\t\t<\/div>\n\t\t\t\t\t<\/div>\n\t\t<\/section>\n\t\t\t\t<section class=\"elementor-section elementor-top-section elementor-element elementor-element-ede9e5f elementor-section-boxed elementor-section-height-default elementor-section-height-default\" data-id=\"ede9e5f\" data-element_type=\"section\" data-settings=\"{&quot;background_background&quot;:&quot;classic&quot;}\">\n\t\t\t\t\t\t<div class=\"elementor-container elementor-column-gap-default\">\n\t\t\t\t\t<div class=\"elementor-column elementor-col-50 elementor-top-column elementor-element elementor-element-1d18614\" data-id=\"1d18614\" data-element_type=\"column\">\n\t\t\t<div class=\"elementor-widget-wrap elementor-element-populated\">\n\t\t\t\t\t\t<div class=\"elementor-element elementor-element-7aad211 elementor-widget elementor-widget-spacer\" data-id=\"7aad211\" data-element_type=\"widget\" data-widget_type=\"spacer.default\">\n\t\t\t\t<div class=\"elementor-widget-container\">\n\t\t\t\t\t\t\t<div class=\"elementor-spacer\">\n\t\t\t<div class=\"elementor-spacer-inner\"><\/div>\n\t\t<\/div>\n\t\t\t\t\t\t<\/div>\n\t\t\t\t<\/div>\n\t\t\t\t<div class=\"elementor-element elementor-element-120d6ee elementor-widget elementor-widget-heading\" data-id=\"120d6ee\" data-element_type=\"widget\" data-widget_type=\"heading.default\">\n\t\t\t\t<div class=\"elementor-widget-container\">\n\t\t\t\t\t<h2 class=\"elementor-heading-title elementor-size-default\">D.O. Toro<\/h2>\t\t\t\t<\/div>\n\t\t\t\t<\/div>\n\t\t\t\t<div class=\"elementor-element elementor-element-cdf5296 elementor-widget-divider--view-line elementor-widget elementor-widget-divider\" data-id=\"cdf5296\" data-element_type=\"widget\" data-widget_type=\"divider.default\">\n\t\t\t\t<div class=\"elementor-widget-container\">\n\t\t\t\t\t\t\t<div class=\"elementor-divider\">\n\t\t\t<span class=\"elementor-divider-separator\">\n\t\t\t\t\t\t<\/span>\n\t\t<\/div>\n\t\t\t\t\t\t<\/div>\n\t\t\t\t<\/div>\n\t\t\t\t<div class=\"elementor-element elementor-element-84ef4c4 elementor-widget elementor-widget-text-editor\" data-id=\"84ef4c4\" data-element_type=\"widget\" data-widget_type=\"text-editor.default\">\n\t\t\t\t<div class=\"elementor-widget-container\">\n\t\t\t\t\t\t\t\t\t<p>The <strong>D.O. Toro<\/strong> es sin\u00f3nimo de vinos audaces y apasionados que capturan la esencia de la regi\u00f3n vin\u00edcola de Castilla y Le\u00f3n, en el noroeste de Espa\u00f1a. Esta denominaci\u00f3n, con siglos de historia vitivin\u00edcola, se ha convertido en un referente para los amantes del vino que buscan experiencias aut\u00e9nticas y vinos de car\u00e1cter inigualable.<\/p><p>Los vi\u00f1edos de la <strong>D.O. Toro<\/strong> se encuentran en un entorno \u00fanico, donde el clima continental extremo y los suelos de arena y cantos rodados confieren a sus vinos tintos una personalidad intensa y vibrante. La uva protagonista en esta regi\u00f3n es la <strong>Tinta de Toro<\/strong>, una variante local de\u00a0 <strong>Tempranillo<\/strong>, que aporta una notable estructura, cuerpo y potencia a los vinos.<\/p>\t\t\t\t\t\t\t\t<\/div>\n\t\t\t\t<\/div>\n\t\t\t\t<section class=\"elementor-section elementor-inner-section elementor-element elementor-element-34f746a elementor-section-full_width elementor-hidden-tablet elementor-hidden-mobile elementor-section-height-default elementor-section-height-default\" data-id=\"34f746a\" data-element_type=\"section\">\n\t\t\t\t\t\t<div class=\"elementor-container elementor-column-gap-default\">\n\t\t\t\t\t<div class=\"elementor-column elementor-col-33 elementor-inner-column elementor-element elementor-element-5012b7e\" data-id=\"5012b7e\" data-element_type=\"column\">\n\t\t\t<div class=\"elementor-widget-wrap elementor-element-populated\">\n\t\t\t\t\t\t<div class=\"elementor-element elementor-element-5235f06 elementor-mobile-position-left elementor-view-default elementor-position-top elementor-widget elementor-widget-icon-box\" data-id=\"5235f06\" data-element_type=\"widget\" data-widget_type=\"icon-box.default\">\n\t\t\t\t<div class=\"elementor-widget-container\">\n\t\t\t\t\t\t\t<div class=\"elementor-icon-box-wrapper\">\n\n\t\t\t\t\t\t<div class=\"elementor-icon-box-icon\">\n\t\t\t\t<span  class=\"elementor-icon\">\n\t\t\t\t<svg xmlns=\"http:\/\/www.w3.org\/2000\/svg\" width=\"29\" height=\"30\" viewbox=\"0 0 29 30\" fill=\"none\"><path d=\"M1 29H28C27.0638 20.4898 24.8883 15.0426 28 1.3584H1C4.77043 14.8983 1.97006 20.872 1 29Z\" stroke=\"#A58E74\"><\/path><path d=\"M20.2422 21H15.6406V20.4453C15.7656 20.4349 15.9453 20.4193 16.1797 20.3984C16.4193 20.3776 16.5833 20.3464 16.6719 20.3047C16.8281 20.2422 16.9427 20.1484 17.0156 20.0234C17.0885 19.8932 17.125 19.7266 17.125 19.5234V15.5781H11.9141V19.4375C11.9141 19.6198 11.9427 19.7734 12 19.8984C12.0625 20.0234 12.1823 20.1328 12.3594 20.2266C12.4479 20.2734 12.6042 20.3203 12.8281 20.3672C13.0573 20.4141 13.237 20.4401 13.3672 20.4453V21H8.76562V20.4453C8.89062 20.4349 9.07031 20.4193 9.30469 20.3984C9.54427 20.3776 9.70833 20.3464 9.79688 20.3047C9.95312 20.2422 10.0677 20.1484 10.1406 20.0234C10.2135 19.8932 10.25 19.7266 10.25 19.5234V11.5234C10.25 11.3568 10.2161 11.2057 10.1484 11.0703C10.0807 10.9297 9.96354 10.8203 9.79688 10.7422C9.65625 10.6745 9.48438 10.6146 9.28125 10.5625C9.08333 10.5104 8.91146 10.4792 8.76562 10.4688V9.91406H13.3672V10.4688C13.2214 10.474 13.0417 10.4974 12.8281 10.5391C12.6198 10.5807 12.4635 10.6198 12.3594 10.6562C12.1823 10.7188 12.0625 10.8229 12 10.9688C11.9427 11.1146 11.9141 11.2734 11.9141 11.4453V14.8828H17.125V11.5234C17.125 11.3568 17.0911 11.2057 17.0234 11.0703C16.9557 10.9297 16.8385 10.8203 16.6719 10.7422C16.5312 10.6745 16.3594 10.6146 16.1562 10.5625C15.9583 10.5104 15.7865 10.4792 15.6406 10.4688V9.91406H20.2422V10.4688C20.0964 10.474 19.9167 10.4974 19.7031 10.5391C19.4948 10.5807 19.3385 10.6198 19.2344 10.6562C19.0573 10.7188 18.9375 10.8229 18.875 10.9688C18.8177 11.1146 18.7891 11.2734 18.7891 11.4453V19.4375C18.7891 19.6198 18.8177 19.7734 18.875 19.8984C18.9375 20.0234 19.0573 20.1328 19.2344 20.2266C19.3229 20.2734 19.4792 20.3203 19.7031 20.3672C19.9323 20.4141 20.112 20.4401 20.2422 20.4453V21Z\" fill=\"#A58E74\"><\/path><\/svg>\t\t\t\t<\/span>\n\t\t\t<\/div>\n\t\t\t\n\t\t\t\t\t\t<div class=\"elementor-icon-box-content\">\n\n\t\t\t\t\t\t\t\t\t<h3 class=\"elementor-icon-box-title\">\n\t\t\t\t\t\t<span  >\n\t\t\t\t\t\t\tHistoria\t\t\t\t\t\t<\/span>\n\t\t\t\t\t<\/h3>\n\t\t\t\t\n\t\t\t\t\n\t\t\t<\/div>\n\t\t\t\n\t\t<\/div>\n\t\t\t\t\t\t<\/div>\n\t\t\t\t<\/div>\n\t\t\t\t\t<\/div>\n\t\t<\/div>\n\t\t\t\t<div class=\"elementor-column elementor-col-33 elementor-inner-column elementor-element elementor-element-67c9a8c\" data-id=\"67c9a8c\" data-element_type=\"column\">\n\t\t\t<div class=\"elementor-widget-wrap elementor-element-populated\">\n\t\t\t\t\t\t<div class=\"elementor-element elementor-element-2d987a3 elementor-mobile-position-left elementor-view-default elementor-position-top elementor-widget elementor-widget-icon-box\" data-id=\"2d987a3\" data-element_type=\"widget\" data-widget_type=\"icon-box.default\">\n\t\t\t\t<div class=\"elementor-widget-container\">\n\t\t\t\t\t\t\t<div class=\"elementor-icon-box-wrapper\">\n\n\t\t\t\t\t\t<div class=\"elementor-icon-box-icon\">\n\t\t\t\t<span  class=\"elementor-icon\">\n\t\t\t\t<svg xmlns=\"http:\/\/www.w3.org\/2000\/svg\" width=\"43\" height=\"45\" viewbox=\"0 0 43 45\" fill=\"none\"><path d=\"M19.6895 2.24768L40.5704 14.0793\" stroke=\"#A58E74\"><\/path><path d=\"M6.30566 22.8238L29.7967 36.1343\" stroke=\"#A58E74\"><\/path><path d=\"M35.7845 11.3675C30.5349 23.2953 26.9209 29.5468 19.5161 40.0788\" stroke=\"#A58E74\"><\/path><path d=\"M24.474 4.95872C16.543 15.1875 13.0789 21.5338 8.20555 33.67\" stroke=\"#A58E74\"><\/path><rect x=\"14.9908\" y=\"6.4816\" width=\"28\" height=\"2\" transform=\"rotate(29.5369 14.9908 6.4816)\" fill=\"#FFFBF5\"><\/rect><rect x=\"5.62415\" y=\"23.0123\" width=\"28\" height=\"2\" transform=\"rotate(29.5369 5.62415 23.0123)\" fill=\"#FFFBF5\"><\/rect><path d=\"M28.1293 38.063L5.5083 25.2454\" stroke=\"#A58E74\"><\/path><path d=\"M41.0634 13.2093C40.3125 15.6668 39.5655 17.8957 38.7868 19.9649M23.809 43.6606C31.3869 34.9832 35.3891 28.9938 38.7868 19.9649M15.4259 6.72809C24.4414 11.7706 29.5441 14.6883 38.7868 19.9649M38.7868 19.9649L37.8606 22.3135L13.7584 8.65669\" stroke=\"#A58E74\"><\/path><path d=\"M2.92805 31.829C7.1867 18.4164 10.7676 11.6277 20.1825 1.37765\" stroke=\"#A58E74\"><\/path><path d=\"M3.42102 30.959L24.3019 42.7906\" stroke=\"#A58E74\"><\/path><\/svg>\t\t\t\t<\/span>\n\t\t\t<\/div>\n\t\t\t\n\t\t\t\t\t\t<div class=\"elementor-icon-box-content\">\n\n\t\t\t\t\t\t\t\t\t<h3 class=\"elementor-icon-box-title\">\n\t\t\t\t\t\t<span  >\n\t\t\t\t\t\t\tBodegas\t\t\t\t\t\t<\/span>\n\t\t\t\t\t<\/h3>\n\t\t\t\t\n\t\t\t\t\n\t\t\t<\/div>\n\t\t\t\n\t\t<\/div>\n\t\t\t\t\t\t<\/div>\n\t\t\t\t<\/div>\n\t\t\t\t\t<\/div>\n\t\t<\/div>\n\t\t\t\t<div class=\"elementor-column elementor-col-33 elementor-inner-column elementor-element elementor-element-0ac3588\" data-id=\"0ac3588\" data-element_type=\"column\">\n\t\t\t<div class=\"elementor-widget-wrap elementor-element-populated\">\n\t\t\t\t\t\t<div class=\"elementor-element elementor-element-6ce0ca9 elementor-mobile-position-left elementor-view-default elementor-position-top elementor-widget elementor-widget-icon-box\" data-id=\"6ce0ca9\" data-element_type=\"widget\" data-widget_type=\"icon-box.default\">\n\t\t\t\t<div class=\"elementor-widget-container\">\n\t\t\t\t\t\t\t<div class=\"elementor-icon-box-wrapper\">\n\n\t\t\t\t\t\t<div class=\"elementor-icon-box-icon\">\n\t\t\t\t<span  class=\"elementor-icon\">\n\t\t\t\t<svg xmlns=\"http:\/\/www.w3.org\/2000\/svg\" width=\"32\" height=\"48\" viewbox=\"0 0 32 48\" fill=\"none\"><path d=\"M4.43091 1.01468H27.4309\" stroke=\"#A58E74\"><\/path><path d=\"M3.93091 47.0147H27.9309\" stroke=\"#A58E74\"><\/path><path d=\"M15.9309 47.0147V36.0147\" stroke=\"#A58E74\"><\/path><path d=\"M4.93093 1.01469C4.93093 1.01469 4.93092 0.0147038 1.43093 14.5147C-2.06907 29.0147 16.9309 31.0147 15.9309 37.0147\" stroke=\"#A58E74\"><\/path><path d=\"M26.9698 1.02936C26.9698 1.02936 26.9698 0.0297842 30.47 14.5239C33.9702 29.0179 14.9691 31.0171 15.9691 37.0147\" stroke=\"#A58E74\"><\/path><path d=\"M2 22.5C13.4977 25.4021 19.5844 25.174 30 22.5\" stroke=\"#A58E74\"><\/path><\/svg>\t\t\t\t<\/span>\n\t\t\t<\/div>\n\t\t\t\n\t\t\t\t\t\t<div class=\"elementor-icon-box-content\">\n\n\t\t\t\t\t\t\t\t\t<h3 class=\"elementor-icon-box-title\">\n\t\t\t\t\t\t<span  >\n\t\t\t\t\t\t\tCultura\t\t\t\t\t\t<\/span>\n\t\t\t\t\t<\/h3>\n\t\t\t\t\n\t\t\t\t\n\t\t\t<\/div>\n\t\t\t\n\t\t<\/div>\n\t\t\t\t\t\t<\/div>\n\t\t\t\t<\/div>\n\t\t\t\t\t<\/div>\n\t\t<\/div>\n\t\t\t\t\t<\/div>\n\t\t<\/section>\n\t\t\t\t<section class=\"elementor-section elementor-inner-section elementor-element elementor-element-6c5b57c elementor-hidden-desktop elementor-hidden-laptop elementor-section-boxed elementor-section-height-default elementor-section-height-default\" data-id=\"6c5b57c\" data-element_type=\"section\">\n\t\t\t\t\t\t<div class=\"elementor-container elementor-column-gap-default\">\n\t\t\t\t\t<div class=\"elementor-column elementor-col-33 elementor-inner-column elementor-element elementor-element-7f3ec76\" data-id=\"7f3ec76\" data-element_type=\"column\">\n\t\t\t<div class=\"elementor-widget-wrap elementor-element-populated\">\n\t\t\t\t\t\t<div class=\"elementor-element elementor-element-1194700 elementor-mobile-align-center elementor-align-center elementor-icon-list--layout-traditional elementor-list-item-link-full_width elementor-widget elementor-widget-icon-list\" data-id=\"1194700\" data-element_type=\"widget\" data-widget_type=\"icon-list.default\">\n\t\t\t\t<div class=\"elementor-widget-container\">\n\t\t\t\t\t\t\t<ul class=\"elementor-icon-list-items\">\n\t\t\t\t\t\t\t<li class=\"elementor-icon-list-item\">\n\t\t\t\t\t\t\t\t\t\t\t<span class=\"elementor-icon-list-icon\">\n\t\t\t\t\t\t\t<svg xmlns=\"http:\/\/www.w3.org\/2000\/svg\" width=\"29\" height=\"30\" viewbox=\"0 0 29 30\" fill=\"none\"><path d=\"M1 29H28C27.0638 20.4898 24.8883 15.0426 28 1.3584H1C4.77043 14.8983 1.97006 20.872 1 29Z\" stroke=\"#A58E74\"><\/path><path d=\"M20.2422 21H15.6406V20.4453C15.7656 20.4349 15.9453 20.4193 16.1797 20.3984C16.4193 20.3776 16.5833 20.3464 16.6719 20.3047C16.8281 20.2422 16.9427 20.1484 17.0156 20.0234C17.0885 19.8932 17.125 19.7266 17.125 19.5234V15.5781H11.9141V19.4375C11.9141 19.6198 11.9427 19.7734 12 19.8984C12.0625 20.0234 12.1823 20.1328 12.3594 20.2266C12.4479 20.2734 12.6042 20.3203 12.8281 20.3672C13.0573 20.4141 13.237 20.4401 13.3672 20.4453V21H8.76562V20.4453C8.89062 20.4349 9.07031 20.4193 9.30469 20.3984C9.54427 20.3776 9.70833 20.3464 9.79688 20.3047C9.95312 20.2422 10.0677 20.1484 10.1406 20.0234C10.2135 19.8932 10.25 19.7266 10.25 19.5234V11.5234C10.25 11.3568 10.2161 11.2057 10.1484 11.0703C10.0807 10.9297 9.96354 10.8203 9.79688 10.7422C9.65625 10.6745 9.48438 10.6146 9.28125 10.5625C9.08333 10.5104 8.91146 10.4792 8.76562 10.4688V9.91406H13.3672V10.4688C13.2214 10.474 13.0417 10.4974 12.8281 10.5391C12.6198 10.5807 12.4635 10.6198 12.3594 10.6562C12.1823 10.7188 12.0625 10.8229 12 10.9688C11.9427 11.1146 11.9141 11.2734 11.9141 11.4453V14.8828H17.125V11.5234C17.125 11.3568 17.0911 11.2057 17.0234 11.0703C16.9557 10.9297 16.8385 10.8203 16.6719 10.7422C16.5312 10.6745 16.3594 10.6146 16.1562 10.5625C15.9583 10.5104 15.7865 10.4792 15.6406 10.4688V9.91406H20.2422V10.4688C20.0964 10.474 19.9167 10.4974 19.7031 10.5391C19.4948 10.5807 19.3385 10.6198 19.2344 10.6562C19.0573 10.7188 18.9375 10.8229 18.875 10.9688C18.8177 11.1146 18.7891 11.2734 18.7891 11.4453V19.4375C18.7891 19.6198 18.8177 19.7734 18.875 19.8984C18.9375 20.0234 19.0573 20.1328 19.2344 20.2266C19.3229 20.2734 19.4792 20.3203 19.7031 20.3672C19.9323 20.4141 20.112 20.4401 20.2422 20.4453V21Z\" fill=\"#A58E74\"><\/path><\/svg>\t\t\t\t\t\t<\/span>\n\t\t\t\t\t\t\t\t\t\t<span class=\"elementor-icon-list-text\">Historia<\/span>\n\t\t\t\t\t\t\t\t\t<\/li>\n\t\t\t\t\t\t<\/ul>\n\t\t\t\t\t\t<\/div>\n\t\t\t\t<\/div>\n\t\t\t\t\t<\/div>\n\t\t<\/div>\n\t\t\t\t<div class=\"elementor-column elementor-col-33 elementor-inner-column elementor-element elementor-element-baf4d7a\" data-id=\"baf4d7a\" data-element_type=\"column\">\n\t\t\t<div class=\"elementor-widget-wrap elementor-element-populated\">\n\t\t\t\t\t\t<div class=\"elementor-element elementor-element-f1129ab elementor-mobile-align-center elementor-align-center elementor-icon-list--layout-traditional elementor-list-item-link-full_width elementor-widget elementor-widget-icon-list\" data-id=\"f1129ab\" data-element_type=\"widget\" data-widget_type=\"icon-list.default\">\n\t\t\t\t<div class=\"elementor-widget-container\">\n\t\t\t\t\t\t\t<ul class=\"elementor-icon-list-items\">\n\t\t\t\t\t\t\t<li class=\"elementor-icon-list-item\">\n\t\t\t\t\t\t\t\t\t\t\t<span class=\"elementor-icon-list-icon\">\n\t\t\t\t\t\t\t<svg xmlns=\"http:\/\/www.w3.org\/2000\/svg\" width=\"43\" height=\"45\" viewbox=\"0 0 43 45\" fill=\"none\"><path d=\"M19.6895 2.24768L40.5704 14.0793\" stroke=\"#A58E74\"><\/path><path d=\"M6.30566 22.8238L29.7967 36.1343\" stroke=\"#A58E74\"><\/path><path d=\"M35.7845 11.3675C30.5349 23.2953 26.9209 29.5468 19.5161 40.0788\" stroke=\"#A58E74\"><\/path><path d=\"M24.474 4.95872C16.543 15.1875 13.0789 21.5338 8.20555 33.67\" stroke=\"#A58E74\"><\/path><rect x=\"14.9908\" y=\"6.4816\" width=\"28\" height=\"2\" transform=\"rotate(29.5369 14.9908 6.4816)\" fill=\"#FFFBF5\"><\/rect><rect x=\"5.62415\" y=\"23.0123\" width=\"28\" height=\"2\" transform=\"rotate(29.5369 5.62415 23.0123)\" fill=\"#FFFBF5\"><\/rect><path d=\"M28.1293 38.063L5.5083 25.2454\" stroke=\"#A58E74\"><\/path><path d=\"M41.0634 13.2093C40.3125 15.6668 39.5655 17.8957 38.7868 19.9649M23.809 43.6606C31.3869 34.9832 35.3891 28.9938 38.7868 19.9649M15.4259 6.72809C24.4414 11.7706 29.5441 14.6883 38.7868 19.9649M38.7868 19.9649L37.8606 22.3135L13.7584 8.65669\" stroke=\"#A58E74\"><\/path><path d=\"M2.92805 31.829C7.1867 18.4164 10.7676 11.6277 20.1825 1.37765\" stroke=\"#A58E74\"><\/path><path d=\"M3.42102 30.959L24.3019 42.7906\" stroke=\"#A58E74\"><\/path><\/svg>\t\t\t\t\t\t<\/span>\n\t\t\t\t\t\t\t\t\t\t<span class=\"elementor-icon-list-text\">Bodegas<\/span>\n\t\t\t\t\t\t\t\t\t<\/li>\n\t\t\t\t\t\t<\/ul>\n\t\t\t\t\t\t<\/div>\n\t\t\t\t<\/div>\n\t\t\t\t\t<\/div>\n\t\t<\/div>\n\t\t\t\t<div class=\"elementor-column elementor-col-33 elementor-inner-column elementor-element elementor-element-64a6f05\" data-id=\"64a6f05\" data-element_type=\"column\">\n\t\t\t<div class=\"elementor-widget-wrap elementor-element-populated\">\n\t\t\t\t\t\t<div class=\"elementor-element elementor-element-aa10047 elementor-mobile-align-center elementor-align-center elementor-icon-list--layout-traditional elementor-list-item-link-full_width elementor-widget elementor-widget-icon-list\" data-id=\"aa10047\" data-element_type=\"widget\" data-widget_type=\"icon-list.default\">\n\t\t\t\t<div class=\"elementor-widget-container\">\n\t\t\t\t\t\t\t<ul class=\"elementor-icon-list-items\">\n\t\t\t\t\t\t\t<li class=\"elementor-icon-list-item\">\n\t\t\t\t\t\t\t\t\t\t\t<span class=\"elementor-icon-list-icon\">\n\t\t\t\t\t\t\t<svg xmlns=\"http:\/\/www.w3.org\/2000\/svg\" width=\"32\" height=\"48\" viewbox=\"0 0 32 48\" fill=\"none\"><path d=\"M4.43091 1.01468H27.4309\" stroke=\"#A58E74\"><\/path><path d=\"M3.93091 47.0147H27.9309\" stroke=\"#A58E74\"><\/path><path d=\"M15.9309 47.0147V36.0147\" stroke=\"#A58E74\"><\/path><path d=\"M4.93093 1.01469C4.93093 1.01469 4.93092 0.0147038 1.43093 14.5147C-2.06907 29.0147 16.9309 31.0147 15.9309 37.0147\" stroke=\"#A58E74\"><\/path><path d=\"M26.9698 1.02936C26.9698 1.02936 26.9698 0.0297842 30.47 14.5239C33.9702 29.0179 14.9691 31.0171 15.9691 37.0147\" stroke=\"#A58E74\"><\/path><path d=\"M2 22.5C13.4977 25.4021 19.5844 25.174 30 22.5\" stroke=\"#A58E74\"><\/path><\/svg>\t\t\t\t\t\t<\/span>\n\t\t\t\t\t\t\t\t\t\t<span class=\"elementor-icon-list-text\">Cultura<\/span>\n\t\t\t\t\t\t\t\t\t<\/li>\n\t\t\t\t\t\t<\/ul>\n\t\t\t\t\t\t<\/div>\n\t\t\t\t<\/div>\n\t\t\t\t\t<\/div>\n\t\t<\/div>\n\t\t\t\t\t<\/div>\n\t\t<\/section>\n\t\t\t\t\t<\/div>\n\t\t<\/div>\n\t\t\t\t<div class=\"elementor-column elementor-col-50 elementor-top-column elementor-element elementor-element-cc00450\" data-id=\"cc00450\" data-element_type=\"column\">\n\t\t\t<div class=\"elementor-widget-wrap elementor-element-populated\">\n\t\t\t\t\t\t<div class=\"elementor-element elementor-element-bb8e29e elementor-widget elementor-widget-spacer\" data-id=\"bb8e29e\" data-element_type=\"widget\" data-widget_type=\"spacer.default\">\n\t\t\t\t<div class=\"elementor-widget-container\">\n\t\t\t\t\t\t\t<div class=\"elementor-spacer\">\n\t\t\t<div class=\"elementor-spacer-inner\"><\/div>\n\t\t<\/div>\n\t\t\t\t\t\t<\/div>\n\t\t\t\t<\/div>\n\t\t\t\t<div class=\"elementor-element elementor-element-f852d31 elementor-widget elementor-widget-image\" data-id=\"f852d31\" data-element_type=\"widget\" data-widget_type=\"image.default\">\n\t\t\t\t<div class=\"elementor-widget-container\">\n\t\t\t\t\t\t\t\t\t\t\t\t\t\t\t<img fetchpriority=\"high\" decoding=\"async\" width=\"768\" height=\"503\" src=\"https:\/\/casadeltrotamundos.com\/wp-content\/uploads\/2023\/05\/toro-1-768x503.jpg\" class=\"attachment-medium_large size-medium_large wp-image-3457\" alt=\"\" srcset=\"https:\/\/casadeltrotamundos.com\/wp-content\/uploads\/2023\/05\/toro-1-768x503.jpg 768w, https:\/\/casadeltrotamundos.com\/wp-content\/uploads\/2023\/05\/toro-1-300x196.jpg 300w, https:\/\/casadeltrotamundos.com\/wp-content\/uploads\/2023\/05\/toro-1.jpg 900w\" sizes=\"(max-width: 768px) 100vw, 768px\" \/>\t\t\t\t\t\t\t\t\t\t\t\t\t\t\t<\/div>\n\t\t\t\t<\/div>\n\t\t\t\t<div class=\"elementor-element elementor-element-baba8bf elementor-widget elementor-widget-spacer\" data-id=\"baba8bf\" data-element_type=\"widget\" data-widget_type=\"spacer.default\">\n\t\t\t\t<div class=\"elementor-widget-container\">\n\t\t\t\t\t\t\t<div class=\"elementor-spacer\">\n\t\t\t<div class=\"elementor-spacer-inner\"><\/div>\n\t\t<\/div>\n\t\t\t\t\t\t<\/div>\n\t\t\t\t<\/div>\n\t\t\t\t<section class=\"elementor-section elementor-inner-section elementor-element elementor-element-ba6991f elementor-section-boxed elementor-section-height-default elementor-section-height-default\" data-id=\"ba6991f\" data-element_type=\"section\">\n\t\t\t\t\t\t<div class=\"elementor-container elementor-column-gap-default\">\n\t\t\t\t\t<div class=\"elementor-column elementor-col-33 elementor-inner-column elementor-element elementor-element-e83c81d\" data-id=\"e83c81d\" data-element_type=\"column\">\n\t\t\t<div class=\"elementor-widget-wrap\">\n\t\t\t\t\t\t\t<\/div>\n\t\t<\/div>\n\t\t\t\t<div class=\"elementor-column elementor-col-33 elementor-inner-column elementor-element elementor-element-8af842a\" data-id=\"8af842a\" data-element_type=\"column\">\n\t\t\t<div class=\"elementor-widget-wrap elementor-element-populated\">\n\t\t\t\t\t\t<div class=\"elementor-element elementor-element-0639ddf elementor-view-framed elementor-shape-circle elementor-position-top elementor-mobile-position-top elementor-widget elementor-widget-icon-box\" data-id=\"0639ddf\" data-element_type=\"widget\" data-widget_type=\"icon-box.default\">\n\t\t\t\t<div class=\"elementor-widget-container\">\n\t\t\t\t\t\t\t<div class=\"elementor-icon-box-wrapper\">\n\n\t\t\t\t\t\t<div class=\"elementor-icon-box-icon\">\n\t\t\t\t<a href=\"https:\/\/www.rutavinotoro.com\/\" target=\"_blank\" class=\"elementor-icon elementor-animation-pulse\" tabindex=\"-1\" aria-label=\"Ruta del Vino \" rel=\"noopener\">\n\t\t\t\t<svg xmlns=\"http:\/\/www.w3.org\/2000\/svg\" width=\"46\" height=\"46\" viewbox=\"0 0 46 46\" fill=\"none\"><circle cx=\"23\" cy=\"23\" r=\"22.5\" stroke=\"#A58E74\"><\/circle><path d=\"M33.5 23C33.5 29.2935 32.2789 34.9666 30.3271 39.0477C28.3578 43.1654 25.7344 45.5 23 45.5C20.2656 45.5 17.6422 43.1654 15.6729 39.0477C13.7211 34.9666 12.5 29.2935 12.5 23C12.5 16.7065 13.7211 11.0334 15.6729 6.95227C17.6422 2.83457 20.2656 0.5 23 0.5C25.7344 0.5 28.3578 2.83457 30.3271 6.95227C32.2789 11.0334 33.5 16.7065 33.5 23Z\" stroke=\"#A58E74\"><\/path><path d=\"M45.5 23.5C28.212 33.5839 18.0054 34.7463 0.5 24\" stroke=\"#A58E74\"><\/path><\/svg>\t\t\t\t<\/a>\n\t\t\t<\/div>\n\t\t\t\n\t\t\t\t\t\t<div class=\"elementor-icon-box-content\">\n\n\t\t\t\t\t\t\t\t\t<h3 class=\"elementor-icon-box-title\">\n\t\t\t\t\t\t<a href=\"https:\/\/www.rutavinotoro.com\/\" target=\"_blank\" rel=\"noopener\">\n\t\t\t\t\t\t\tRuta del Vino \t\t\t\t\t\t<\/a>\n\t\t\t\t\t<\/h3>\n\t\t\t\t\n\t\t\t\t\n\t\t\t<\/div>\n\t\t\t\n\t\t<\/div>\n\t\t\t\t\t\t<\/div>\n\t\t\t\t<\/div>\n\t\t\t\t\t<\/div>\n\t\t<\/div>\n\t\t\t\t<div class=\"elementor-column elementor-col-33 elementor-inner-column elementor-element elementor-element-7d5dd8e\" data-id=\"7d5dd8e\" data-element_type=\"column\">\n\t\t\t<div class=\"elementor-widget-wrap\">\n\t\t\t\t\t\t\t<\/div>\n\t\t<\/div>\n\t\t\t\t\t<\/div>\n\t\t<\/section>\n\t\t\t\t<div class=\"elementor-element elementor-element-ec6a0d2 elementor-widget elementor-widget-spacer\" data-id=\"ec6a0d2\" data-element_type=\"widget\" data-widget_type=\"spacer.default\">\n\t\t\t\t<div class=\"elementor-widget-container\">\n\t\t\t\t\t\t\t<div class=\"elementor-spacer\">\n\t\t\t<div class=\"elementor-spacer-inner\"><\/div>\n\t\t<\/div>\n\t\t\t\t\t\t<\/div>\n\t\t\t\t<\/div>\n\t\t\t\t\t<\/div>\n\t\t<\/div>\n\t\t\t\t\t<\/div>\n\t\t<\/section>\n\t\t\t\t<\/div>","protected":false},"excerpt":{"rendered":"<p>Entorno D.O. Toro La D.O. Toro es sin\u00f3nimo de vinos audaces y apasionados que capturan la esencia de la regi\u00f3n vin\u00edcola de Castilla y Le\u00f3n, en el noroeste de Espa\u00f1a. Esta denominaci\u00f3n, con siglos de historia vitivin\u00edcola, se ha convertido en un referente para los amantes del vino que buscan experiencias aut\u00e9nticas y vinos de [&hellip;]<\/p>\n","protected":false},"author":1,"featured_media":0,"parent":0,"menu_order":0,"comment_status":"closed","ping_status":"closed","template":"","meta":{"footnotes":""},"class_list":["post-3367","page","type-page","status-publish","hentry"],"_links":{"self":[{"href":"https:\/\/casadeltrotamundos.com\/en\/wp-json\/wp\/v2\/pages\/3367","targetHints":{"allow":["GET"]}}],"collection":[{"href":"https:\/\/casadeltrotamundos.com\/en\/wp-json\/wp\/v2\/pages"}],"about":[{"href":"https:\/\/casadeltrotamundos.com\/en\/wp-json\/wp\/v2\/types\/page"}],"author":[{"embeddable":true,"href":"https:\/\/casadeltrotamundos.com\/en\/wp-json\/wp\/v2\/users\/1"}],"replies":[{"embeddable":true,"href":"https:\/\/casadeltrotamundos.com\/en\/wp-json\/wp\/v2\/comments?post=3367"}],"version-history":[{"count":51,"href":"https:\/\/casadeltrotamundos.com\/en\/wp-json\/wp\/v2\/pages\/3367\/revisions"}],"predecessor-version":[{"id":5685,"href":"https:\/\/casadeltrotamundos.com\/en\/wp-json\/wp\/v2\/pages\/3367\/revisions\/5685"}],"wp:attachment":[{"href":"https:\/\/casadeltrotamundos.com\/en\/wp-json\/wp\/v2\/media?parent=3367"}],"curies":[{"name":"wp","href":"https:\/\/api.w.org\/{rel}","templated":true}]}}