{"id":3362,"date":"2023-05-21T08:23:26","date_gmt":"2023-05-21T08:23:26","guid":{"rendered":"https:\/\/casadeltrotamundos.com\/?page_id=3362"},"modified":"2023-06-05T16:37:23","modified_gmt":"2023-06-05T16:37:23","slug":"d-o-rivera-de-duero","status":"publish","type":"page","link":"https:\/\/casadeltrotamundos.com\/en\/entorno\/d-o-rivera-de-duero\/","title":{"rendered":"D.O. Ribera del Duero"},"content":{"rendered":"<div data-elementor-type=\"wp-page\" data-elementor-id=\"3362\" class=\"elementor elementor-3362\" data-elementor-post-type=\"page\">\n\t\t\t\t\t\t<section class=\"elementor-section elementor-top-section elementor-element elementor-element-6ab4c58 elementor-section-content-middle elementor-section-full_width elementor-section-height-min-height elementor-section-height-default elementor-section-items-middle\" data-id=\"6ab4c58\" data-element_type=\"section\" data-settings=\"{&quot;background_background&quot;:&quot;classic&quot;}\">\n\t\t\t\t\t\t<div class=\"elementor-container elementor-column-gap-default\">\n\t\t\t\t\t<div class=\"elementor-column elementor-col-100 elementor-top-column elementor-element elementor-element-1bc4415\" data-id=\"1bc4415\" data-element_type=\"column\">\n\t\t\t<div class=\"elementor-widget-wrap elementor-element-populated\">\n\t\t\t\t\t\t<div class=\"elementor-element elementor-element-8f0897f elementor-widget elementor-widget-heading\" data-id=\"8f0897f\" data-element_type=\"widget\" data-widget_type=\"heading.default\">\n\t\t\t\t<div class=\"elementor-widget-container\">\n\t\t\t\t\t<p class=\"elementor-heading-title elementor-size-default\">Environment<\/p>\t\t\t\t<\/div>\n\t\t\t\t<\/div>\n\t\t\t\t\t<\/div>\n\t\t<\/div>\n\t\t\t\t\t<\/div>\n\t\t<\/section>\n\t\t\t\t<section class=\"elementor-section elementor-top-section elementor-element elementor-element-c11516b elementor-section-boxed elementor-section-height-default elementor-section-height-default\" data-id=\"c11516b\" data-element_type=\"section\" data-settings=\"{&quot;background_background&quot;:&quot;classic&quot;}\">\n\t\t\t\t\t\t<div class=\"elementor-container elementor-column-gap-default\">\n\t\t\t\t\t<div class=\"elementor-column elementor-col-50 elementor-top-column elementor-element elementor-element-c5790af\" data-id=\"c5790af\" data-element_type=\"column\">\n\t\t\t<div class=\"elementor-widget-wrap elementor-element-populated\">\n\t\t\t\t\t\t<div class=\"elementor-element elementor-element-90cbb72 elementor-widget elementor-widget-spacer\" data-id=\"90cbb72\" data-element_type=\"widget\" data-widget_type=\"spacer.default\">\n\t\t\t\t<div class=\"elementor-widget-container\">\n\t\t\t\t\t\t\t<div class=\"elementor-spacer\">\n\t\t\t<div class=\"elementor-spacer-inner\"><\/div>\n\t\t<\/div>\n\t\t\t\t\t\t<\/div>\n\t\t\t\t<\/div>\n\t\t\t\t<div class=\"elementor-element elementor-element-5632640 elementor-widget elementor-widget-heading\" data-id=\"5632640\" data-element_type=\"widget\" data-widget_type=\"heading.default\">\n\t\t\t\t<div class=\"elementor-widget-container\">\n\t\t\t\t\t<h2 class=\"elementor-heading-title elementor-size-default\">D.O. Ribera del Duero<\/h2>\t\t\t\t<\/div>\n\t\t\t\t<\/div>\n\t\t\t\t<div class=\"elementor-element elementor-element-9177ff4 elementor-widget-divider--view-line elementor-widget elementor-widget-divider\" data-id=\"9177ff4\" data-element_type=\"widget\" data-widget_type=\"divider.default\">\n\t\t\t\t<div class=\"elementor-widget-container\">\n\t\t\t\t\t\t\t<div class=\"elementor-divider\">\n\t\t\t<span class=\"elementor-divider-separator\">\n\t\t\t\t\t\t<\/span>\n\t\t<\/div>\n\t\t\t\t\t\t<\/div>\n\t\t\t\t<\/div>\n\t\t\t\t<div class=\"elementor-element elementor-element-67aee72 elementor-widget elementor-widget-text-editor\" data-id=\"67aee72\" data-element_type=\"widget\" data-widget_type=\"text-editor.default\">\n\t\t\t\t<div class=\"elementor-widget-container\">\n\t\t\t\t\t\t\t\t\t<p>The <strong>D.O. Ribera del Duero<\/strong> es un tesoro vin\u00edcola que cautiva a los amantes del buen vino en todo el mundo. Situada en la regi\u00f3n vin\u00edcola de <strong>Castilla y Le\u00f3n<\/strong>, esta denominaci\u00f3n es reconocida por sus vinos tintos de alta calidad y prestigio internacional.<\/p><p>Los vi\u00f1edos de la Ribera del Duero se extienden a lo largo de la cuenca del r\u00edo Duero, benefici\u00e1ndose de un clima continental extremo y suelos diversos, lo que confiere a sus vinos un car\u00e1cter \u00fanico y distintivo. La variedad de uva m\u00e1s emblem\u00e1tica de la regi\u00f3n es <strong>Tempranillo<\/strong>, conocida localmente como Tinta del Pa\u00eds, que aporta elegancia, estructura y potencial de envejecimiento a los vinos.<\/p>\t\t\t\t\t\t\t\t<\/div>\n\t\t\t\t<\/div>\n\t\t\t\t<section class=\"elementor-section elementor-inner-section elementor-element elementor-element-06f905d elementor-section-full_width elementor-hidden-tablet elementor-hidden-mobile elementor-section-height-default elementor-section-height-default\" data-id=\"06f905d\" data-element_type=\"section\">\n\t\t\t\t\t\t<div class=\"elementor-container elementor-column-gap-default\">\n\t\t\t\t\t<div class=\"elementor-column elementor-col-33 elementor-inner-column elementor-element elementor-element-52ac667\" data-id=\"52ac667\" data-element_type=\"column\">\n\t\t\t<div class=\"elementor-widget-wrap elementor-element-populated\">\n\t\t\t\t\t\t<div class=\"elementor-element elementor-element-4e0528d elementor-mobile-position-left elementor-view-default elementor-position-top elementor-widget elementor-widget-icon-box\" data-id=\"4e0528d\" data-element_type=\"widget\" data-widget_type=\"icon-box.default\">\n\t\t\t\t<div class=\"elementor-widget-container\">\n\t\t\t\t\t\t\t<div class=\"elementor-icon-box-wrapper\">\n\n\t\t\t\t\t\t<div class=\"elementor-icon-box-icon\">\n\t\t\t\t<span  class=\"elementor-icon\">\n\t\t\t\t<svg xmlns=\"http:\/\/www.w3.org\/2000\/svg\" width=\"29\" height=\"30\" viewbox=\"0 0 29 30\" fill=\"none\"><path d=\"M1 29H28C27.0638 20.4898 24.8883 15.0426 28 1.3584H1C4.77043 14.8983 1.97006 20.872 1 29Z\" stroke=\"#A58E74\"><\/path><path d=\"M20.2422 21H15.6406V20.4453C15.7656 20.4349 15.9453 20.4193 16.1797 20.3984C16.4193 20.3776 16.5833 20.3464 16.6719 20.3047C16.8281 20.2422 16.9427 20.1484 17.0156 20.0234C17.0885 19.8932 17.125 19.7266 17.125 19.5234V15.5781H11.9141V19.4375C11.9141 19.6198 11.9427 19.7734 12 19.8984C12.0625 20.0234 12.1823 20.1328 12.3594 20.2266C12.4479 20.2734 12.6042 20.3203 12.8281 20.3672C13.0573 20.4141 13.237 20.4401 13.3672 20.4453V21H8.76562V20.4453C8.89062 20.4349 9.07031 20.4193 9.30469 20.3984C9.54427 20.3776 9.70833 20.3464 9.79688 20.3047C9.95312 20.2422 10.0677 20.1484 10.1406 20.0234C10.2135 19.8932 10.25 19.7266 10.25 19.5234V11.5234C10.25 11.3568 10.2161 11.2057 10.1484 11.0703C10.0807 10.9297 9.96354 10.8203 9.79688 10.7422C9.65625 10.6745 9.48438 10.6146 9.28125 10.5625C9.08333 10.5104 8.91146 10.4792 8.76562 10.4688V9.91406H13.3672V10.4688C13.2214 10.474 13.0417 10.4974 12.8281 10.5391C12.6198 10.5807 12.4635 10.6198 12.3594 10.6562C12.1823 10.7188 12.0625 10.8229 12 10.9688C11.9427 11.1146 11.9141 11.2734 11.9141 11.4453V14.8828H17.125V11.5234C17.125 11.3568 17.0911 11.2057 17.0234 11.0703C16.9557 10.9297 16.8385 10.8203 16.6719 10.7422C16.5312 10.6745 16.3594 10.6146 16.1562 10.5625C15.9583 10.5104 15.7865 10.4792 15.6406 10.4688V9.91406H20.2422V10.4688C20.0964 10.474 19.9167 10.4974 19.7031 10.5391C19.4948 10.5807 19.3385 10.6198 19.2344 10.6562C19.0573 10.7188 18.9375 10.8229 18.875 10.9688C18.8177 11.1146 18.7891 11.2734 18.7891 11.4453V19.4375C18.7891 19.6198 18.8177 19.7734 18.875 19.8984C18.9375 20.0234 19.0573 20.1328 19.2344 20.2266C19.3229 20.2734 19.4792 20.3203 19.7031 20.3672C19.9323 20.4141 20.112 20.4401 20.2422 20.4453V21Z\" fill=\"#A58E74\"><\/path><\/svg>\t\t\t\t<\/span>\n\t\t\t<\/div>\n\t\t\t\n\t\t\t\t\t\t<div class=\"elementor-icon-box-content\">\n\n\t\t\t\t\t\t\t\t\t<h3 class=\"elementor-icon-box-title\">\n\t\t\t\t\t\t<span  >\n\t\t\t\t\t\t\tHistoria\t\t\t\t\t\t<\/span>\n\t\t\t\t\t<\/h3>\n\t\t\t\t\n\t\t\t\t\n\t\t\t<\/div>\n\t\t\t\n\t\t<\/div>\n\t\t\t\t\t\t<\/div>\n\t\t\t\t<\/div>\n\t\t\t\t\t<\/div>\n\t\t<\/div>\n\t\t\t\t<div class=\"elementor-column elementor-col-33 elementor-inner-column elementor-element elementor-element-c523fbb\" data-id=\"c523fbb\" data-element_type=\"column\">\n\t\t\t<div class=\"elementor-widget-wrap elementor-element-populated\">\n\t\t\t\t\t\t<div class=\"elementor-element elementor-element-b914e86 elementor-mobile-position-left elementor-view-default elementor-position-top elementor-widget elementor-widget-icon-box\" data-id=\"b914e86\" data-element_type=\"widget\" data-widget_type=\"icon-box.default\">\n\t\t\t\t<div class=\"elementor-widget-container\">\n\t\t\t\t\t\t\t<div class=\"elementor-icon-box-wrapper\">\n\n\t\t\t\t\t\t<div class=\"elementor-icon-box-icon\">\n\t\t\t\t<span  class=\"elementor-icon\">\n\t\t\t\t<svg xmlns=\"http:\/\/www.w3.org\/2000\/svg\" width=\"43\" height=\"45\" viewbox=\"0 0 43 45\" fill=\"none\"><path d=\"M19.6895 2.24768L40.5704 14.0793\" stroke=\"#A58E74\"><\/path><path d=\"M6.30566 22.8238L29.7967 36.1343\" stroke=\"#A58E74\"><\/path><path d=\"M35.7845 11.3675C30.5349 23.2953 26.9209 29.5468 19.5161 40.0788\" stroke=\"#A58E74\"><\/path><path d=\"M24.474 4.95872C16.543 15.1875 13.0789 21.5338 8.20555 33.67\" stroke=\"#A58E74\"><\/path><rect x=\"14.9908\" y=\"6.4816\" width=\"28\" height=\"2\" transform=\"rotate(29.5369 14.9908 6.4816)\" fill=\"#FFFBF5\"><\/rect><rect x=\"5.62415\" y=\"23.0123\" width=\"28\" height=\"2\" transform=\"rotate(29.5369 5.62415 23.0123)\" fill=\"#FFFBF5\"><\/rect><path d=\"M28.1293 38.063L5.5083 25.2454\" stroke=\"#A58E74\"><\/path><path d=\"M41.0634 13.2093C40.3125 15.6668 39.5655 17.8957 38.7868 19.9649M23.809 43.6606C31.3869 34.9832 35.3891 28.9938 38.7868 19.9649M15.4259 6.72809C24.4414 11.7706 29.5441 14.6883 38.7868 19.9649M38.7868 19.9649L37.8606 22.3135L13.7584 8.65669\" stroke=\"#A58E74\"><\/path><path d=\"M2.92805 31.829C7.1867 18.4164 10.7676 11.6277 20.1825 1.37765\" stroke=\"#A58E74\"><\/path><path d=\"M3.42102 30.959L24.3019 42.7906\" stroke=\"#A58E74\"><\/path><\/svg>\t\t\t\t<\/span>\n\t\t\t<\/div>\n\t\t\t\n\t\t\t\t\t\t<div class=\"elementor-icon-box-content\">\n\n\t\t\t\t\t\t\t\t\t<h3 class=\"elementor-icon-box-title\">\n\t\t\t\t\t\t<span  >\n\t\t\t\t\t\t\tBodegas\t\t\t\t\t\t<\/span>\n\t\t\t\t\t<\/h3>\n\t\t\t\t\n\t\t\t\t\n\t\t\t<\/div>\n\t\t\t\n\t\t<\/div>\n\t\t\t\t\t\t<\/div>\n\t\t\t\t<\/div>\n\t\t\t\t\t<\/div>\n\t\t<\/div>\n\t\t\t\t<div class=\"elementor-column elementor-col-33 elementor-inner-column elementor-element elementor-element-a637cdb\" data-id=\"a637cdb\" data-element_type=\"column\">\n\t\t\t<div class=\"elementor-widget-wrap elementor-element-populated\">\n\t\t\t\t\t\t<div class=\"elementor-element elementor-element-86ad173 elementor-mobile-position-left elementor-view-default elementor-position-top elementor-widget elementor-widget-icon-box\" data-id=\"86ad173\" data-element_type=\"widget\" data-widget_type=\"icon-box.default\">\n\t\t\t\t<div class=\"elementor-widget-container\">\n\t\t\t\t\t\t\t<div class=\"elementor-icon-box-wrapper\">\n\n\t\t\t\t\t\t<div class=\"elementor-icon-box-icon\">\n\t\t\t\t<span  class=\"elementor-icon\">\n\t\t\t\t<svg xmlns=\"http:\/\/www.w3.org\/2000\/svg\" width=\"32\" height=\"48\" viewbox=\"0 0 32 48\" fill=\"none\"><path d=\"M4.43091 1.01468H27.4309\" stroke=\"#A58E74\"><\/path><path d=\"M3.93091 47.0147H27.9309\" stroke=\"#A58E74\"><\/path><path d=\"M15.9309 47.0147V36.0147\" stroke=\"#A58E74\"><\/path><path d=\"M4.93093 1.01469C4.93093 1.01469 4.93092 0.0147038 1.43093 14.5147C-2.06907 29.0147 16.9309 31.0147 15.9309 37.0147\" stroke=\"#A58E74\"><\/path><path d=\"M26.9698 1.02936C26.9698 1.02936 26.9698 0.0297842 30.47 14.5239C33.9702 29.0179 14.9691 31.0171 15.9691 37.0147\" stroke=\"#A58E74\"><\/path><path d=\"M2 22.5C13.4977 25.4021 19.5844 25.174 30 22.5\" stroke=\"#A58E74\"><\/path><\/svg>\t\t\t\t<\/span>\n\t\t\t<\/div>\n\t\t\t\n\t\t\t\t\t\t<div class=\"elementor-icon-box-content\">\n\n\t\t\t\t\t\t\t\t\t<h3 class=\"elementor-icon-box-title\">\n\t\t\t\t\t\t<span  >\n\t\t\t\t\t\t\tCultura\t\t\t\t\t\t<\/span>\n\t\t\t\t\t<\/h3>\n\t\t\t\t\n\t\t\t\t\n\t\t\t<\/div>\n\t\t\t\n\t\t<\/div>\n\t\t\t\t\t\t<\/div>\n\t\t\t\t<\/div>\n\t\t\t\t\t<\/div>\n\t\t<\/div>\n\t\t\t\t\t<\/div>\n\t\t<\/section>\n\t\t\t\t<section class=\"elementor-section elementor-inner-section elementor-element elementor-element-a036b3f elementor-hidden-desktop elementor-hidden-laptop elementor-section-boxed elementor-section-height-default elementor-section-height-default\" data-id=\"a036b3f\" data-element_type=\"section\">\n\t\t\t\t\t\t<div class=\"elementor-container elementor-column-gap-default\">\n\t\t\t\t\t<div class=\"elementor-column elementor-col-33 elementor-inner-column elementor-element elementor-element-36865e3\" data-id=\"36865e3\" data-element_type=\"column\">\n\t\t\t<div class=\"elementor-widget-wrap elementor-element-populated\">\n\t\t\t\t\t\t<div class=\"elementor-element elementor-element-cff9f2b elementor-mobile-align-center elementor-align-center elementor-icon-list--layout-traditional elementor-list-item-link-full_width elementor-widget elementor-widget-icon-list\" data-id=\"cff9f2b\" data-element_type=\"widget\" data-widget_type=\"icon-list.default\">\n\t\t\t\t<div class=\"elementor-widget-container\">\n\t\t\t\t\t\t\t<ul class=\"elementor-icon-list-items\">\n\t\t\t\t\t\t\t<li class=\"elementor-icon-list-item\">\n\t\t\t\t\t\t\t\t\t\t\t<span class=\"elementor-icon-list-icon\">\n\t\t\t\t\t\t\t<svg xmlns=\"http:\/\/www.w3.org\/2000\/svg\" width=\"29\" height=\"30\" viewbox=\"0 0 29 30\" fill=\"none\"><path d=\"M1 29H28C27.0638 20.4898 24.8883 15.0426 28 1.3584H1C4.77043 14.8983 1.97006 20.872 1 29Z\" stroke=\"#A58E74\"><\/path><path d=\"M20.2422 21H15.6406V20.4453C15.7656 20.4349 15.9453 20.4193 16.1797 20.3984C16.4193 20.3776 16.5833 20.3464 16.6719 20.3047C16.8281 20.2422 16.9427 20.1484 17.0156 20.0234C17.0885 19.8932 17.125 19.7266 17.125 19.5234V15.5781H11.9141V19.4375C11.9141 19.6198 11.9427 19.7734 12 19.8984C12.0625 20.0234 12.1823 20.1328 12.3594 20.2266C12.4479 20.2734 12.6042 20.3203 12.8281 20.3672C13.0573 20.4141 13.237 20.4401 13.3672 20.4453V21H8.76562V20.4453C8.89062 20.4349 9.07031 20.4193 9.30469 20.3984C9.54427 20.3776 9.70833 20.3464 9.79688 20.3047C9.95312 20.2422 10.0677 20.1484 10.1406 20.0234C10.2135 19.8932 10.25 19.7266 10.25 19.5234V11.5234C10.25 11.3568 10.2161 11.2057 10.1484 11.0703C10.0807 10.9297 9.96354 10.8203 9.79688 10.7422C9.65625 10.6745 9.48438 10.6146 9.28125 10.5625C9.08333 10.5104 8.91146 10.4792 8.76562 10.4688V9.91406H13.3672V10.4688C13.2214 10.474 13.0417 10.4974 12.8281 10.5391C12.6198 10.5807 12.4635 10.6198 12.3594 10.6562C12.1823 10.7188 12.0625 10.8229 12 10.9688C11.9427 11.1146 11.9141 11.2734 11.9141 11.4453V14.8828H17.125V11.5234C17.125 11.3568 17.0911 11.2057 17.0234 11.0703C16.9557 10.9297 16.8385 10.8203 16.6719 10.7422C16.5312 10.6745 16.3594 10.6146 16.1562 10.5625C15.9583 10.5104 15.7865 10.4792 15.6406 10.4688V9.91406H20.2422V10.4688C20.0964 10.474 19.9167 10.4974 19.7031 10.5391C19.4948 10.5807 19.3385 10.6198 19.2344 10.6562C19.0573 10.7188 18.9375 10.8229 18.875 10.9688C18.8177 11.1146 18.7891 11.2734 18.7891 11.4453V19.4375C18.7891 19.6198 18.8177 19.7734 18.875 19.8984C18.9375 20.0234 19.0573 20.1328 19.2344 20.2266C19.3229 20.2734 19.4792 20.3203 19.7031 20.3672C19.9323 20.4141 20.112 20.4401 20.2422 20.4453V21Z\" fill=\"#A58E74\"><\/path><\/svg>\t\t\t\t\t\t<\/span>\n\t\t\t\t\t\t\t\t\t\t<span class=\"elementor-icon-list-text\">Historia<\/span>\n\t\t\t\t\t\t\t\t\t<\/li>\n\t\t\t\t\t\t<\/ul>\n\t\t\t\t\t\t<\/div>\n\t\t\t\t<\/div>\n\t\t\t\t\t<\/div>\n\t\t<\/div>\n\t\t\t\t<div class=\"elementor-column elementor-col-33 elementor-inner-column elementor-element elementor-element-4fc7bd6\" data-id=\"4fc7bd6\" data-element_type=\"column\">\n\t\t\t<div class=\"elementor-widget-wrap elementor-element-populated\">\n\t\t\t\t\t\t<div class=\"elementor-element elementor-element-79be75f elementor-mobile-align-center elementor-align-center elementor-icon-list--layout-traditional elementor-list-item-link-full_width elementor-widget elementor-widget-icon-list\" data-id=\"79be75f\" data-element_type=\"widget\" data-widget_type=\"icon-list.default\">\n\t\t\t\t<div class=\"elementor-widget-container\">\n\t\t\t\t\t\t\t<ul class=\"elementor-icon-list-items\">\n\t\t\t\t\t\t\t<li class=\"elementor-icon-list-item\">\n\t\t\t\t\t\t\t\t\t\t\t<span class=\"elementor-icon-list-icon\">\n\t\t\t\t\t\t\t<svg xmlns=\"http:\/\/www.w3.org\/2000\/svg\" width=\"43\" height=\"45\" viewbox=\"0 0 43 45\" fill=\"none\"><path d=\"M19.6895 2.24768L40.5704 14.0793\" stroke=\"#A58E74\"><\/path><path d=\"M6.30566 22.8238L29.7967 36.1343\" stroke=\"#A58E74\"><\/path><path d=\"M35.7845 11.3675C30.5349 23.2953 26.9209 29.5468 19.5161 40.0788\" stroke=\"#A58E74\"><\/path><path d=\"M24.474 4.95872C16.543 15.1875 13.0789 21.5338 8.20555 33.67\" stroke=\"#A58E74\"><\/path><rect x=\"14.9908\" y=\"6.4816\" width=\"28\" height=\"2\" transform=\"rotate(29.5369 14.9908 6.4816)\" fill=\"#FFFBF5\"><\/rect><rect x=\"5.62415\" y=\"23.0123\" width=\"28\" height=\"2\" transform=\"rotate(29.5369 5.62415 23.0123)\" fill=\"#FFFBF5\"><\/rect><path d=\"M28.1293 38.063L5.5083 25.2454\" stroke=\"#A58E74\"><\/path><path d=\"M41.0634 13.2093C40.3125 15.6668 39.5655 17.8957 38.7868 19.9649M23.809 43.6606C31.3869 34.9832 35.3891 28.9938 38.7868 19.9649M15.4259 6.72809C24.4414 11.7706 29.5441 14.6883 38.7868 19.9649M38.7868 19.9649L37.8606 22.3135L13.7584 8.65669\" stroke=\"#A58E74\"><\/path><path d=\"M2.92805 31.829C7.1867 18.4164 10.7676 11.6277 20.1825 1.37765\" stroke=\"#A58E74\"><\/path><path d=\"M3.42102 30.959L24.3019 42.7906\" stroke=\"#A58E74\"><\/path><\/svg>\t\t\t\t\t\t<\/span>\n\t\t\t\t\t\t\t\t\t\t<span class=\"elementor-icon-list-text\">Bodegas<\/span>\n\t\t\t\t\t\t\t\t\t<\/li>\n\t\t\t\t\t\t<\/ul>\n\t\t\t\t\t\t<\/div>\n\t\t\t\t<\/div>\n\t\t\t\t\t<\/div>\n\t\t<\/div>\n\t\t\t\t<div class=\"elementor-column elementor-col-33 elementor-inner-column elementor-element elementor-element-8cbc257\" data-id=\"8cbc257\" data-element_type=\"column\">\n\t\t\t<div class=\"elementor-widget-wrap elementor-element-populated\">\n\t\t\t\t\t\t<div class=\"elementor-element elementor-element-5296eb4 elementor-mobile-align-center elementor-align-center elementor-icon-list--layout-traditional elementor-list-item-link-full_width elementor-widget elementor-widget-icon-list\" data-id=\"5296eb4\" data-element_type=\"widget\" data-widget_type=\"icon-list.default\">\n\t\t\t\t<div class=\"elementor-widget-container\">\n\t\t\t\t\t\t\t<ul class=\"elementor-icon-list-items\">\n\t\t\t\t\t\t\t<li class=\"elementor-icon-list-item\">\n\t\t\t\t\t\t\t\t\t\t\t<span class=\"elementor-icon-list-icon\">\n\t\t\t\t\t\t\t<svg xmlns=\"http:\/\/www.w3.org\/2000\/svg\" width=\"32\" height=\"48\" viewbox=\"0 0 32 48\" fill=\"none\"><path d=\"M4.43091 1.01468H27.4309\" stroke=\"#A58E74\"><\/path><path d=\"M3.93091 47.0147H27.9309\" stroke=\"#A58E74\"><\/path><path d=\"M15.9309 47.0147V36.0147\" stroke=\"#A58E74\"><\/path><path d=\"M4.93093 1.01469C4.93093 1.01469 4.93092 0.0147038 1.43093 14.5147C-2.06907 29.0147 16.9309 31.0147 15.9309 37.0147\" stroke=\"#A58E74\"><\/path><path d=\"M26.9698 1.02936C26.9698 1.02936 26.9698 0.0297842 30.47 14.5239C33.9702 29.0179 14.9691 31.0171 15.9691 37.0147\" stroke=\"#A58E74\"><\/path><path d=\"M2 22.5C13.4977 25.4021 19.5844 25.174 30 22.5\" stroke=\"#A58E74\"><\/path><\/svg>\t\t\t\t\t\t<\/span>\n\t\t\t\t\t\t\t\t\t\t<span class=\"elementor-icon-list-text\">Cultura<\/span>\n\t\t\t\t\t\t\t\t\t<\/li>\n\t\t\t\t\t\t<\/ul>\n\t\t\t\t\t\t<\/div>\n\t\t\t\t<\/div>\n\t\t\t\t\t<\/div>\n\t\t<\/div>\n\t\t\t\t\t<\/div>\n\t\t<\/section>\n\t\t\t\t\t<\/div>\n\t\t<\/div>\n\t\t\t\t<div class=\"elementor-column elementor-col-50 elementor-top-column elementor-element elementor-element-9cbfdad\" data-id=\"9cbfdad\" data-element_type=\"column\">\n\t\t\t<div class=\"elementor-widget-wrap elementor-element-populated\">\n\t\t\t\t\t\t<div class=\"elementor-element elementor-element-9ad5c0c elementor-widget elementor-widget-spacer\" data-id=\"9ad5c0c\" data-element_type=\"widget\" data-widget_type=\"spacer.default\">\n\t\t\t\t<div class=\"elementor-widget-container\">\n\t\t\t\t\t\t\t<div class=\"elementor-spacer\">\n\t\t\t<div class=\"elementor-spacer-inner\"><\/div>\n\t\t<\/div>\n\t\t\t\t\t\t<\/div>\n\t\t\t\t<\/div>\n\t\t\t\t<div class=\"elementor-element elementor-element-b98cd97 elementor-widget elementor-widget-image\" data-id=\"b98cd97\" data-element_type=\"widget\" data-widget_type=\"image.default\">\n\t\t\t\t<div class=\"elementor-widget-container\">\n\t\t\t\t\t\t\t\t\t\t\t\t\t\t\t<img fetchpriority=\"high\" decoding=\"async\" width=\"768\" height=\"432\" src=\"https:\/\/casadeltrotamundos.com\/wp-content\/uploads\/2023\/05\/vinedos-ribera-del-duero-768x432.jpg\" class=\"attachment-medium_large size-medium_large wp-image-3431\" alt=\"Vi\u00f1edos con D.O. Ribera de Duero\" srcset=\"https:\/\/casadeltrotamundos.com\/wp-content\/uploads\/2023\/05\/vinedos-ribera-del-duero-768x432.jpg 768w, https:\/\/casadeltrotamundos.com\/wp-content\/uploads\/2023\/05\/vinedos-ribera-del-duero-300x169.jpg 300w, https:\/\/casadeltrotamundos.com\/wp-content\/uploads\/2023\/05\/vinedos-ribera-del-duero.jpg 1024w\" sizes=\"(max-width: 768px) 100vw, 768px\" \/>\t\t\t\t\t\t\t\t\t\t\t\t\t\t\t<\/div>\n\t\t\t\t<\/div>\n\t\t\t\t<div class=\"elementor-element elementor-element-0d5edc5 elementor-widget elementor-widget-spacer\" data-id=\"0d5edc5\" data-element_type=\"widget\" data-widget_type=\"spacer.default\">\n\t\t\t\t<div class=\"elementor-widget-container\">\n\t\t\t\t\t\t\t<div class=\"elementor-spacer\">\n\t\t\t<div class=\"elementor-spacer-inner\"><\/div>\n\t\t<\/div>\n\t\t\t\t\t\t<\/div>\n\t\t\t\t<\/div>\n\t\t\t\t<section class=\"elementor-section elementor-inner-section elementor-element elementor-element-ee46c2b elementor-section-boxed elementor-section-height-default elementor-section-height-default\" data-id=\"ee46c2b\" data-element_type=\"section\">\n\t\t\t\t\t\t<div class=\"elementor-container elementor-column-gap-default\">\n\t\t\t\t\t<div class=\"elementor-column elementor-col-33 elementor-inner-column elementor-element elementor-element-ddb5156\" data-id=\"ddb5156\" data-element_type=\"column\">\n\t\t\t<div class=\"elementor-widget-wrap\">\n\t\t\t\t\t\t\t<\/div>\n\t\t<\/div>\n\t\t\t\t<div class=\"elementor-column elementor-col-33 elementor-inner-column elementor-element elementor-element-5331f14\" data-id=\"5331f14\" data-element_type=\"column\">\n\t\t\t<div class=\"elementor-widget-wrap elementor-element-populated\">\n\t\t\t\t\t\t<div class=\"elementor-element elementor-element-be29198 elementor-view-framed elementor-shape-circle elementor-position-top elementor-mobile-position-top elementor-widget elementor-widget-icon-box\" data-id=\"be29198\" data-element_type=\"widget\" data-widget_type=\"icon-box.default\">\n\t\t\t\t<div class=\"elementor-widget-container\">\n\t\t\t\t\t\t\t<div class=\"elementor-icon-box-wrapper\">\n\n\t\t\t\t\t\t<div class=\"elementor-icon-box-icon\">\n\t\t\t\t<a href=\"https:\/\/www.rutadelvinoriberadelduero.es\/\" target=\"_blank\" class=\"elementor-icon elementor-animation-pulse\" tabindex=\"-1\" aria-label=\"Ruta del Vino\" rel=\"noopener\">\n\t\t\t\t<svg xmlns=\"http:\/\/www.w3.org\/2000\/svg\" width=\"25\" height=\"20\" viewbox=\"0 0 25 20\" fill=\"none\"><path d=\"M12 3.61566C12.2761 0.590806 15.7304 0.928166 22 1.11566C20.9507 7.27497 21.4779 10.5226 23.5 16.1157C16.9359 16.0732 11.9838 15.3199 12 19.1157C12.1756 15.4185 7.72455 15.9154 1 16.1157C2.42434 10.3798 2.85273 7.11005 2.5 1.11566C9.27098 0.829214 12.0414 1.0918 12 3.61566ZM12 3.61566V13.6157\" stroke=\"#A58E74\"><\/path><\/svg>\t\t\t\t<\/a>\n\t\t\t<\/div>\n\t\t\t\n\t\t\t\t\t\t<div class=\"elementor-icon-box-content\">\n\n\t\t\t\t\t\t\t\t\t<h3 class=\"elementor-icon-box-title\">\n\t\t\t\t\t\t<a href=\"https:\/\/www.rutadelvinoriberadelduero.es\/\" target=\"_blank\" rel=\"noopener\">\n\t\t\t\t\t\t\tRuta del Vino\t\t\t\t\t\t<\/a>\n\t\t\t\t\t<\/h3>\n\t\t\t\t\n\t\t\t\t\n\t\t\t<\/div>\n\t\t\t\n\t\t<\/div>\n\t\t\t\t\t\t<\/div>\n\t\t\t\t<\/div>\n\t\t\t\t\t<\/div>\n\t\t<\/div>\n\t\t\t\t<div class=\"elementor-column elementor-col-33 elementor-inner-column elementor-element elementor-element-fd64e87\" data-id=\"fd64e87\" data-element_type=\"column\">\n\t\t\t<div class=\"elementor-widget-wrap\">\n\t\t\t\t\t\t\t<\/div>\n\t\t<\/div>\n\t\t\t\t\t<\/div>\n\t\t<\/section>\n\t\t\t\t<section class=\"elementor-section elementor-inner-section elementor-element elementor-element-3ac52a9 elementor-section-boxed elementor-section-height-default elementor-section-height-default\" data-id=\"3ac52a9\" data-element_type=\"section\">\n\t\t\t\t\t\t<div class=\"elementor-container elementor-column-gap-wider\">\n\t\t\t\t\t<div class=\"elementor-column elementor-col-100 elementor-inner-column elementor-element elementor-element-550f4d5\" data-id=\"550f4d5\" data-element_type=\"column\">\n\t\t\t<div class=\"elementor-widget-wrap\">\n\t\t\t\t\t\t\t<\/div>\n\t\t<\/div>\n\t\t\t\t\t<\/div>\n\t\t<\/section>\n\t\t\t\t<div class=\"elementor-element elementor-element-0460afd elementor-widget elementor-widget-spacer\" data-id=\"0460afd\" data-element_type=\"widget\" data-widget_type=\"spacer.default\">\n\t\t\t\t<div class=\"elementor-widget-container\">\n\t\t\t\t\t\t\t<div class=\"elementor-spacer\">\n\t\t\t<div class=\"elementor-spacer-inner\"><\/div>\n\t\t<\/div>\n\t\t\t\t\t\t<\/div>\n\t\t\t\t<\/div>\n\t\t\t\t\t<\/div>\n\t\t<\/div>\n\t\t\t\t\t<\/div>\n\t\t<\/section>\n\t\t\t\t<\/div>","protected":false},"excerpt":{"rendered":"<p>Entorno D.O. Ribera del Duero La D.O. Ribera del Duero es un tesoro vin\u00edcola que cautiva a los amantes del buen vino en todo el mundo. Situada en la regi\u00f3n vin\u00edcola de Castilla y Le\u00f3n, esta denominaci\u00f3n es reconocida por sus vinos tintos de alta calidad y prestigio internacional. Los vi\u00f1edos de la Ribera del [&hellip;]<\/p>\n","protected":false},"author":1,"featured_media":0,"parent":391,"menu_order":0,"comment_status":"closed","ping_status":"closed","template":"","meta":{"footnotes":""},"class_list":["post-3362","page","type-page","status-publish","hentry"],"_links":{"self":[{"href":"https:\/\/casadeltrotamundos.com\/en\/wp-json\/wp\/v2\/pages\/3362","targetHints":{"allow":["GET"]}}],"collection":[{"href":"https:\/\/casadeltrotamundos.com\/en\/wp-json\/wp\/v2\/pages"}],"about":[{"href":"https:\/\/casadeltrotamundos.com\/en\/wp-json\/wp\/v2\/types\/page"}],"author":[{"embeddable":true,"href":"https:\/\/casadeltrotamundos.com\/en\/wp-json\/wp\/v2\/users\/1"}],"replies":[{"embeddable":true,"href":"https:\/\/casadeltrotamundos.com\/en\/wp-json\/wp\/v2\/comments?post=3362"}],"version-history":[{"count":57,"href":"https:\/\/casadeltrotamundos.com\/en\/wp-json\/wp\/v2\/pages\/3362\/revisions"}],"predecessor-version":[{"id":5691,"href":"https:\/\/casadeltrotamundos.com\/en\/wp-json\/wp\/v2\/pages\/3362\/revisions\/5691"}],"up":[{"embeddable":true,"href":"https:\/\/casadeltrotamundos.com\/en\/wp-json\/wp\/v2\/pages\/391"}],"wp:attachment":[{"href":"https:\/\/casadeltrotamundos.com\/en\/wp-json\/wp\/v2\/media?parent=3362"}],"curies":[{"name":"wp","href":"https:\/\/api.w.org\/{rel}","templated":true}]}}