{"id":3357,"date":"2023-05-21T08:17:21","date_gmt":"2023-05-21T08:17:21","guid":{"rendered":"https:\/\/casadeltrotamundos.com\/?page_id=3357"},"modified":"2023-06-05T16:22:43","modified_gmt":"2023-06-05T16:22:43","slug":"canal-de-castilla","status":"publish","type":"page","link":"https:\/\/casadeltrotamundos.com\/en\/entorno\/canal-de-castilla\/","title":{"rendered":"Canal de Castilla"},"content":{"rendered":"\t\t<div data-elementor-type=\"wp-page\" data-elementor-id=\"3357\" class=\"elementor elementor-3357\" data-elementor-post-type=\"page\">\n\t\t\t\t\t\t<section class=\"elementor-section elementor-top-section elementor-element elementor-element-79452f8 elementor-section-content-middle elementor-section-full_width elementor-section-height-min-height elementor-section-height-default elementor-section-items-middle\" data-id=\"79452f8\" data-element_type=\"section\" data-e-type=\"section\" data-settings=\"{&quot;background_background&quot;:&quot;classic&quot;}\">\n\t\t\t\t\t\t<div class=\"elementor-container elementor-column-gap-default\">\n\t\t\t\t\t<div class=\"elementor-column elementor-col-100 elementor-top-column elementor-element elementor-element-04e2961\" data-id=\"04e2961\" data-element_type=\"column\" data-e-type=\"column\">\n\t\t\t<div class=\"elementor-widget-wrap elementor-element-populated\">\n\t\t\t\t\t\t<div class=\"elementor-element elementor-element-09aee8e elementor-widget elementor-widget-heading\" data-id=\"09aee8e\" data-element_type=\"widget\" data-e-type=\"widget\" data-widget_type=\"heading.default\">\n\t\t\t\t<div class=\"elementor-widget-container\">\n\t\t\t\t\t<p class=\"elementor-heading-title elementor-size-default\">Entorno<\/p>\t\t\t\t<\/div>\n\t\t\t\t<\/div>\n\t\t\t\t\t<\/div>\n\t\t<\/div>\n\t\t\t\t\t<\/div>\n\t\t<\/section>\n\t\t\t\t<section class=\"elementor-section elementor-top-section elementor-element elementor-element-960b75c elementor-section-boxed elementor-section-height-default elementor-section-height-default\" data-id=\"960b75c\" data-element_type=\"section\" data-e-type=\"section\" data-settings=\"{&quot;background_background&quot;:&quot;classic&quot;}\">\n\t\t\t\t\t\t<div class=\"elementor-container elementor-column-gap-default\">\n\t\t\t\t\t<div class=\"elementor-column elementor-col-50 elementor-top-column elementor-element elementor-element-c6cda1f\" data-id=\"c6cda1f\" data-element_type=\"column\" data-e-type=\"column\">\n\t\t\t<div class=\"elementor-widget-wrap elementor-element-populated\">\n\t\t\t\t\t\t<div class=\"elementor-element elementor-element-c335b52 elementor-widget elementor-widget-spacer\" data-id=\"c335b52\" data-element_type=\"widget\" data-e-type=\"widget\" data-widget_type=\"spacer.default\">\n\t\t\t\t<div class=\"elementor-widget-container\">\n\t\t\t\t\t\t\t<div class=\"elementor-spacer\">\n\t\t\t<div class=\"elementor-spacer-inner\"><\/div>\n\t\t<\/div>\n\t\t\t\t\t\t<\/div>\n\t\t\t\t<\/div>\n\t\t\t\t<div class=\"elementor-element elementor-element-027c920 elementor-widget elementor-widget-heading\" data-id=\"027c920\" data-element_type=\"widget\" data-e-type=\"widget\" data-widget_type=\"heading.default\">\n\t\t\t\t<div class=\"elementor-widget-container\">\n\t\t\t\t\t<h2 class=\"elementor-heading-title elementor-size-default\">Canal de Castilla\n<\/h2>\t\t\t\t<\/div>\n\t\t\t\t<\/div>\n\t\t\t\t<div class=\"elementor-element elementor-element-7ba1c0d elementor-widget-divider--view-line elementor-widget elementor-widget-divider\" data-id=\"7ba1c0d\" data-element_type=\"widget\" data-e-type=\"widget\" data-widget_type=\"divider.default\">\n\t\t\t\t<div class=\"elementor-widget-container\">\n\t\t\t\t\t\t\t<div class=\"elementor-divider\">\n\t\t\t<span class=\"elementor-divider-separator\">\n\t\t\t\t\t\t<\/span>\n\t\t<\/div>\n\t\t\t\t\t\t<\/div>\n\t\t\t\t<\/div>\n\t\t\t\t<div class=\"elementor-element elementor-element-94f3c7f elementor-widget elementor-widget-text-editor\" data-id=\"94f3c7f\" data-element_type=\"widget\" data-e-type=\"widget\" data-widget_type=\"text-editor.default\">\n\t\t\t\t<div class=\"elementor-widget-container\">\n\t\t\t\t\t\t\t\t\t<p>Bienvenido al<strong> Canal de Castilla<\/strong>, una maravilla de ingenier\u00eda que se extiende a lo largo de las tierras de Castilla y Le\u00f3n. Este sistema de canales navegables es un testimonio vivo del legado industrial y agr\u00edcola de la regi\u00f3n.<\/p><div class=\"relative flex w-[calc(100%-50px)] flex-col gap-1 md:gap-3 lg:w-[calc(100%-115px)]\"><div class=\"flex flex-grow flex-col gap-3\"><div class=\"min-h-[20px] flex flex-col items-start gap-4 whitespace-pre-wrap break-words\"><div class=\"markdown prose w-full break-words dark:prose-invert light\"><p>Construido en el <strong>siglo XVIII<\/strong>, el Canal de Castilla fue dise\u00f1ado para transportar mercanc\u00edas, principalmente cereales, a trav\u00e9s de una red de canales interconectados. A lo largo de sus m\u00e1s de <strong>200 kil\u00f3metros<\/strong> de extensi\u00f3n, podr\u00e1s disfrutar de un paseo tranquilo y relajante en barco o caminar por sus pintorescos caminos, admirando las exclusas, acueductos y esclusas que conforman este impresionante sistema hidr\u00e1ulico.<\/p><\/div><\/div><\/div><\/div>\t\t\t\t\t\t\t\t<\/div>\n\t\t\t\t<\/div>\n\t\t\t\t<section class=\"elementor-section elementor-inner-section elementor-element elementor-element-4606ed6 elementor-section-full_width elementor-hidden-tablet elementor-hidden-mobile elementor-section-height-default elementor-section-height-default\" data-id=\"4606ed6\" data-element_type=\"section\" data-e-type=\"section\">\n\t\t\t\t\t\t<div class=\"elementor-container elementor-column-gap-default\">\n\t\t\t\t\t<div class=\"elementor-column elementor-col-33 elementor-inner-column elementor-element elementor-element-7a41943\" data-id=\"7a41943\" data-element_type=\"column\" data-e-type=\"column\">\n\t\t\t<div class=\"elementor-widget-wrap elementor-element-populated\">\n\t\t\t\t\t\t<div class=\"elementor-element elementor-element-f2523d9 elementor-mobile-position-inline-start elementor-view-default elementor-position-block-start elementor-widget elementor-widget-icon-box\" data-id=\"f2523d9\" data-element_type=\"widget\" data-e-type=\"widget\" data-widget_type=\"icon-box.default\">\n\t\t\t\t<div class=\"elementor-widget-container\">\n\t\t\t\t\t\t\t<div class=\"elementor-icon-box-wrapper\">\n\n\t\t\t\t\t\t<div class=\"elementor-icon-box-icon\">\n\t\t\t\t<span  class=\"elementor-icon\">\n\t\t\t\t<svg xmlns=\"http:\/\/www.w3.org\/2000\/svg\" width=\"48\" height=\"36\" viewBox=\"0 0 48 36\" fill=\"none\"><path d=\"M1 35V7.5C1 7.5 9.70972 7.45332 14 7.5C18.2903 7.54668 20.0104 5.71467 21.5 1H35C35.4313 6.79781 38.6886 7.75284 47 7.5V29C46.6671 33.5048 45.3886 34.7295 41.5 35H1Z\" stroke=\"#A58E74\"><\/path><path d=\"M6 13L12 13\" stroke=\"#A58E74\"><\/path><circle cx=\"28\" cy=\"20\" r=\"9.5\" stroke=\"#A58E74\"><\/circle><\/svg>\t\t\t\t<\/span>\n\t\t\t<\/div>\n\t\t\t\n\t\t\t\t\t\t<div class=\"elementor-icon-box-content\">\n\n\t\t\t\t\t\t\t\t\t<h3 class=\"elementor-icon-box-title\">\n\t\t\t\t\t\t<span  >\n\t\t\t\t\t\t\tFotograf\u00edas\t\t\t\t\t\t<\/span>\n\t\t\t\t\t<\/h3>\n\t\t\t\t\n\t\t\t\t\n\t\t\t<\/div>\n\t\t\t\n\t\t<\/div>\n\t\t\t\t\t\t<\/div>\n\t\t\t\t<\/div>\n\t\t\t\t\t<\/div>\n\t\t<\/div>\n\t\t\t\t<div class=\"elementor-column elementor-col-33 elementor-inner-column elementor-element elementor-element-15338f3\" data-id=\"15338f3\" data-element_type=\"column\" data-e-type=\"column\">\n\t\t\t<div class=\"elementor-widget-wrap elementor-element-populated\">\n\t\t\t\t\t\t<div class=\"elementor-element elementor-element-ca0fcc5 elementor-mobile-position-inline-start elementor-view-default elementor-position-block-start elementor-widget elementor-widget-icon-box\" data-id=\"ca0fcc5\" data-element_type=\"widget\" data-e-type=\"widget\" data-widget_type=\"icon-box.default\">\n\t\t\t\t<div class=\"elementor-widget-container\">\n\t\t\t\t\t\t\t<div class=\"elementor-icon-box-wrapper\">\n\n\t\t\t\t\t\t<div class=\"elementor-icon-box-icon\">\n\t\t\t\t<span  class=\"elementor-icon\">\n\t\t\t\t<svg xmlns=\"http:\/\/www.w3.org\/2000\/svg\" width=\"31\" height=\"48\" viewBox=\"0 0 31 48\" fill=\"none\"><path d=\"M1 22L4.5 12\" stroke=\"#A58E74\"><\/path><path d=\"M30.5 14L29.5 20\" stroke=\"#A58E74\"><\/path><path d=\"M28.5 26L24.5 47.5\" stroke=\"#A58E74\"><\/path><path d=\"M10.5 35C7 35 4.5 40.5 4.5 48\" stroke=\"#A58E74\"><\/path><path d=\"M29.5 23H22.5C20.2561 22.5766 18.5 22 17.5 19C16.5 16 16.5 13 16.5 13C12.4922 12.5423 10 13 8.5 16.5C7 20 4.5 27.5 4.5 27.5L14.5 33C14.5698 43.3982 16 46.5 19.5 47\" stroke=\"#A58E74\"><\/path><path d=\"M16.47 9.44886C15.5635 9.01326 14.5951 8.35151 13.8411 7.53418C13.029 6.65385 12.5 5.63291 12.5 4.54545C12.5 3.40007 12.8795 2.39076 13.5494 1.67234C14.215 0.958676 15.1964 0.5 16.4698 0.5C17.744 0.5 18.7424 0.959351 19.4237 1.67587C20.1086 2.39611 20.5 3.40495 20.5 4.54545C20.5 5.62893 19.9597 6.64889 19.1317 7.53102C18.3634 8.34955 17.3801 9.01245 16.47 9.44886Z\" stroke=\"#A58E74\"><\/path><\/svg>\t\t\t\t<\/span>\n\t\t\t<\/div>\n\t\t\t\n\t\t\t\t\t\t<div class=\"elementor-icon-box-content\">\n\n\t\t\t\t\t\t\t\t\t<h3 class=\"elementor-icon-box-title\">\n\t\t\t\t\t\t<span  >\n\t\t\t\t\t\t\tRutas\t\t\t\t\t\t<\/span>\n\t\t\t\t\t<\/h3>\n\t\t\t\t\n\t\t\t\t\n\t\t\t<\/div>\n\t\t\t\n\t\t<\/div>\n\t\t\t\t\t\t<\/div>\n\t\t\t\t<\/div>\n\t\t\t\t\t<\/div>\n\t\t<\/div>\n\t\t\t\t<div class=\"elementor-column elementor-col-33 elementor-inner-column elementor-element elementor-element-0b3bc9a\" data-id=\"0b3bc9a\" data-element_type=\"column\" data-e-type=\"column\">\n\t\t\t<div class=\"elementor-widget-wrap elementor-element-populated\">\n\t\t\t\t\t\t<div class=\"elementor-element elementor-element-bddfeef elementor-mobile-position-inline-start elementor-view-default elementor-position-block-start elementor-widget elementor-widget-icon-box\" data-id=\"bddfeef\" data-element_type=\"widget\" data-e-type=\"widget\" data-widget_type=\"icon-box.default\">\n\t\t\t\t<div class=\"elementor-widget-container\">\n\t\t\t\t\t\t\t<div class=\"elementor-icon-box-wrapper\">\n\n\t\t\t\t\t\t<div class=\"elementor-icon-box-icon\">\n\t\t\t\t<span  class=\"elementor-icon\">\n\t\t\t\t<svg xmlns=\"http:\/\/www.w3.org\/2000\/svg\" width=\"50\" height=\"48\" viewBox=\"0 0 50 48\" fill=\"none\"><path d=\"M12 20.5V7H38V20\" stroke=\"#A58E74\"><\/path><path d=\"M25 0V7\" stroke=\"#A58E74\"><\/path><path d=\"M1 47C4.59435 46.2729 5.93545 44.9905 7 41C10.8892 46.9216 15.112 46.378 19 41C24.0397 47.3494 26.3214 46.591 31 41C35.7772 46.5335 38.368 47.104 43 41C43.4977 44.6636 44.6221 46.1131 49 47\" stroke=\"#A58E74\"><\/path><path d=\"M25 12V38\" stroke=\"#A58E74\"><\/path><path d=\"M25 12C25 17 14.0176 19.0624 6 23C10.5398 29.0991 11.7878 32.3768 12 38\" stroke=\"#A58E74\"><\/path><path d=\"M25 12C25 17 35.9824 19.0624 44 23C39.4602 29.0991 38.2122 32.3768 38 38\" stroke=\"#A58E74\"><\/path><\/svg>\t\t\t\t<\/span>\n\t\t\t<\/div>\n\t\t\t\n\t\t\t\t\t\t<div class=\"elementor-icon-box-content\">\n\n\t\t\t\t\t\t\t\t\t<h3 class=\"elementor-icon-box-title\">\n\t\t\t\t\t\t<span  >\n\t\t\t\t\t\t\tBarco tur\u00edstico\t\t\t\t\t\t<\/span>\n\t\t\t\t\t<\/h3>\n\t\t\t\t\n\t\t\t\t\n\t\t\t<\/div>\n\t\t\t\n\t\t<\/div>\n\t\t\t\t\t\t<\/div>\n\t\t\t\t<\/div>\n\t\t\t\t\t<\/div>\n\t\t<\/div>\n\t\t\t\t\t<\/div>\n\t\t<\/section>\n\t\t\t\t<section class=\"elementor-section elementor-inner-section elementor-element elementor-element-7f2a8df elementor-hidden-desktop elementor-hidden-laptop elementor-section-boxed elementor-section-height-default elementor-section-height-default\" data-id=\"7f2a8df\" data-element_type=\"section\" data-e-type=\"section\">\n\t\t\t\t\t\t<div class=\"elementor-container elementor-column-gap-default\">\n\t\t\t\t\t<div class=\"elementor-column elementor-col-100 elementor-inner-column elementor-element elementor-element-be868c9\" data-id=\"be868c9\" data-element_type=\"column\" data-e-type=\"column\">\n\t\t\t<div class=\"elementor-widget-wrap elementor-element-populated\">\n\t\t\t\t\t\t<div class=\"elementor-element elementor-element-2501c3d elementor-mobile-align-center elementor-align-center elementor-icon-list--layout-traditional elementor-list-item-link-full_width elementor-widget elementor-widget-icon-list\" data-id=\"2501c3d\" data-element_type=\"widget\" data-e-type=\"widget\" data-widget_type=\"icon-list.default\">\n\t\t\t\t<div class=\"elementor-widget-container\">\n\t\t\t\t\t\t\t<ul class=\"elementor-icon-list-items\">\n\t\t\t\t\t\t\t<li class=\"elementor-icon-list-item\">\n\t\t\t\t\t\t\t\t\t\t\t<span class=\"elementor-icon-list-icon\">\n\t\t\t\t\t\t\t<svg xmlns=\"http:\/\/www.w3.org\/2000\/svg\" width=\"48\" height=\"36\" viewBox=\"0 0 48 36\" fill=\"none\"><path d=\"M1 35V7.5C1 7.5 9.70972 7.45332 14 7.5C18.2903 7.54668 20.0104 5.71467 21.5 1H35C35.4313 6.79781 38.6886 7.75284 47 7.5V29C46.6671 33.5048 45.3886 34.7295 41.5 35H1Z\" stroke=\"#A58E74\"><\/path><path d=\"M6 13L12 13\" stroke=\"#A58E74\"><\/path><circle cx=\"28\" cy=\"20\" r=\"9.5\" stroke=\"#A58E74\"><\/circle><\/svg>\t\t\t\t\t\t<\/span>\n\t\t\t\t\t\t\t\t\t\t<span class=\"elementor-icon-list-text\">Fotograf\u00edas<\/span>\n\t\t\t\t\t\t\t\t\t<\/li>\n\t\t\t\t\t\t<\/ul>\n\t\t\t\t\t\t<\/div>\n\t\t\t\t<\/div>\n\t\t\t\t<div class=\"elementor-element elementor-element-635cab6 elementor-mobile-align-center elementor-align-center elementor-icon-list--layout-traditional elementor-list-item-link-full_width elementor-widget elementor-widget-icon-list\" data-id=\"635cab6\" data-element_type=\"widget\" data-e-type=\"widget\" data-widget_type=\"icon-list.default\">\n\t\t\t\t<div class=\"elementor-widget-container\">\n\t\t\t\t\t\t\t<ul class=\"elementor-icon-list-items\">\n\t\t\t\t\t\t\t<li class=\"elementor-icon-list-item\">\n\t\t\t\t\t\t\t\t\t\t\t<span class=\"elementor-icon-list-icon\">\n\t\t\t\t\t\t\t<svg xmlns=\"http:\/\/www.w3.org\/2000\/svg\" width=\"31\" height=\"48\" viewBox=\"0 0 31 48\" fill=\"none\"><path d=\"M1 22L4.5 12\" stroke=\"#A58E74\"><\/path><path d=\"M30.5 14L29.5 20\" stroke=\"#A58E74\"><\/path><path d=\"M28.5 26L24.5 47.5\" stroke=\"#A58E74\"><\/path><path d=\"M10.5 35C7 35 4.5 40.5 4.5 48\" stroke=\"#A58E74\"><\/path><path d=\"M29.5 23H22.5C20.2561 22.5766 18.5 22 17.5 19C16.5 16 16.5 13 16.5 13C12.4922 12.5423 10 13 8.5 16.5C7 20 4.5 27.5 4.5 27.5L14.5 33C14.5698 43.3982 16 46.5 19.5 47\" stroke=\"#A58E74\"><\/path><path d=\"M16.47 9.44886C15.5635 9.01326 14.5951 8.35151 13.8411 7.53418C13.029 6.65385 12.5 5.63291 12.5 4.54545C12.5 3.40007 12.8795 2.39076 13.5494 1.67234C14.215 0.958676 15.1964 0.5 16.4698 0.5C17.744 0.5 18.7424 0.959351 19.4237 1.67587C20.1086 2.39611 20.5 3.40495 20.5 4.54545C20.5 5.62893 19.9597 6.64889 19.1317 7.53102C18.3634 8.34955 17.3801 9.01245 16.47 9.44886Z\" stroke=\"#A58E74\"><\/path><\/svg>\t\t\t\t\t\t<\/span>\n\t\t\t\t\t\t\t\t\t\t<span class=\"elementor-icon-list-text\">Rutas<\/span>\n\t\t\t\t\t\t\t\t\t<\/li>\n\t\t\t\t\t\t<\/ul>\n\t\t\t\t\t\t<\/div>\n\t\t\t\t<\/div>\n\t\t\t\t<div class=\"elementor-element elementor-element-fe13567 elementor-mobile-align-center elementor-align-center elementor-icon-list--layout-traditional elementor-list-item-link-full_width elementor-widget elementor-widget-icon-list\" data-id=\"fe13567\" data-element_type=\"widget\" data-e-type=\"widget\" data-widget_type=\"icon-list.default\">\n\t\t\t\t<div class=\"elementor-widget-container\">\n\t\t\t\t\t\t\t<ul class=\"elementor-icon-list-items\">\n\t\t\t\t\t\t\t<li class=\"elementor-icon-list-item\">\n\t\t\t\t\t\t\t\t\t\t\t<span class=\"elementor-icon-list-icon\">\n\t\t\t\t\t\t\t<svg xmlns=\"http:\/\/www.w3.org\/2000\/svg\" width=\"50\" height=\"48\" viewBox=\"0 0 50 48\" fill=\"none\"><path d=\"M12 20.5V7H38V20\" stroke=\"#A58E74\"><\/path><path d=\"M25 0V7\" stroke=\"#A58E74\"><\/path><path d=\"M1 47C4.59435 46.2729 5.93545 44.9905 7 41C10.8892 46.9216 15.112 46.378 19 41C24.0397 47.3494 26.3214 46.591 31 41C35.7772 46.5335 38.368 47.104 43 41C43.4977 44.6636 44.6221 46.1131 49 47\" stroke=\"#A58E74\"><\/path><path d=\"M25 12V38\" stroke=\"#A58E74\"><\/path><path d=\"M25 12C25 17 14.0176 19.0624 6 23C10.5398 29.0991 11.7878 32.3768 12 38\" stroke=\"#A58E74\"><\/path><path d=\"M25 12C25 17 35.9824 19.0624 44 23C39.4602 29.0991 38.2122 32.3768 38 38\" stroke=\"#A58E74\"><\/path><\/svg>\t\t\t\t\t\t<\/span>\n\t\t\t\t\t\t\t\t\t\t<span class=\"elementor-icon-list-text\">Barco tur\u00edstico<\/span>\n\t\t\t\t\t\t\t\t\t<\/li>\n\t\t\t\t\t\t<\/ul>\n\t\t\t\t\t\t<\/div>\n\t\t\t\t<\/div>\n\t\t\t\t\t<\/div>\n\t\t<\/div>\n\t\t\t\t\t<\/div>\n\t\t<\/section>\n\t\t\t\t\t<\/div>\n\t\t<\/div>\n\t\t\t\t<div class=\"elementor-column elementor-col-50 elementor-top-column elementor-element elementor-element-6195891\" data-id=\"6195891\" data-element_type=\"column\" data-e-type=\"column\">\n\t\t\t<div class=\"elementor-widget-wrap elementor-element-populated\">\n\t\t\t\t\t\t<div class=\"elementor-element elementor-element-348b278 elementor-widget elementor-widget-spacer\" data-id=\"348b278\" data-element_type=\"widget\" data-e-type=\"widget\" data-widget_type=\"spacer.default\">\n\t\t\t\t<div class=\"elementor-widget-container\">\n\t\t\t\t\t\t\t<div class=\"elementor-spacer\">\n\t\t\t<div class=\"elementor-spacer-inner\"><\/div>\n\t\t<\/div>\n\t\t\t\t\t\t<\/div>\n\t\t\t\t<\/div>\n\t\t\t\t<div class=\"elementor-element elementor-element-9e018d9 elementor-widget elementor-widget-image\" data-id=\"9e018d9\" data-element_type=\"widget\" data-e-type=\"widget\" data-widget_type=\"image.default\">\n\t\t\t\t<div class=\"elementor-widget-container\">\n\t\t\t\t\t\t\t\t\t\t\t\t\t\t\t<img fetchpriority=\"high\" decoding=\"async\" width=\"768\" height=\"512\" src=\"https:\/\/casadeltrotamundos.com\/wp-content\/uploads\/2023\/05\/barco-turistico-rioseco-768x512.jpg\" class=\"attachment-medium_large size-medium_large wp-image-1872\" alt=\"Barco tur\u00edstico remontando el canal de Rioseco\" srcset=\"https:\/\/casadeltrotamundos.com\/wp-content\/uploads\/2023\/05\/barco-turistico-rioseco-768x512.jpg 768w, https:\/\/casadeltrotamundos.com\/wp-content\/uploads\/2023\/05\/barco-turistico-rioseco-300x200.jpg 300w, https:\/\/casadeltrotamundos.com\/wp-content\/uploads\/2023\/05\/barco-turistico-rioseco-1024x683.jpg 1024w, https:\/\/casadeltrotamundos.com\/wp-content\/uploads\/2023\/05\/barco-turistico-rioseco-1536x1024.jpg 1536w, https:\/\/casadeltrotamundos.com\/wp-content\/uploads\/2023\/05\/barco-turistico-rioseco.jpg 1920w\" sizes=\"(max-width: 768px) 100vw, 768px\" \/>\t\t\t\t\t\t\t\t\t\t\t\t\t\t\t<\/div>\n\t\t\t\t<\/div>\n\t\t\t\t<div class=\"elementor-element elementor-element-0bcc494 elementor-widget elementor-widget-spacer\" data-id=\"0bcc494\" data-element_type=\"widget\" data-e-type=\"widget\" data-widget_type=\"spacer.default\">\n\t\t\t\t<div class=\"elementor-widget-container\">\n\t\t\t\t\t\t\t<div class=\"elementor-spacer\">\n\t\t\t<div class=\"elementor-spacer-inner\"><\/div>\n\t\t<\/div>\n\t\t\t\t\t\t<\/div>\n\t\t\t\t<\/div>\n\t\t\t\t<section class=\"elementor-section elementor-inner-section elementor-element elementor-element-d686b48 elementor-section-boxed elementor-section-height-default elementor-section-height-default\" data-id=\"d686b48\" data-element_type=\"section\" data-e-type=\"section\">\n\t\t\t\t\t\t<div class=\"elementor-container elementor-column-gap-default\">\n\t\t\t\t\t<div class=\"elementor-column elementor-col-100 elementor-inner-column elementor-element elementor-element-c332c45\" data-id=\"c332c45\" data-element_type=\"column\" data-e-type=\"column\">\n\t\t\t<div class=\"elementor-widget-wrap elementor-element-populated\">\n\t\t\t\t\t\t<div class=\"elementor-element elementor-element-22e516b elementor-view-framed elementor-position-block-start elementor-shape-circle elementor-mobile-position-block-start elementor-widget elementor-widget-icon-box\" data-id=\"22e516b\" data-element_type=\"widget\" data-e-type=\"widget\" data-widget_type=\"icon-box.default\">\n\t\t\t\t<div class=\"elementor-widget-container\">\n\t\t\t\t\t\t\t<div class=\"elementor-icon-box-wrapper\">\n\n\t\t\t\t\t\t<div class=\"elementor-icon-box-icon\">\n\t\t\t\t<a href=\"https:\/\/heyzine.com\/flip-book\/24b5638e5c.html\" target=\"_blank\" class=\"elementor-icon elementor-animation-pulse\" tabindex=\"-1\" aria-label=\"Rutas\" rel=\"noopener\">\n\t\t\t\t<svg xmlns=\"http:\/\/www.w3.org\/2000\/svg\" width=\"39\" height=\"39\" viewBox=\"0 0 39 39\" fill=\"none\"><path d=\"M13.5 1L1 5.5C3.51082 17.0924 3.72279 24.1148 1 38L13.5 33.5M13.5 1L25.5 5.5M13.5 1C12.4428 14.6951 12.0083 22.2233 13.5 33.5M25.5 5.5L37.5 1C33.0608 14.7948 32.791 22.0031 37.5 33.5L25.5 38M25.5 5.5C22.5049 18.4857 22.6439 25.5864 25.5 38M25.5 38L13.5 33.5\" stroke=\"#A58E74\"><\/path><\/svg>\t\t\t\t<\/a>\n\t\t\t<\/div>\n\t\t\t\n\t\t\t\t\t\t<div class=\"elementor-icon-box-content\">\n\n\t\t\t\t\t\t\t\t\t<h3 class=\"elementor-icon-box-title\">\n\t\t\t\t\t\t<a href=\"https:\/\/heyzine.com\/flip-book\/24b5638e5c.html\" target=\"_blank\" rel=\"noopener\">\n\t\t\t\t\t\t\tRutas\t\t\t\t\t\t<\/a>\n\t\t\t\t\t<\/h3>\n\t\t\t\t\n\t\t\t\t\n\t\t\t<\/div>\n\t\t\t\n\t\t<\/div>\n\t\t\t\t\t\t<\/div>\n\t\t\t\t<\/div>\n\t\t\t\t\t<\/div>\n\t\t<\/div>\n\t\t\t\t\t<\/div>\n\t\t<\/section>\n\t\t\t\t<div class=\"elementor-element elementor-element-eb64626 elementor-widget elementor-widget-spacer\" data-id=\"eb64626\" data-element_type=\"widget\" data-e-type=\"widget\" data-widget_type=\"spacer.default\">\n\t\t\t\t<div class=\"elementor-widget-container\">\n\t\t\t\t\t\t\t<div class=\"elementor-spacer\">\n\t\t\t<div class=\"elementor-spacer-inner\"><\/div>\n\t\t<\/div>\n\t\t\t\t\t\t<\/div>\n\t\t\t\t<\/div>\n\t\t\t\t\t<\/div>\n\t\t<\/div>\n\t\t\t\t\t<\/div>\n\t\t<\/section>\n\t\t\t\t<\/div>\n\t\t","protected":false},"excerpt":{"rendered":"<p>Entorno Canal de Castilla Bienvenido al Canal de Castilla, una maravilla de ingenier\u00eda que se extiende a lo largo de las tierras de Castilla y Le\u00f3n. Este sistema de canales navegables es un testimonio vivo del legado industrial y agr\u00edcola de la regi\u00f3n. Construido en el siglo XVIII, el Canal de Castilla fue dise\u00f1ado para [&hellip;]<\/p>\n","protected":false},"author":1,"featured_media":0,"parent":391,"menu_order":0,"comment_status":"closed","ping_status":"closed","template":"","meta":{"footnotes":""},"class_list":["post-3357","page","type-page","status-publish","hentry"],"_links":{"self":[{"href":"https:\/\/casadeltrotamundos.com\/en\/wp-json\/wp\/v2\/pages\/3357","targetHints":{"allow":["GET"]}}],"collection":[{"href":"https:\/\/casadeltrotamundos.com\/en\/wp-json\/wp\/v2\/pages"}],"about":[{"href":"https:\/\/casadeltrotamundos.com\/en\/wp-json\/wp\/v2\/types\/page"}],"author":[{"embeddable":true,"href":"https:\/\/casadeltrotamundos.com\/en\/wp-json\/wp\/v2\/users\/1"}],"replies":[{"embeddable":true,"href":"https:\/\/casadeltrotamundos.com\/en\/wp-json\/wp\/v2\/comments?post=3357"}],"version-history":[{"count":34,"href":"https:\/\/casadeltrotamundos.com\/en\/wp-json\/wp\/v2\/pages\/3357\/revisions"}],"predecessor-version":[{"id":5661,"href":"https:\/\/casadeltrotamundos.com\/en\/wp-json\/wp\/v2\/pages\/3357\/revisions\/5661"}],"up":[{"embeddable":true,"href":"https:\/\/casadeltrotamundos.com\/en\/wp-json\/wp\/v2\/pages\/391"}],"wp:attachment":[{"href":"https:\/\/casadeltrotamundos.com\/en\/wp-json\/wp\/v2\/media?parent=3357"}],"curies":[{"name":"wp","href":"https:\/\/api.w.org\/{rel}","templated":true}]}}