{"id":3193,"date":"2023-05-19T10:42:24","date_gmt":"2023-05-19T10:42:24","guid":{"rendered":"https:\/\/casadeltrotamundos.com\/?page_id=3193"},"modified":"2023-06-05T16:17:59","modified_gmt":"2023-06-05T16:17:59","slug":"lago-de-sanabria-2","status":"publish","type":"page","link":"https:\/\/casadeltrotamundos.com\/en\/entorno\/lago-de-sanabria-2\/","title":{"rendered":"Lake Sanabria"},"content":{"rendered":"<div data-elementor-type=\"wp-page\" data-elementor-id=\"3193\" class=\"elementor elementor-3193\" data-elementor-post-type=\"page\">\n\t\t\t\t\t\t<section class=\"elementor-section elementor-top-section elementor-element elementor-element-d7a7b78 elementor-section-content-middle elementor-section-full_width elementor-section-height-min-height elementor-section-height-default elementor-section-items-middle\" data-id=\"d7a7b78\" data-element_type=\"section\" data-settings=\"{&quot;background_background&quot;:&quot;classic&quot;}\">\n\t\t\t\t\t\t<div class=\"elementor-container elementor-column-gap-default\">\n\t\t\t\t\t<div class=\"elementor-column elementor-col-100 elementor-top-column elementor-element elementor-element-e10d52b\" data-id=\"e10d52b\" data-element_type=\"column\">\n\t\t\t<div class=\"elementor-widget-wrap elementor-element-populated\">\n\t\t\t\t\t\t<div class=\"elementor-element elementor-element-cfe951f elementor-widget elementor-widget-heading\" data-id=\"cfe951f\" data-element_type=\"widget\" data-widget_type=\"heading.default\">\n\t\t\t\t<div class=\"elementor-widget-container\">\n\t\t\t\t\t<p class=\"elementor-heading-title elementor-size-default\">Environment<\/p>\t\t\t\t<\/div>\n\t\t\t\t<\/div>\n\t\t\t\t\t<\/div>\n\t\t<\/div>\n\t\t\t\t\t<\/div>\n\t\t<\/section>\n\t\t\t\t<section class=\"elementor-section elementor-top-section elementor-element elementor-element-0f908f5 elementor-section-boxed elementor-section-height-default elementor-section-height-default\" data-id=\"0f908f5\" data-element_type=\"section\" data-settings=\"{&quot;background_background&quot;:&quot;classic&quot;}\">\n\t\t\t\t\t\t<div class=\"elementor-container elementor-column-gap-default\">\n\t\t\t\t\t<div class=\"elementor-column elementor-col-50 elementor-top-column elementor-element elementor-element-f743708\" data-id=\"f743708\" data-element_type=\"column\">\n\t\t\t<div class=\"elementor-widget-wrap elementor-element-populated\">\n\t\t\t\t\t\t<div class=\"elementor-element elementor-element-8e69fae elementor-hidden-desktop elementor-hidden-laptop elementor-hidden-tablet elementor-widget elementor-widget-spacer\" data-id=\"8e69fae\" data-element_type=\"widget\" data-widget_type=\"spacer.default\">\n\t\t\t\t<div class=\"elementor-widget-container\">\n\t\t\t\t\t\t\t<div class=\"elementor-spacer\">\n\t\t\t<div class=\"elementor-spacer-inner\"><\/div>\n\t\t<\/div>\n\t\t\t\t\t\t<\/div>\n\t\t\t\t<\/div>\n\t\t\t\t<div class=\"elementor-element elementor-element-2b73a8a elementor-widget elementor-widget-heading\" data-id=\"2b73a8a\" data-element_type=\"widget\" data-widget_type=\"heading.default\">\n\t\t\t\t<div class=\"elementor-widget-container\">\n\t\t\t\t\t<h2 class=\"elementor-heading-title elementor-size-default\">Lake Sanabria<\/h2>\t\t\t\t<\/div>\n\t\t\t\t<\/div>\n\t\t\t\t<div class=\"elementor-element elementor-element-00aba14 elementor-widget-divider--view-line elementor-widget elementor-widget-divider\" data-id=\"00aba14\" data-element_type=\"widget\" data-widget_type=\"divider.default\">\n\t\t\t\t<div class=\"elementor-widget-container\">\n\t\t\t\t\t\t\t<div class=\"elementor-divider\">\n\t\t\t<span class=\"elementor-divider-separator\">\n\t\t\t\t\t\t<\/span>\n\t\t<\/div>\n\t\t\t\t\t\t<\/div>\n\t\t\t\t<\/div>\n\t\t\t\t<div class=\"elementor-element elementor-element-bc8a172 elementor-widget elementor-widget-text-editor\" data-id=\"bc8a172\" data-element_type=\"widget\" data-widget_type=\"text-editor.default\">\n\t\t\t\t<div class=\"elementor-widget-container\">\n\t\t\t\t\t\t\t\t\t<p>Sum\u00e9rgete en la serenidad del <strong>Lake Sanabria<\/strong>, un tesoro natural que te cautivar\u00e1 con su majestuosidad. Situado en el coraz\u00f3n de la provincia de Zamora, este lago de origen glaciar es un aut\u00e9ntico regalo para los sentidos.<\/p><p>Sus aguas cristalinas reflejan el esplendor de los imponentes picos monta\u00f1osos que lo rodean, creando un paisaje de ensue\u00f1o que parece salido de un cuento. Sus orillas, cubiertas de exuberante vegetaci\u00f3n y bosques frondosos, invitan a adentrarse en una aventura llena de descubrimientos.<\/p><p>Entre su fauna destaca la trucha, que tanto aprecian los aficionados a la <strong>pesca deportiva<\/strong>.\u00a0 Adem\u00e1s, podr\u00e1s caminar por los senderos que serpentean alrededor del lago, respirando el aire fresco y puro que solo la naturaleza puede ofrecer. Cada paso te acerca a panor\u00e1micas impresionantes y rincones secretos que te dejar\u00e1n sin aliento.<\/p>\t\t\t\t\t\t\t\t<\/div>\n\t\t\t\t<\/div>\n\t\t\t\t<section class=\"elementor-section elementor-inner-section elementor-element elementor-element-f5e8969 elementor-section-full_width elementor-hidden-tablet elementor-hidden-mobile elementor-section-height-default elementor-section-height-default\" data-id=\"f5e8969\" data-element_type=\"section\">\n\t\t\t\t\t\t<div class=\"elementor-container elementor-column-gap-default\">\n\t\t\t\t\t<div class=\"elementor-column elementor-col-33 elementor-inner-column elementor-element elementor-element-69770e4\" data-id=\"69770e4\" data-element_type=\"column\">\n\t\t\t<div class=\"elementor-widget-wrap elementor-element-populated\">\n\t\t\t\t\t\t<div class=\"elementor-element elementor-element-2624837 elementor-mobile-position-left elementor-view-default elementor-position-top elementor-widget elementor-widget-icon-box\" data-id=\"2624837\" data-element_type=\"widget\" data-widget_type=\"icon-box.default\">\n\t\t\t\t<div class=\"elementor-widget-container\">\n\t\t\t\t\t\t\t<div class=\"elementor-icon-box-wrapper\">\n\n\t\t\t\t\t\t<div class=\"elementor-icon-box-icon\">\n\t\t\t\t<span  class=\"elementor-icon\">\n\t\t\t\t<svg xmlns=\"http:\/\/www.w3.org\/2000\/svg\" width=\"44\" height=\"47\" viewbox=\"0 0 44 47\" fill=\"none\"><path d=\"M22.5 47V38.5M22.5 38.5H43C35.8313 34.8971 32.3794 32.4206 30 25H37.5C27.2712 17.5168 24.3486 12.0894 22.5 1C19.538 11.7267 16.4851 17.103 7.5 25H15C12.5981 31.4139 9.29624 34.2766 1 38.5H22.5Z\" stroke=\"#A58E74\"><\/path><\/svg>\t\t\t\t<\/span>\n\t\t\t<\/div>\n\t\t\t\n\t\t\t\t\t\t<div class=\"elementor-icon-box-content\">\n\n\t\t\t\t\t\t\t\t\t<h3 class=\"elementor-icon-box-title\">\n\t\t\t\t\t\t<span  >\n\t\t\t\t\t\t\tReserva Natural\t\t\t\t\t\t<\/span>\n\t\t\t\t\t<\/h3>\n\t\t\t\t\n\t\t\t\t\n\t\t\t<\/div>\n\t\t\t\n\t\t<\/div>\n\t\t\t\t\t\t<\/div>\n\t\t\t\t<\/div>\n\t\t\t\t\t<\/div>\n\t\t<\/div>\n\t\t\t\t<div class=\"elementor-column elementor-col-33 elementor-inner-column elementor-element elementor-element-d390a13\" data-id=\"d390a13\" data-element_type=\"column\">\n\t\t\t<div class=\"elementor-widget-wrap elementor-element-populated\">\n\t\t\t\t\t\t<div class=\"elementor-element elementor-element-dfd7fa5 elementor-mobile-position-left elementor-view-default elementor-position-top elementor-widget elementor-widget-icon-box\" data-id=\"dfd7fa5\" data-element_type=\"widget\" data-widget_type=\"icon-box.default\">\n\t\t\t\t<div class=\"elementor-widget-container\">\n\t\t\t\t\t\t\t<div class=\"elementor-icon-box-wrapper\">\n\n\t\t\t\t\t\t<div class=\"elementor-icon-box-icon\">\n\t\t\t\t<span  class=\"elementor-icon\">\n\t\t\t\t<svg xmlns=\"http:\/\/www.w3.org\/2000\/svg\" width=\"31\" height=\"48\" viewbox=\"0 0 31 48\" fill=\"none\"><path d=\"M1 22L4.5 12\" stroke=\"#A58E74\"><\/path><path d=\"M30.5 14L29.5 20\" stroke=\"#A58E74\"><\/path><path d=\"M28.5 26L24.5 47.5\" stroke=\"#A58E74\"><\/path><path d=\"M10.5 35C7 35 4.5 40.5 4.5 48\" stroke=\"#A58E74\"><\/path><path d=\"M29.5 23H22.5C20.2561 22.5766 18.5 22 17.5 19C16.5 16 16.5 13 16.5 13C12.4922 12.5423 10 13 8.5 16.5C7 20 4.5 27.5 4.5 27.5L14.5 33C14.5698 43.3982 16 46.5 19.5 47\" stroke=\"#A58E74\"><\/path><path d=\"M16.47 9.44886C15.5635 9.01326 14.5951 8.35151 13.8411 7.53418C13.029 6.65385 12.5 5.63291 12.5 4.54545C12.5 3.40007 12.8795 2.39076 13.5494 1.67234C14.215 0.958676 15.1964 0.5 16.4698 0.5C17.744 0.5 18.7424 0.959351 19.4237 1.67587C20.1086 2.39611 20.5 3.40495 20.5 4.54545C20.5 5.62893 19.9597 6.64889 19.1317 7.53102C18.3634 8.34955 17.3801 9.01245 16.47 9.44886Z\" stroke=\"#A58E74\"><\/path><\/svg>\t\t\t\t<\/span>\n\t\t\t<\/div>\n\t\t\t\n\t\t\t\t\t\t<div class=\"elementor-icon-box-content\">\n\n\t\t\t\t\t\t\t\t\t<h3 class=\"elementor-icon-box-title\">\n\t\t\t\t\t\t<span  >\n\t\t\t\t\t\t\tSenderismo\t\t\t\t\t\t<\/span>\n\t\t\t\t\t<\/h3>\n\t\t\t\t\n\t\t\t\t\n\t\t\t<\/div>\n\t\t\t\n\t\t<\/div>\n\t\t\t\t\t\t<\/div>\n\t\t\t\t<\/div>\n\t\t\t\t\t<\/div>\n\t\t<\/div>\n\t\t\t\t<div class=\"elementor-column elementor-col-33 elementor-inner-column elementor-element elementor-element-9bf8152\" data-id=\"9bf8152\" data-element_type=\"column\">\n\t\t\t<div class=\"elementor-widget-wrap elementor-element-populated\">\n\t\t\t\t\t\t<div class=\"elementor-element elementor-element-b7ebb7e elementor-mobile-position-left elementor-view-default elementor-position-top elementor-widget elementor-widget-icon-box\" data-id=\"b7ebb7e\" data-element_type=\"widget\" data-widget_type=\"icon-box.default\">\n\t\t\t\t<div class=\"elementor-widget-container\">\n\t\t\t\t\t\t\t<div class=\"elementor-icon-box-wrapper\">\n\n\t\t\t\t\t\t<div class=\"elementor-icon-box-icon\">\n\t\t\t\t<span  class=\"elementor-icon\">\n\t\t\t\t<svg xmlns=\"http:\/\/www.w3.org\/2000\/svg\" width=\"33\" height=\"48\" viewbox=\"0 0 33 48\" fill=\"none\"><path d=\"M17.5495 40C20.9047 45.0349 23.2435 46.4418 28.0495 47C23.4312 41.2674 23.2097 38.2891 28.0495 33.5C23.29 33.195 21.0103 34.6901 17.5495 40ZM17.5495 40C-1.45049 38.5 -4.9505 9.50003 11.5495 5.00001C28.0495 0.5 32.0495 10.5 32.0495 10.5L25.5495 14.5L31.0495 16.5C28.1033 21.269 24.7427 22.0171 17.5495 22\" stroke=\"#A58E74\"><\/path><path d=\"M11.5496 5C7.09494 5.80953 5.03477 5.50049 3.04956 2C0.384637 7.69554 1.54955 17.5 1.04956 17.5M17.5496 40C7.04956 37 7.04956 22 18.0496 22\" stroke=\"#A58E74\"><\/path><path d=\"M21.5496 12V8\" stroke=\"#A58E74\"><\/path><\/svg>\t\t\t\t<\/span>\n\t\t\t<\/div>\n\t\t\t\n\t\t\t\t\t\t<div class=\"elementor-icon-box-content\">\n\n\t\t\t\t\t\t\t\t\t<h3 class=\"elementor-icon-box-title\">\n\t\t\t\t\t\t<span  >\n\t\t\t\t\t\t\tPesca Deportiva\t\t\t\t\t\t<\/span>\n\t\t\t\t\t<\/h3>\n\t\t\t\t\n\t\t\t\t\n\t\t\t<\/div>\n\t\t\t\n\t\t<\/div>\n\t\t\t\t\t\t<\/div>\n\t\t\t\t<\/div>\n\t\t\t\t\t<\/div>\n\t\t<\/div>\n\t\t\t\t\t<\/div>\n\t\t<\/section>\n\t\t\t\t<section class=\"elementor-section elementor-inner-section elementor-element elementor-element-6182a9b elementor-hidden-desktop elementor-hidden-laptop elementor-section-boxed elementor-section-height-default elementor-section-height-default\" data-id=\"6182a9b\" data-element_type=\"section\">\n\t\t\t\t\t\t<div class=\"elementor-container elementor-column-gap-default\">\n\t\t\t\t\t<div class=\"elementor-column elementor-col-33 elementor-inner-column elementor-element elementor-element-1440960\" data-id=\"1440960\" data-element_type=\"column\">\n\t\t\t<div class=\"elementor-widget-wrap elementor-element-populated\">\n\t\t\t\t\t\t<div class=\"elementor-element elementor-element-9acef7d elementor-mobile-align-center elementor-align-center elementor-icon-list--layout-traditional elementor-list-item-link-full_width elementor-widget elementor-widget-icon-list\" data-id=\"9acef7d\" data-element_type=\"widget\" data-widget_type=\"icon-list.default\">\n\t\t\t\t<div class=\"elementor-widget-container\">\n\t\t\t\t\t\t\t<ul class=\"elementor-icon-list-items\">\n\t\t\t\t\t\t\t<li class=\"elementor-icon-list-item\">\n\t\t\t\t\t\t\t\t\t\t\t<span class=\"elementor-icon-list-icon\">\n\t\t\t\t\t\t\t<svg xmlns=\"http:\/\/www.w3.org\/2000\/svg\" width=\"44\" height=\"47\" viewbox=\"0 0 44 47\" fill=\"none\"><path d=\"M22.5 47V38.5M22.5 38.5H43C35.8313 34.8971 32.3794 32.4206 30 25H37.5C27.2712 17.5168 24.3486 12.0894 22.5 1C19.538 11.7267 16.4851 17.103 7.5 25H15C12.5981 31.4139 9.29624 34.2766 1 38.5H22.5Z\" stroke=\"#A58E74\"><\/path><\/svg>\t\t\t\t\t\t<\/span>\n\t\t\t\t\t\t\t\t\t\t<span class=\"elementor-icon-list-text\">Reserva Natural<\/span>\n\t\t\t\t\t\t\t\t\t<\/li>\n\t\t\t\t\t\t<\/ul>\n\t\t\t\t\t\t<\/div>\n\t\t\t\t<\/div>\n\t\t\t\t\t<\/div>\n\t\t<\/div>\n\t\t\t\t<div class=\"elementor-column elementor-col-33 elementor-inner-column elementor-element elementor-element-868dda1\" data-id=\"868dda1\" data-element_type=\"column\">\n\t\t\t<div class=\"elementor-widget-wrap elementor-element-populated\">\n\t\t\t\t\t\t<div class=\"elementor-element elementor-element-8cf0e52 elementor-mobile-align-center elementor-align-center elementor-icon-list--layout-traditional elementor-list-item-link-full_width elementor-widget elementor-widget-icon-list\" data-id=\"8cf0e52\" data-element_type=\"widget\" data-widget_type=\"icon-list.default\">\n\t\t\t\t<div class=\"elementor-widget-container\">\n\t\t\t\t\t\t\t<ul class=\"elementor-icon-list-items\">\n\t\t\t\t\t\t\t<li class=\"elementor-icon-list-item\">\n\t\t\t\t\t\t\t\t\t\t\t<span class=\"elementor-icon-list-icon\">\n\t\t\t\t\t\t\t<svg xmlns=\"http:\/\/www.w3.org\/2000\/svg\" width=\"31\" height=\"48\" viewbox=\"0 0 31 48\" fill=\"none\"><path d=\"M1 22L4.5 12\" stroke=\"#A58E74\"><\/path><path d=\"M30.5 14L29.5 20\" stroke=\"#A58E74\"><\/path><path d=\"M28.5 26L24.5 47.5\" stroke=\"#A58E74\"><\/path><path d=\"M10.5 35C7 35 4.5 40.5 4.5 48\" stroke=\"#A58E74\"><\/path><path d=\"M29.5 23H22.5C20.2561 22.5766 18.5 22 17.5 19C16.5 16 16.5 13 16.5 13C12.4922 12.5423 10 13 8.5 16.5C7 20 4.5 27.5 4.5 27.5L14.5 33C14.5698 43.3982 16 46.5 19.5 47\" stroke=\"#A58E74\"><\/path><path d=\"M16.47 9.44886C15.5635 9.01326 14.5951 8.35151 13.8411 7.53418C13.029 6.65385 12.5 5.63291 12.5 4.54545C12.5 3.40007 12.8795 2.39076 13.5494 1.67234C14.215 0.958676 15.1964 0.5 16.4698 0.5C17.744 0.5 18.7424 0.959351 19.4237 1.67587C20.1086 2.39611 20.5 3.40495 20.5 4.54545C20.5 5.62893 19.9597 6.64889 19.1317 7.53102C18.3634 8.34955 17.3801 9.01245 16.47 9.44886Z\" stroke=\"#A58E74\"><\/path><\/svg>\t\t\t\t\t\t<\/span>\n\t\t\t\t\t\t\t\t\t\t<span class=\"elementor-icon-list-text\">Senderismo<\/span>\n\t\t\t\t\t\t\t\t\t<\/li>\n\t\t\t\t\t\t<\/ul>\n\t\t\t\t\t\t<\/div>\n\t\t\t\t<\/div>\n\t\t\t\t\t<\/div>\n\t\t<\/div>\n\t\t\t\t<div class=\"elementor-column elementor-col-33 elementor-inner-column elementor-element elementor-element-f10697f\" data-id=\"f10697f\" data-element_type=\"column\">\n\t\t\t<div class=\"elementor-widget-wrap elementor-element-populated\">\n\t\t\t\t\t\t<div class=\"elementor-element elementor-element-8eb371e elementor-mobile-align-center elementor-align-center elementor-icon-list--layout-traditional elementor-list-item-link-full_width elementor-widget elementor-widget-icon-list\" data-id=\"8eb371e\" data-element_type=\"widget\" data-widget_type=\"icon-list.default\">\n\t\t\t\t<div class=\"elementor-widget-container\">\n\t\t\t\t\t\t\t<ul class=\"elementor-icon-list-items\">\n\t\t\t\t\t\t\t<li class=\"elementor-icon-list-item\">\n\t\t\t\t\t\t\t\t\t\t\t<span class=\"elementor-icon-list-icon\">\n\t\t\t\t\t\t\t<svg xmlns=\"http:\/\/www.w3.org\/2000\/svg\" width=\"33\" height=\"48\" viewbox=\"0 0 33 48\" fill=\"none\"><path d=\"M17.5495 40C20.9047 45.0349 23.2435 46.4418 28.0495 47C23.4312 41.2674 23.2097 38.2891 28.0495 33.5C23.29 33.195 21.0103 34.6901 17.5495 40ZM17.5495 40C-1.45049 38.5 -4.9505 9.50003 11.5495 5.00001C28.0495 0.5 32.0495 10.5 32.0495 10.5L25.5495 14.5L31.0495 16.5C28.1033 21.269 24.7427 22.0171 17.5495 22\" stroke=\"#A58E74\"><\/path><path d=\"M11.5496 5C7.09494 5.80953 5.03477 5.50049 3.04956 2C0.384637 7.69554 1.54955 17.5 1.04956 17.5M17.5496 40C7.04956 37 7.04956 22 18.0496 22\" stroke=\"#A58E74\"><\/path><path d=\"M21.5496 12V8\" stroke=\"#A58E74\"><\/path><\/svg>\t\t\t\t\t\t<\/span>\n\t\t\t\t\t\t\t\t\t\t<span class=\"elementor-icon-list-text\">Pesca Deportiva<\/span>\n\t\t\t\t\t\t\t\t\t<\/li>\n\t\t\t\t\t\t<\/ul>\n\t\t\t\t\t\t<\/div>\n\t\t\t\t<\/div>\n\t\t\t\t\t<\/div>\n\t\t<\/div>\n\t\t\t\t\t<\/div>\n\t\t<\/section>\n\t\t\t\t\t<\/div>\n\t\t<\/div>\n\t\t\t\t<div class=\"elementor-column elementor-col-50 elementor-top-column elementor-element elementor-element-c3790bd\" data-id=\"c3790bd\" data-element_type=\"column\">\n\t\t\t<div class=\"elementor-widget-wrap elementor-element-populated\">\n\t\t\t\t\t\t<div class=\"elementor-element elementor-element-3e97b29 elementor-widget elementor-widget-spacer\" data-id=\"3e97b29\" data-element_type=\"widget\" data-widget_type=\"spacer.default\">\n\t\t\t\t<div class=\"elementor-widget-container\">\n\t\t\t\t\t\t\t<div class=\"elementor-spacer\">\n\t\t\t<div class=\"elementor-spacer-inner\"><\/div>\n\t\t<\/div>\n\t\t\t\t\t\t<\/div>\n\t\t\t\t<\/div>\n\t\t\t\t<div class=\"elementor-element elementor-element-bde2168 elementor-widget elementor-widget-image\" data-id=\"bde2168\" data-element_type=\"widget\" data-widget_type=\"image.default\">\n\t\t\t\t<div class=\"elementor-widget-container\">\n\t\t\t\t\t\t\t\t\t\t\t\t\t\t\t<img fetchpriority=\"high\" decoding=\"async\" width=\"800\" height=\"534\" src=\"https:\/\/casadeltrotamundos.com\/wp-content\/uploads\/2023\/05\/Sanabriass.jpg\" class=\"attachment-1536x1536 size-1536x1536 wp-image-4884\" alt=\"Vista a\u00e9rea de lago de Sanabria\" srcset=\"https:\/\/casadeltrotamundos.com\/wp-content\/uploads\/2023\/05\/Sanabriass.jpg 800w, https:\/\/casadeltrotamundos.com\/wp-content\/uploads\/2023\/05\/Sanabriass-300x200.jpg 300w, https:\/\/casadeltrotamundos.com\/wp-content\/uploads\/2023\/05\/Sanabriass-768x513.jpg 768w\" sizes=\"(max-width: 800px) 100vw, 800px\" \/>\t\t\t\t\t\t\t\t\t\t\t\t\t\t\t<\/div>\n\t\t\t\t<\/div>\n\t\t\t\t<div class=\"elementor-element elementor-element-ebec62d elementor-widget elementor-widget-spacer\" data-id=\"ebec62d\" data-element_type=\"widget\" data-widget_type=\"spacer.default\">\n\t\t\t\t<div class=\"elementor-widget-container\">\n\t\t\t\t\t\t\t<div class=\"elementor-spacer\">\n\t\t\t<div class=\"elementor-spacer-inner\"><\/div>\n\t\t<\/div>\n\t\t\t\t\t\t<\/div>\n\t\t\t\t<\/div>\n\t\t\t\t<section class=\"elementor-section elementor-inner-section elementor-element elementor-element-63f71e6 elementor-section-boxed elementor-section-height-default elementor-section-height-default\" data-id=\"63f71e6\" data-element_type=\"section\">\n\t\t\t\t\t\t<div class=\"elementor-container elementor-column-gap-default\">\n\t\t\t\t\t<div class=\"elementor-column elementor-col-100 elementor-inner-column elementor-element elementor-element-e6a4b6d\" data-id=\"e6a4b6d\" data-element_type=\"column\">\n\t\t\t<div class=\"elementor-widget-wrap elementor-element-populated\">\n\t\t\t\t\t\t<div class=\"elementor-element elementor-element-9b313a3 elementor-view-framed elementor-shape-circle elementor-position-top elementor-mobile-position-top elementor-widget elementor-widget-icon-box\" data-id=\"9b313a3\" data-element_type=\"widget\" data-widget_type=\"icon-box.default\">\n\t\t\t\t<div class=\"elementor-widget-container\">\n\t\t\t\t\t\t\t<div class=\"elementor-icon-box-wrapper\">\n\n\t\t\t\t\t\t<div class=\"elementor-icon-box-icon\">\n\t\t\t\t<a href=\"https:\/\/heyzine.com\/flip-book\/d7c44b04cf.html\" target=\"_blank\" class=\"elementor-icon elementor-animation-pulse\" tabindex=\"-1\" aria-label=\"Parque natural\" rel=\"noopener\">\n\t\t\t\t<svg xmlns=\"http:\/\/www.w3.org\/2000\/svg\" width=\"44\" height=\"47\" viewbox=\"0 0 44 47\" fill=\"none\"><path d=\"M22.5 47V38.5M22.5 38.5H43C35.8313 34.8971 32.3794 32.4206 30 25H37.5C27.2712 17.5168 24.3486 12.0894 22.5 1C19.538 11.7267 16.4851 17.103 7.5 25H15C12.5981 31.4139 9.29624 34.2766 1 38.5H22.5Z\" stroke=\"#A58E74\"><\/path><\/svg>\t\t\t\t<\/a>\n\t\t\t<\/div>\n\t\t\t\n\t\t\t\t\t\t<div class=\"elementor-icon-box-content\">\n\n\t\t\t\t\t\t\t\t\t<h3 class=\"elementor-icon-box-title\">\n\t\t\t\t\t\t<a href=\"https:\/\/heyzine.com\/flip-book\/d7c44b04cf.html\" target=\"_blank\" rel=\"noopener\">\n\t\t\t\t\t\t\tParque natural\t\t\t\t\t\t<\/a>\n\t\t\t\t\t<\/h3>\n\t\t\t\t\n\t\t\t\t\n\t\t\t<\/div>\n\t\t\t\n\t\t<\/div>\n\t\t\t\t\t\t<\/div>\n\t\t\t\t<\/div>\n\t\t\t\t\t<\/div>\n\t\t<\/div>\n\t\t\t\t\t<\/div>\n\t\t<\/section>\n\t\t\t\t<div class=\"elementor-element elementor-element-f0afd07 elementor-widget elementor-widget-spacer\" data-id=\"f0afd07\" data-element_type=\"widget\" data-widget_type=\"spacer.default\">\n\t\t\t\t<div class=\"elementor-widget-container\">\n\t\t\t\t\t\t\t<div class=\"elementor-spacer\">\n\t\t\t<div class=\"elementor-spacer-inner\"><\/div>\n\t\t<\/div>\n\t\t\t\t\t\t<\/div>\n\t\t\t\t<\/div>\n\t\t\t\t\t<\/div>\n\t\t<\/div>\n\t\t\t\t\t<\/div>\n\t\t<\/section>\n\t\t\t\t<\/div>","protected":false},"excerpt":{"rendered":"<p>Entorno Lago de Sanabria Sum\u00e9rgete en la serenidad del Lago de Sanabria, un tesoro natural que te cautivar\u00e1 con su majestuosidad. Situado en el coraz\u00f3n de la provincia de Zamora, este lago de origen glaciar es un aut\u00e9ntico regalo para los sentidos. Sus aguas cristalinas reflejan el esplendor de los imponentes picos monta\u00f1osos que lo [&hellip;]<\/p>\n","protected":false},"author":1,"featured_media":0,"parent":391,"menu_order":0,"comment_status":"closed","ping_status":"closed","template":"","meta":{"footnotes":""},"class_list":["post-3193","page","type-page","status-publish","hentry"],"_links":{"self":[{"href":"https:\/\/casadeltrotamundos.com\/en\/wp-json\/wp\/v2\/pages\/3193","targetHints":{"allow":["GET"]}}],"collection":[{"href":"https:\/\/casadeltrotamundos.com\/en\/wp-json\/wp\/v2\/pages"}],"about":[{"href":"https:\/\/casadeltrotamundos.com\/en\/wp-json\/wp\/v2\/types\/page"}],"author":[{"embeddable":true,"href":"https:\/\/casadeltrotamundos.com\/en\/wp-json\/wp\/v2\/users\/1"}],"replies":[{"embeddable":true,"href":"https:\/\/casadeltrotamundos.com\/en\/wp-json\/wp\/v2\/comments?post=3193"}],"version-history":[{"count":31,"href":"https:\/\/casadeltrotamundos.com\/en\/wp-json\/wp\/v2\/pages\/3193\/revisions"}],"predecessor-version":[{"id":5646,"href":"https:\/\/casadeltrotamundos.com\/en\/wp-json\/wp\/v2\/pages\/3193\/revisions\/5646"}],"up":[{"embeddable":true,"href":"https:\/\/casadeltrotamundos.com\/en\/wp-json\/wp\/v2\/pages\/391"}],"wp:attachment":[{"href":"https:\/\/casadeltrotamundos.com\/en\/wp-json\/wp\/v2\/media?parent=3193"}],"curies":[{"name":"wp","href":"https:\/\/api.w.org\/{rel}","templated":true}]}}