{"id":3168,"date":"2023-05-19T09:47:48","date_gmt":"2023-05-19T09:47:48","guid":{"rendered":"https:\/\/casadeltrotamundos.com\/?page_id=3168"},"modified":"2023-06-05T16:13:02","modified_gmt":"2023-06-05T16:13:02","slug":"lagunas-de-villafafila","status":"publish","type":"page","link":"https:\/\/casadeltrotamundos.com\/en\/entorno\/lagunas-de-villafafila\/","title":{"rendered":"Ponds of Villaf\u00e1fila"},"content":{"rendered":"<div data-elementor-type=\"wp-page\" data-elementor-id=\"3168\" class=\"elementor elementor-3168\" data-elementor-post-type=\"page\">\n\t\t\t\t\t\t<section class=\"elementor-section elementor-top-section elementor-element elementor-element-c62f0f8 elementor-section-content-middle elementor-section-full_width elementor-section-height-min-height elementor-section-height-default elementor-section-items-middle\" data-id=\"c62f0f8\" data-element_type=\"section\" data-settings=\"{&quot;background_background&quot;:&quot;classic&quot;}\">\n\t\t\t\t\t\t<div class=\"elementor-container elementor-column-gap-default\">\n\t\t\t\t\t<div class=\"elementor-column elementor-col-100 elementor-top-column elementor-element elementor-element-4e571ca\" data-id=\"4e571ca\" data-element_type=\"column\">\n\t\t\t<div class=\"elementor-widget-wrap elementor-element-populated\">\n\t\t\t\t\t\t<div class=\"elementor-element elementor-element-cad77c8 elementor-widget elementor-widget-heading\" data-id=\"cad77c8\" data-element_type=\"widget\" data-widget_type=\"heading.default\">\n\t\t\t\t<div class=\"elementor-widget-container\">\n\t\t\t\t\t<p class=\"elementor-heading-title elementor-size-default\">Environment<\/p>\t\t\t\t<\/div>\n\t\t\t\t<\/div>\n\t\t\t\t\t<\/div>\n\t\t<\/div>\n\t\t\t\t\t<\/div>\n\t\t<\/section>\n\t\t\t\t<section class=\"elementor-section elementor-top-section elementor-element elementor-element-ccc04e2 elementor-section-boxed elementor-section-height-default elementor-section-height-default\" data-id=\"ccc04e2\" data-element_type=\"section\" data-settings=\"{&quot;background_background&quot;:&quot;classic&quot;}\">\n\t\t\t\t\t\t<div class=\"elementor-container elementor-column-gap-default\">\n\t\t\t\t\t<div class=\"elementor-column elementor-col-50 elementor-top-column elementor-element elementor-element-70c0ce8\" data-id=\"70c0ce8\" data-element_type=\"column\">\n\t\t\t<div class=\"elementor-widget-wrap elementor-element-populated\">\n\t\t\t\t\t\t<div class=\"elementor-element elementor-element-3fcfe30 elementor-hidden-desktop elementor-hidden-laptop elementor-hidden-tablet elementor-widget elementor-widget-spacer\" data-id=\"3fcfe30\" data-element_type=\"widget\" data-widget_type=\"spacer.default\">\n\t\t\t\t<div class=\"elementor-widget-container\">\n\t\t\t\t\t\t\t<div class=\"elementor-spacer\">\n\t\t\t<div class=\"elementor-spacer-inner\"><\/div>\n\t\t<\/div>\n\t\t\t\t\t\t<\/div>\n\t\t\t\t<\/div>\n\t\t\t\t<div class=\"elementor-element elementor-element-cf435f0 elementor-widget elementor-widget-heading\" data-id=\"cf435f0\" data-element_type=\"widget\" data-widget_type=\"heading.default\">\n\t\t\t\t<div class=\"elementor-widget-container\">\n\t\t\t\t\t<h2 class=\"elementor-heading-title elementor-size-default\">Ponds of Villaf\u00e1fila<\/h2>\t\t\t\t<\/div>\n\t\t\t\t<\/div>\n\t\t\t\t<div class=\"elementor-element elementor-element-354edb8 elementor-widget-divider--view-line elementor-widget elementor-widget-divider\" data-id=\"354edb8\" data-element_type=\"widget\" data-widget_type=\"divider.default\">\n\t\t\t\t<div class=\"elementor-widget-container\">\n\t\t\t\t\t\t\t<div class=\"elementor-divider\">\n\t\t\t<span class=\"elementor-divider-separator\">\n\t\t\t\t\t\t<\/span>\n\t\t<\/div>\n\t\t\t\t\t\t<\/div>\n\t\t\t\t<\/div>\n\t\t\t\t<div class=\"elementor-element elementor-element-edaa482 elementor-widget elementor-widget-text-editor\" data-id=\"edaa482\" data-element_type=\"widget\" data-widget_type=\"text-editor.default\">\n\t\t\t\t<div class=\"elementor-widget-container\">\n\t\t\t\t\t\t\t\t\t<p>Las <strong>Ponds of Villaf\u00e1fila<\/strong> es un hermoso paisaje natural ubicado en la provincia de Zamora en plena Tierra de Campos. Esta <strong>Reserva Natural<\/strong>\u00a0 es conocido por sus impresionantes vistas de lagunas que albergan una amplia variedad de especies animales y vegetales. Si eres un amante de la naturaleza, sin duda encontrar\u00e1s a las <strong>Ponds of Villaf\u00e1fila<\/strong> un lugar fascinante para visitar. Aqu\u00ed tendr\u00e1s la oportunidad de ver la mayor concentraci\u00f3n europea de <b>avutardas, <\/b>adem\u00e1s de otras aves migratorias. Tambi\u00e9n hay varios senderos disponibles para caminar donde podr\u00e1s disfrutar de un paseo relajado, admirando el impresionante paisaje a tu propio ritmo.<\/p><p>Si buscas escapar del ajetreo y el bullicio de la vida en la ciudad,\u00a0 las Lagunas de Villaf\u00e1fila es un destino perfecto para relajarte, descansar y reconectarte con la naturaleza.<\/p>\t\t\t\t\t\t\t\t<\/div>\n\t\t\t\t<\/div>\n\t\t\t\t<section class=\"elementor-section elementor-inner-section elementor-element elementor-element-3c5e63c elementor-section-full_width elementor-hidden-tablet elementor-hidden-mobile elementor-section-height-default elementor-section-height-default\" data-id=\"3c5e63c\" data-element_type=\"section\">\n\t\t\t\t\t\t<div class=\"elementor-container elementor-column-gap-default\">\n\t\t\t\t\t<div class=\"elementor-column elementor-col-33 elementor-inner-column elementor-element elementor-element-c0c7a62\" data-id=\"c0c7a62\" data-element_type=\"column\">\n\t\t\t<div class=\"elementor-widget-wrap elementor-element-populated\">\n\t\t\t\t\t\t<div class=\"elementor-element elementor-element-207ad3b elementor-mobile-position-left elementor-view-default elementor-position-top elementor-widget elementor-widget-icon-box\" data-id=\"207ad3b\" data-element_type=\"widget\" data-widget_type=\"icon-box.default\">\n\t\t\t\t<div class=\"elementor-widget-container\">\n\t\t\t\t\t\t\t<div class=\"elementor-icon-box-wrapper\">\n\n\t\t\t\t\t\t<div class=\"elementor-icon-box-icon\">\n\t\t\t\t<span  class=\"elementor-icon\">\n\t\t\t\t<svg xmlns=\"http:\/\/www.w3.org\/2000\/svg\" width=\"44\" height=\"47\" viewbox=\"0 0 44 47\" fill=\"none\"><path d=\"M22.5 47V38.5M22.5 38.5H43C35.8313 34.8971 32.3794 32.4206 30 25H37.5C27.2712 17.5168 24.3486 12.0894 22.5 1C19.538 11.7267 16.4851 17.103 7.5 25H15C12.5981 31.4139 9.29624 34.2766 1 38.5H22.5Z\" stroke=\"#A58E74\"><\/path><\/svg>\t\t\t\t<\/span>\n\t\t\t<\/div>\n\t\t\t\n\t\t\t\t\t\t<div class=\"elementor-icon-box-content\">\n\n\t\t\t\t\t\t\t\t\t<h3 class=\"elementor-icon-box-title\">\n\t\t\t\t\t\t<span  >\n\t\t\t\t\t\t\tReserva Natural\t\t\t\t\t\t<\/span>\n\t\t\t\t\t<\/h3>\n\t\t\t\t\n\t\t\t\t\n\t\t\t<\/div>\n\t\t\t\n\t\t<\/div>\n\t\t\t\t\t\t<\/div>\n\t\t\t\t<\/div>\n\t\t\t\t\t<\/div>\n\t\t<\/div>\n\t\t\t\t<div class=\"elementor-column elementor-col-33 elementor-inner-column elementor-element elementor-element-15bf21e\" data-id=\"15bf21e\" data-element_type=\"column\">\n\t\t\t<div class=\"elementor-widget-wrap elementor-element-populated\">\n\t\t\t\t\t\t<div class=\"elementor-element elementor-element-fee8ed9 elementor-mobile-position-left elementor-view-default elementor-position-top elementor-widget elementor-widget-icon-box\" data-id=\"fee8ed9\" data-element_type=\"widget\" data-widget_type=\"icon-box.default\">\n\t\t\t\t<div class=\"elementor-widget-container\">\n\t\t\t\t\t\t\t<div class=\"elementor-icon-box-wrapper\">\n\n\t\t\t\t\t\t<div class=\"elementor-icon-box-icon\">\n\t\t\t\t<span  class=\"elementor-icon\">\n\t\t\t\t<svg xmlns=\"http:\/\/www.w3.org\/2000\/svg\" width=\"31\" height=\"48\" viewbox=\"0 0 31 48\" fill=\"none\"><path d=\"M1 22L4.5 12\" stroke=\"#A58E74\"><\/path><path d=\"M30.5 14L29.5 20\" stroke=\"#A58E74\"><\/path><path d=\"M28.5 26L24.5 47.5\" stroke=\"#A58E74\"><\/path><path d=\"M10.5 35C7 35 4.5 40.5 4.5 48\" stroke=\"#A58E74\"><\/path><path d=\"M29.5 23H22.5C20.2561 22.5766 18.5 22 17.5 19C16.5 16 16.5 13 16.5 13C12.4922 12.5423 10 13 8.5 16.5C7 20 4.5 27.5 4.5 27.5L14.5 33C14.5698 43.3982 16 46.5 19.5 47\" stroke=\"#A58E74\"><\/path><path d=\"M16.47 9.44886C15.5635 9.01326 14.5951 8.35151 13.8411 7.53418C13.029 6.65385 12.5 5.63291 12.5 4.54545C12.5 3.40007 12.8795 2.39076 13.5494 1.67234C14.215 0.958676 15.1964 0.5 16.4698 0.5C17.744 0.5 18.7424 0.959351 19.4237 1.67587C20.1086 2.39611 20.5 3.40495 20.5 4.54545C20.5 5.62893 19.9597 6.64889 19.1317 7.53102C18.3634 8.34955 17.3801 9.01245 16.47 9.44886Z\" stroke=\"#A58E74\"><\/path><\/svg>\t\t\t\t<\/span>\n\t\t\t<\/div>\n\t\t\t\n\t\t\t\t\t\t<div class=\"elementor-icon-box-content\">\n\n\t\t\t\t\t\t\t\t\t<h3 class=\"elementor-icon-box-title\">\n\t\t\t\t\t\t<span  >\n\t\t\t\t\t\t\tSenderismo\t\t\t\t\t\t<\/span>\n\t\t\t\t\t<\/h3>\n\t\t\t\t\n\t\t\t\t\n\t\t\t<\/div>\n\t\t\t\n\t\t<\/div>\n\t\t\t\t\t\t<\/div>\n\t\t\t\t<\/div>\n\t\t\t\t\t<\/div>\n\t\t<\/div>\n\t\t\t\t<div class=\"elementor-column elementor-col-33 elementor-inner-column elementor-element elementor-element-43a2ff5\" data-id=\"43a2ff5\" data-element_type=\"column\">\n\t\t\t<div class=\"elementor-widget-wrap elementor-element-populated\">\n\t\t\t\t\t\t<div class=\"elementor-element elementor-element-f3434c9 elementor-mobile-position-left elementor-view-default elementor-position-top elementor-widget elementor-widget-icon-box\" data-id=\"f3434c9\" data-element_type=\"widget\" data-widget_type=\"icon-box.default\">\n\t\t\t\t<div class=\"elementor-widget-container\">\n\t\t\t\t\t\t\t<div class=\"elementor-icon-box-wrapper\">\n\n\t\t\t\t\t\t<div class=\"elementor-icon-box-icon\">\n\t\t\t\t<span  class=\"elementor-icon\">\n\t\t\t\t<svg xmlns=\"http:\/\/www.w3.org\/2000\/svg\" width=\"48\" height=\"36\" viewbox=\"0 0 48 36\" fill=\"none\"><path d=\"M1 35V7.5C1 7.5 9.70972 7.45332 14 7.5C18.2903 7.54668 20.0104 5.71467 21.5 1H35C35.4313 6.79781 38.6886 7.75284 47 7.5V29C46.6671 33.5048 45.3886 34.7295 41.5 35H1Z\" stroke=\"#A58E74\"><\/path><path d=\"M6 13L12 13\" stroke=\"#A58E74\"><\/path><circle cx=\"28\" cy=\"20\" r=\"9.5\" stroke=\"#A58E74\"><\/circle><\/svg>\t\t\t\t<\/span>\n\t\t\t<\/div>\n\t\t\t\n\t\t\t\t\t\t<div class=\"elementor-icon-box-content\">\n\n\t\t\t\t\t\t\t\t\t<h3 class=\"elementor-icon-box-title\">\n\t\t\t\t\t\t<span  >\n\t\t\t\t\t\t\tObservatorio\t\t\t\t\t\t<\/span>\n\t\t\t\t\t<\/h3>\n\t\t\t\t\n\t\t\t\t\n\t\t\t<\/div>\n\t\t\t\n\t\t<\/div>\n\t\t\t\t\t\t<\/div>\n\t\t\t\t<\/div>\n\t\t\t\t\t<\/div>\n\t\t<\/div>\n\t\t\t\t\t<\/div>\n\t\t<\/section>\n\t\t\t\t<section class=\"elementor-section elementor-inner-section elementor-element elementor-element-17e18a7 elementor-hidden-desktop elementor-hidden-laptop elementor-section-boxed elementor-section-height-default elementor-section-height-default\" data-id=\"17e18a7\" data-element_type=\"section\">\n\t\t\t\t\t\t<div class=\"elementor-container elementor-column-gap-default\">\n\t\t\t\t\t<div class=\"elementor-column elementor-col-33 elementor-inner-column elementor-element elementor-element-dfd2e17\" data-id=\"dfd2e17\" data-element_type=\"column\">\n\t\t\t<div class=\"elementor-widget-wrap elementor-element-populated\">\n\t\t\t\t\t\t<div class=\"elementor-element elementor-element-5afbad2 elementor-mobile-align-center elementor-align-center elementor-icon-list--layout-traditional elementor-list-item-link-full_width elementor-widget elementor-widget-icon-list\" data-id=\"5afbad2\" data-element_type=\"widget\" data-widget_type=\"icon-list.default\">\n\t\t\t\t<div class=\"elementor-widget-container\">\n\t\t\t\t\t\t\t<ul class=\"elementor-icon-list-items\">\n\t\t\t\t\t\t\t<li class=\"elementor-icon-list-item\">\n\t\t\t\t\t\t\t\t\t\t\t<span class=\"elementor-icon-list-icon\">\n\t\t\t\t\t\t\t<svg xmlns=\"http:\/\/www.w3.org\/2000\/svg\" width=\"44\" height=\"47\" viewbox=\"0 0 44 47\" fill=\"none\"><path d=\"M22.5 47V38.5M22.5 38.5H43C35.8313 34.8971 32.3794 32.4206 30 25H37.5C27.2712 17.5168 24.3486 12.0894 22.5 1C19.538 11.7267 16.4851 17.103 7.5 25H15C12.5981 31.4139 9.29624 34.2766 1 38.5H22.5Z\" stroke=\"#A58E74\"><\/path><\/svg>\t\t\t\t\t\t<\/span>\n\t\t\t\t\t\t\t\t\t\t<span class=\"elementor-icon-list-text\">Reserva Natural<\/span>\n\t\t\t\t\t\t\t\t\t<\/li>\n\t\t\t\t\t\t<\/ul>\n\t\t\t\t\t\t<\/div>\n\t\t\t\t<\/div>\n\t\t\t\t\t<\/div>\n\t\t<\/div>\n\t\t\t\t<div class=\"elementor-column elementor-col-33 elementor-inner-column elementor-element elementor-element-92d0502\" data-id=\"92d0502\" data-element_type=\"column\">\n\t\t\t<div class=\"elementor-widget-wrap elementor-element-populated\">\n\t\t\t\t\t\t<div class=\"elementor-element elementor-element-4a39610 elementor-mobile-align-center elementor-align-center elementor-icon-list--layout-traditional elementor-list-item-link-full_width elementor-widget elementor-widget-icon-list\" data-id=\"4a39610\" data-element_type=\"widget\" data-widget_type=\"icon-list.default\">\n\t\t\t\t<div class=\"elementor-widget-container\">\n\t\t\t\t\t\t\t<ul class=\"elementor-icon-list-items\">\n\t\t\t\t\t\t\t<li class=\"elementor-icon-list-item\">\n\t\t\t\t\t\t\t\t\t\t\t<span class=\"elementor-icon-list-icon\">\n\t\t\t\t\t\t\t<svg xmlns=\"http:\/\/www.w3.org\/2000\/svg\" width=\"31\" height=\"48\" viewbox=\"0 0 31 48\" fill=\"none\"><path d=\"M1 22L4.5 12\" stroke=\"#A58E74\"><\/path><path d=\"M30.5 14L29.5 20\" stroke=\"#A58E74\"><\/path><path d=\"M28.5 26L24.5 47.5\" stroke=\"#A58E74\"><\/path><path d=\"M10.5 35C7 35 4.5 40.5 4.5 48\" stroke=\"#A58E74\"><\/path><path d=\"M29.5 23H22.5C20.2561 22.5766 18.5 22 17.5 19C16.5 16 16.5 13 16.5 13C12.4922 12.5423 10 13 8.5 16.5C7 20 4.5 27.5 4.5 27.5L14.5 33C14.5698 43.3982 16 46.5 19.5 47\" stroke=\"#A58E74\"><\/path><path d=\"M16.47 9.44886C15.5635 9.01326 14.5951 8.35151 13.8411 7.53418C13.029 6.65385 12.5 5.63291 12.5 4.54545C12.5 3.40007 12.8795 2.39076 13.5494 1.67234C14.215 0.958676 15.1964 0.5 16.4698 0.5C17.744 0.5 18.7424 0.959351 19.4237 1.67587C20.1086 2.39611 20.5 3.40495 20.5 4.54545C20.5 5.62893 19.9597 6.64889 19.1317 7.53102C18.3634 8.34955 17.3801 9.01245 16.47 9.44886Z\" stroke=\"#A58E74\"><\/path><\/svg>\t\t\t\t\t\t<\/span>\n\t\t\t\t\t\t\t\t\t\t<span class=\"elementor-icon-list-text\">Senderismo<\/span>\n\t\t\t\t\t\t\t\t\t<\/li>\n\t\t\t\t\t\t<\/ul>\n\t\t\t\t\t\t<\/div>\n\t\t\t\t<\/div>\n\t\t\t\t\t<\/div>\n\t\t<\/div>\n\t\t\t\t<div class=\"elementor-column elementor-col-33 elementor-inner-column elementor-element elementor-element-b69584d\" data-id=\"b69584d\" data-element_type=\"column\">\n\t\t\t<div class=\"elementor-widget-wrap elementor-element-populated\">\n\t\t\t\t\t\t<div class=\"elementor-element elementor-element-d17f625 elementor-mobile-align-center elementor-align-center elementor-icon-list--layout-traditional elementor-list-item-link-full_width elementor-widget elementor-widget-icon-list\" data-id=\"d17f625\" data-element_type=\"widget\" data-widget_type=\"icon-list.default\">\n\t\t\t\t<div class=\"elementor-widget-container\">\n\t\t\t\t\t\t\t<ul class=\"elementor-icon-list-items\">\n\t\t\t\t\t\t\t<li class=\"elementor-icon-list-item\">\n\t\t\t\t\t\t\t\t\t\t\t<span class=\"elementor-icon-list-icon\">\n\t\t\t\t\t\t\t<svg xmlns=\"http:\/\/www.w3.org\/2000\/svg\" width=\"48\" height=\"36\" viewbox=\"0 0 48 36\" fill=\"none\"><path d=\"M1 35V7.5C1 7.5 9.70972 7.45332 14 7.5C18.2903 7.54668 20.0104 5.71467 21.5 1H35C35.4313 6.79781 38.6886 7.75284 47 7.5V29C46.6671 33.5048 45.3886 34.7295 41.5 35H1Z\" stroke=\"#A58E74\"><\/path><path d=\"M6 13L12 13\" stroke=\"#A58E74\"><\/path><circle cx=\"28\" cy=\"20\" r=\"9.5\" stroke=\"#A58E74\"><\/circle><\/svg>\t\t\t\t\t\t<\/span>\n\t\t\t\t\t\t\t\t\t\t<span class=\"elementor-icon-list-text\">Observatorio<\/span>\n\t\t\t\t\t\t\t\t\t<\/li>\n\t\t\t\t\t\t<\/ul>\n\t\t\t\t\t\t<\/div>\n\t\t\t\t<\/div>\n\t\t\t\t\t<\/div>\n\t\t<\/div>\n\t\t\t\t\t<\/div>\n\t\t<\/section>\n\t\t\t\t\t<\/div>\n\t\t<\/div>\n\t\t\t\t<div class=\"elementor-column elementor-col-50 elementor-top-column elementor-element elementor-element-a9a2e43\" data-id=\"a9a2e43\" data-element_type=\"column\">\n\t\t\t<div class=\"elementor-widget-wrap elementor-element-populated\">\n\t\t\t\t\t\t<div class=\"elementor-element elementor-element-ca86ab2 elementor-widget elementor-widget-spacer\" data-id=\"ca86ab2\" data-element_type=\"widget\" data-widget_type=\"spacer.default\">\n\t\t\t\t<div class=\"elementor-widget-container\">\n\t\t\t\t\t\t\t<div class=\"elementor-spacer\">\n\t\t\t<div class=\"elementor-spacer-inner\"><\/div>\n\t\t<\/div>\n\t\t\t\t\t\t<\/div>\n\t\t\t\t<\/div>\n\t\t\t\t<div class=\"elementor-element elementor-element-6140260 elementor-widget elementor-widget-image\" data-id=\"6140260\" data-element_type=\"widget\" data-widget_type=\"image.default\">\n\t\t\t\t<div class=\"elementor-widget-container\">\n\t\t\t\t\t\t\t\t\t\t\t\t\t\t\t<img fetchpriority=\"high\" decoding=\"async\" width=\"768\" height=\"436\" src=\"https:\/\/casadeltrotamundos.com\/wp-content\/uploads\/2023\/05\/lagunas-villafafila-768x436.jpg\" class=\"attachment-medium_large size-medium_large wp-image-3167\" alt=\"Lagunas de Villaf\u00e1fila en un d\u00eda nublado con un mirador de aves al fondo y aves acu\u00e1ticas en la laguna\" srcset=\"https:\/\/casadeltrotamundos.com\/wp-content\/uploads\/2023\/05\/lagunas-villafafila-768x436.jpg 768w, https:\/\/casadeltrotamundos.com\/wp-content\/uploads\/2023\/05\/lagunas-villafafila-300x170.jpg 300w, https:\/\/casadeltrotamundos.com\/wp-content\/uploads\/2023\/05\/lagunas-villafafila-1024x582.jpg 1024w, https:\/\/casadeltrotamundos.com\/wp-content\/uploads\/2023\/05\/lagunas-villafafila.jpg 1037w\" sizes=\"(max-width: 768px) 100vw, 768px\" \/>\t\t\t\t\t\t\t\t\t\t\t\t\t\t\t<\/div>\n\t\t\t\t<\/div>\n\t\t\t\t<div class=\"elementor-element elementor-element-72315db elementor-widget elementor-widget-spacer\" data-id=\"72315db\" data-element_type=\"widget\" data-widget_type=\"spacer.default\">\n\t\t\t\t<div class=\"elementor-widget-container\">\n\t\t\t\t\t\t\t<div class=\"elementor-spacer\">\n\t\t\t<div class=\"elementor-spacer-inner\"><\/div>\n\t\t<\/div>\n\t\t\t\t\t\t<\/div>\n\t\t\t\t<\/div>\n\t\t\t\t<section class=\"elementor-section elementor-inner-section elementor-element elementor-element-4eff80b elementor-section-boxed elementor-section-height-default elementor-section-height-default\" data-id=\"4eff80b\" data-element_type=\"section\">\n\t\t\t\t\t\t<div class=\"elementor-container elementor-column-gap-default\">\n\t\t\t\t\t<div class=\"elementor-column elementor-col-100 elementor-inner-column elementor-element elementor-element-c407b9b\" data-id=\"c407b9b\" data-element_type=\"column\">\n\t\t\t<div class=\"elementor-widget-wrap elementor-element-populated\">\n\t\t\t\t\t\t<div class=\"elementor-element elementor-element-c9b0ebf elementor-view-framed elementor-shape-circle elementor-position-top elementor-mobile-position-top elementor-widget elementor-widget-icon-box\" data-id=\"c9b0ebf\" data-element_type=\"widget\" data-widget_type=\"icon-box.default\">\n\t\t\t\t<div class=\"elementor-widget-container\">\n\t\t\t\t\t\t\t<div class=\"elementor-icon-box-wrapper\">\n\n\t\t\t\t\t\t<div class=\"elementor-icon-box-icon\">\n\t\t\t\t<a href=\"https:\/\/heyzine.com\/flip-book\/fa0bc575f2.html\" target=\"_blank\" class=\"elementor-icon elementor-animation-pulse\" tabindex=\"-1\" aria-label=\"Parque natural\" rel=\"noopener\">\n\t\t\t\t<svg xmlns=\"http:\/\/www.w3.org\/2000\/svg\" width=\"44\" height=\"47\" viewbox=\"0 0 44 47\" fill=\"none\"><path d=\"M22.5 47V38.5M22.5 38.5H43C35.8313 34.8971 32.3794 32.4206 30 25H37.5C27.2712 17.5168 24.3486 12.0894 22.5 1C19.538 11.7267 16.4851 17.103 7.5 25H15C12.5981 31.4139 9.29624 34.2766 1 38.5H22.5Z\" stroke=\"#A58E74\"><\/path><\/svg>\t\t\t\t<\/a>\n\t\t\t<\/div>\n\t\t\t\n\t\t\t\t\t\t<div class=\"elementor-icon-box-content\">\n\n\t\t\t\t\t\t\t\t\t<h3 class=\"elementor-icon-box-title\">\n\t\t\t\t\t\t<a href=\"https:\/\/heyzine.com\/flip-book\/fa0bc575f2.html\" target=\"_blank\" rel=\"noopener\">\n\t\t\t\t\t\t\tParque natural\t\t\t\t\t\t<\/a>\n\t\t\t\t\t<\/h3>\n\t\t\t\t\n\t\t\t\t\n\t\t\t<\/div>\n\t\t\t\n\t\t<\/div>\n\t\t\t\t\t\t<\/div>\n\t\t\t\t<\/div>\n\t\t\t\t\t<\/div>\n\t\t<\/div>\n\t\t\t\t\t<\/div>\n\t\t<\/section>\n\t\t\t\t<div class=\"elementor-element elementor-element-9a00052 elementor-widget elementor-widget-spacer\" data-id=\"9a00052\" data-element_type=\"widget\" data-widget_type=\"spacer.default\">\n\t\t\t\t<div class=\"elementor-widget-container\">\n\t\t\t\t\t\t\t<div class=\"elementor-spacer\">\n\t\t\t<div class=\"elementor-spacer-inner\"><\/div>\n\t\t<\/div>\n\t\t\t\t\t\t<\/div>\n\t\t\t\t<\/div>\n\t\t\t\t\t<\/div>\n\t\t<\/div>\n\t\t\t\t\t<\/div>\n\t\t<\/section>\n\t\t\t\t<\/div>","protected":false},"excerpt":{"rendered":"<p>Entorno Lagunas de Villaf\u00e1fila Las Lagunas de Villaf\u00e1fila es un hermoso paisaje natural ubicado en la provincia de Zamora en plena Tierra de Campos. Esta Reserva Natural\u00a0 es conocido por sus impresionantes vistas de lagunas que albergan una amplia variedad de especies animales y vegetales. Si eres un amante de la naturaleza, sin duda encontrar\u00e1s [&hellip;]<\/p>\n","protected":false},"author":1,"featured_media":0,"parent":391,"menu_order":0,"comment_status":"closed","ping_status":"closed","template":"","meta":{"footnotes":""},"class_list":["post-3168","page","type-page","status-publish","hentry"],"_links":{"self":[{"href":"https:\/\/casadeltrotamundos.com\/en\/wp-json\/wp\/v2\/pages\/3168","targetHints":{"allow":["GET"]}}],"collection":[{"href":"https:\/\/casadeltrotamundos.com\/en\/wp-json\/wp\/v2\/pages"}],"about":[{"href":"https:\/\/casadeltrotamundos.com\/en\/wp-json\/wp\/v2\/types\/page"}],"author":[{"embeddable":true,"href":"https:\/\/casadeltrotamundos.com\/en\/wp-json\/wp\/v2\/users\/1"}],"replies":[{"embeddable":true,"href":"https:\/\/casadeltrotamundos.com\/en\/wp-json\/wp\/v2\/comments?post=3168"}],"version-history":[{"count":35,"href":"https:\/\/casadeltrotamundos.com\/en\/wp-json\/wp\/v2\/pages\/3168\/revisions"}],"predecessor-version":[{"id":5634,"href":"https:\/\/casadeltrotamundos.com\/en\/wp-json\/wp\/v2\/pages\/3168\/revisions\/5634"}],"up":[{"embeddable":true,"href":"https:\/\/casadeltrotamundos.com\/en\/wp-json\/wp\/v2\/pages\/391"}],"wp:attachment":[{"href":"https:\/\/casadeltrotamundos.com\/en\/wp-json\/wp\/v2\/media?parent=3168"}],"curies":[{"name":"wp","href":"https:\/\/api.w.org\/{rel}","templated":true}]}}