{"id":3046,"date":"2023-05-18T14:41:48","date_gmt":"2023-05-18T14:41:48","guid":{"rendered":"https:\/\/casadeltrotamundos.com\/?page_id=3046"},"modified":"2023-06-05T16:25:53","modified_gmt":"2023-06-05T16:25:53","slug":"benavente","status":"publish","type":"page","link":"https:\/\/casadeltrotamundos.com\/en\/entorno\/benavente\/","title":{"rendered":"Benavente"},"content":{"rendered":"<div data-elementor-type=\"wp-page\" data-elementor-id=\"3046\" class=\"elementor elementor-3046\" data-elementor-post-type=\"page\">\n\t\t\t\t\t\t<section class=\"elementor-section elementor-top-section elementor-element elementor-element-2c1dd8d elementor-section-content-middle elementor-section-full_width elementor-section-height-min-height elementor-section-height-default elementor-section-items-middle\" data-id=\"2c1dd8d\" data-element_type=\"section\" data-e-type=\"section\" data-settings=\"{&quot;background_background&quot;:&quot;classic&quot;}\">\n\t\t\t\t\t\t<div class=\"elementor-container elementor-column-gap-default\">\n\t\t\t\t\t<div class=\"elementor-column elementor-col-100 elementor-top-column elementor-element elementor-element-33309ae\" data-id=\"33309ae\" data-element_type=\"column\" data-e-type=\"column\">\n\t\t\t<div class=\"elementor-widget-wrap elementor-element-populated\">\n\t\t\t\t\t\t<div class=\"elementor-element elementor-element-5fd48e8 elementor-widget elementor-widget-heading\" data-id=\"5fd48e8\" data-element_type=\"widget\" data-e-type=\"widget\" data-widget_type=\"heading.default\">\n\t\t\t\t<div class=\"elementor-widget-container\">\n\t\t\t\t\t<p class=\"elementor-heading-title elementor-size-default\">Environment<\/p>\t\t\t\t<\/div>\n\t\t\t\t<\/div>\n\t\t\t\t\t<\/div>\n\t\t<\/div>\n\t\t\t\t\t<\/div>\n\t\t<\/section>\n\t\t\t\t<section class=\"elementor-section elementor-top-section elementor-element elementor-element-ee3cfa4 elementor-section-boxed elementor-section-height-default elementor-section-height-default\" data-id=\"ee3cfa4\" data-element_type=\"section\" data-e-type=\"section\" data-settings=\"{&quot;background_background&quot;:&quot;classic&quot;}\">\n\t\t\t\t\t\t<div class=\"elementor-container elementor-column-gap-default\">\n\t\t\t\t\t<div class=\"elementor-column elementor-col-50 elementor-top-column elementor-element elementor-element-5510558\" data-id=\"5510558\" data-element_type=\"column\" data-e-type=\"column\">\n\t\t\t<div class=\"elementor-widget-wrap elementor-element-populated\">\n\t\t\t\t\t\t<div class=\"elementor-element elementor-element-4e92d38 elementor-hidden-desktop elementor-hidden-laptop elementor-hidden-tablet elementor-widget elementor-widget-spacer\" data-id=\"4e92d38\" data-element_type=\"widget\" data-e-type=\"widget\" data-widget_type=\"spacer.default\">\n\t\t\t\t<div class=\"elementor-widget-container\">\n\t\t\t\t\t\t\t<div class=\"elementor-spacer\">\n\t\t\t<div class=\"elementor-spacer-inner\"><\/div>\n\t\t<\/div>\n\t\t\t\t\t\t<\/div>\n\t\t\t\t<\/div>\n\t\t\t\t<div class=\"elementor-element elementor-element-1cbebd3 elementor-widget elementor-widget-heading\" data-id=\"1cbebd3\" data-element_type=\"widget\" data-e-type=\"widget\" data-widget_type=\"heading.default\">\n\t\t\t\t<div class=\"elementor-widget-container\">\n\t\t\t\t\t<h2 class=\"elementor-heading-title elementor-size-default\">Benavente<\/h2>\t\t\t\t<\/div>\n\t\t\t\t<\/div>\n\t\t\t\t<div class=\"elementor-element elementor-element-99209ea elementor-widget-divider--view-line elementor-widget elementor-widget-divider\" data-id=\"99209ea\" data-element_type=\"widget\" data-e-type=\"widget\" data-widget_type=\"divider.default\">\n\t\t\t\t<div class=\"elementor-widget-container\">\n\t\t\t\t\t\t\t<div class=\"elementor-divider\">\n\t\t\t<span class=\"elementor-divider-separator\">\n\t\t\t\t\t\t<\/span>\n\t\t<\/div>\n\t\t\t\t\t\t<\/div>\n\t\t\t\t<\/div>\n\t\t\t\t<div class=\"elementor-element elementor-element-13a1c12 elementor-widget elementor-widget-text-editor\" data-id=\"13a1c12\" data-element_type=\"widget\" data-e-type=\"widget\" data-widget_type=\"text-editor.default\">\n\t\t\t\t<div class=\"elementor-widget-container\">\n\t\t\t\t\t\t\t\t\t<p>Benavente ha ido acumulando un rico patrimonio art\u00edstico aportado por las diferentes culturas que en ella se han asentado. Su envidiable situaci\u00f3n en el noroeste de la pen\u00ednsula ha hecho que a lo largo de la historia siempre haya sido un importante cruce de caminos. Entre ellos cabe destacar los caminos jacobeos: <strong>V\u00eda de la Plata, Camino de Oriente (Alicante y Madrid), Camino de Valladolid, la Ruta por el Valle del Tera y el Camino de Asturias.<\/strong><br \/>En esta ciudad rodeada de r\u00edos, encontrar\u00e1s una rica gastronom\u00eda, fiestas y tradiciones que se mantienen vivas, as\u00ed como una amplia oferta cultural y de ocio.<\/p>\t\t\t\t\t\t\t\t<\/div>\n\t\t\t\t<\/div>\n\t\t\t\t<section class=\"elementor-section elementor-inner-section elementor-element elementor-element-ec8f1ab elementor-section-full_width elementor-hidden-tablet elementor-hidden-mobile elementor-section-height-default elementor-section-height-default\" data-id=\"ec8f1ab\" data-element_type=\"section\" data-e-type=\"section\">\n\t\t\t\t\t\t<div class=\"elementor-container elementor-column-gap-default\">\n\t\t\t\t\t<div class=\"elementor-column elementor-col-33 elementor-inner-column elementor-element elementor-element-5dd9121\" data-id=\"5dd9121\" data-element_type=\"column\" data-e-type=\"column\">\n\t\t\t<div class=\"elementor-widget-wrap elementor-element-populated\">\n\t\t\t\t\t\t<div class=\"elementor-element elementor-element-85ea747 elementor-mobile-position-inline-start elementor-view-default elementor-position-block-start elementor-widget elementor-widget-icon-box\" data-id=\"85ea747\" data-element_type=\"widget\" data-e-type=\"widget\" data-widget_type=\"icon-box.default\">\n\t\t\t\t<div class=\"elementor-widget-container\">\n\t\t\t\t\t\t\t<div class=\"elementor-icon-box-wrapper\">\n\n\t\t\t\t\t\t<div class=\"elementor-icon-box-icon\">\n\t\t\t\t<span  class=\"elementor-icon\">\n\t\t\t\t<svg xmlns=\"http:\/\/www.w3.org\/2000\/svg\" width=\"29\" height=\"30\" viewbox=\"0 0 29 30\" fill=\"none\"><path d=\"M1 29H28C27.0638 20.4898 24.8883 15.0426 28 1.3584H1C4.77043 14.8983 1.97006 20.872 1 29Z\" stroke=\"#A58E74\"><\/path><path d=\"M20.2422 21H15.6406V20.4453C15.7656 20.4349 15.9453 20.4193 16.1797 20.3984C16.4193 20.3776 16.5833 20.3464 16.6719 20.3047C16.8281 20.2422 16.9427 20.1484 17.0156 20.0234C17.0885 19.8932 17.125 19.7266 17.125 19.5234V15.5781H11.9141V19.4375C11.9141 19.6198 11.9427 19.7734 12 19.8984C12.0625 20.0234 12.1823 20.1328 12.3594 20.2266C12.4479 20.2734 12.6042 20.3203 12.8281 20.3672C13.0573 20.4141 13.237 20.4401 13.3672 20.4453V21H8.76562V20.4453C8.89062 20.4349 9.07031 20.4193 9.30469 20.3984C9.54427 20.3776 9.70833 20.3464 9.79688 20.3047C9.95312 20.2422 10.0677 20.1484 10.1406 20.0234C10.2135 19.8932 10.25 19.7266 10.25 19.5234V11.5234C10.25 11.3568 10.2161 11.2057 10.1484 11.0703C10.0807 10.9297 9.96354 10.8203 9.79688 10.7422C9.65625 10.6745 9.48438 10.6146 9.28125 10.5625C9.08333 10.5104 8.91146 10.4792 8.76562 10.4688V9.91406H13.3672V10.4688C13.2214 10.474 13.0417 10.4974 12.8281 10.5391C12.6198 10.5807 12.4635 10.6198 12.3594 10.6562C12.1823 10.7188 12.0625 10.8229 12 10.9688C11.9427 11.1146 11.9141 11.2734 11.9141 11.4453V14.8828H17.125V11.5234C17.125 11.3568 17.0911 11.2057 17.0234 11.0703C16.9557 10.9297 16.8385 10.8203 16.6719 10.7422C16.5312 10.6745 16.3594 10.6146 16.1562 10.5625C15.9583 10.5104 15.7865 10.4792 15.6406 10.4688V9.91406H20.2422V10.4688C20.0964 10.474 19.9167 10.4974 19.7031 10.5391C19.4948 10.5807 19.3385 10.6198 19.2344 10.6562C19.0573 10.7188 18.9375 10.8229 18.875 10.9688C18.8177 11.1146 18.7891 11.2734 18.7891 11.4453V19.4375C18.7891 19.6198 18.8177 19.7734 18.875 19.8984C18.9375 20.0234 19.0573 20.1328 19.2344 20.2266C19.3229 20.2734 19.4792 20.3203 19.7031 20.3672C19.9323 20.4141 20.112 20.4401 20.2422 20.4453V21Z\" fill=\"#A58E74\"><\/path><\/svg>\t\t\t\t<\/span>\n\t\t\t<\/div>\n\t\t\t\n\t\t\t\t\t\t<div class=\"elementor-icon-box-content\">\n\n\t\t\t\t\t\t\t\t\t<h3 class=\"elementor-icon-box-title\">\n\t\t\t\t\t\t<span  >\n\t\t\t\t\t\t\tHistoria\t\t\t\t\t\t<\/span>\n\t\t\t\t\t<\/h3>\n\t\t\t\t\n\t\t\t\t\n\t\t\t<\/div>\n\t\t\t\n\t\t<\/div>\n\t\t\t\t\t\t<\/div>\n\t\t\t\t<\/div>\n\t\t\t\t\t<\/div>\n\t\t<\/div>\n\t\t\t\t<div class=\"elementor-column elementor-col-33 elementor-inner-column elementor-element elementor-element-df1c210\" data-id=\"df1c210\" data-element_type=\"column\" data-e-type=\"column\">\n\t\t\t<div class=\"elementor-widget-wrap elementor-element-populated\">\n\t\t\t\t\t\t<div class=\"elementor-element elementor-element-69b1a76 elementor-mobile-position-inline-start elementor-view-default elementor-position-block-start elementor-widget elementor-widget-icon-box\" data-id=\"69b1a76\" data-element_type=\"widget\" data-e-type=\"widget\" data-widget_type=\"icon-box.default\">\n\t\t\t\t<div class=\"elementor-widget-container\">\n\t\t\t\t\t\t\t<div class=\"elementor-icon-box-wrapper\">\n\n\t\t\t\t\t\t<div class=\"elementor-icon-box-icon\">\n\t\t\t\t<span  class=\"elementor-icon\">\n\t\t\t\t<svg xmlns=\"http:\/\/www.w3.org\/2000\/svg\" width=\"47\" height=\"49\" viewbox=\"0 0 47 49\" fill=\"none\"><path d=\"M8.5 22V39\" stroke=\"#A58E74\"><\/path><path d=\"M18.5 22V39\" stroke=\"#A58E74\"><\/path><path d=\"M28.5 22V39\" stroke=\"#A58E74\"><\/path><path d=\"M38.5 22V39\" stroke=\"#A58E74\"><\/path><path d=\"M4 43H43.5\" stroke=\"#A58E74\"><\/path><path d=\"M0 48L47 48\" stroke=\"#A58E74\"><\/path><path d=\"M0.5 17.5H46.5C35 13 29 9.5 23.5 1C17 9 11.5 13 0.5 17.5Z\" stroke=\"#A58E74\"><\/path><\/svg>\t\t\t\t<\/span>\n\t\t\t<\/div>\n\t\t\t\n\t\t\t\t\t\t<div class=\"elementor-icon-box-content\">\n\n\t\t\t\t\t\t\t\t\t<h3 class=\"elementor-icon-box-title\">\n\t\t\t\t\t\t<span  >\n\t\t\t\t\t\t\tPatrimonio\t\t\t\t\t\t<\/span>\n\t\t\t\t\t<\/h3>\n\t\t\t\t\n\t\t\t\t\n\t\t\t<\/div>\n\t\t\t\n\t\t<\/div>\n\t\t\t\t\t\t<\/div>\n\t\t\t\t<\/div>\n\t\t\t\t\t<\/div>\n\t\t<\/div>\n\t\t\t\t<div class=\"elementor-column elementor-col-33 elementor-inner-column elementor-element elementor-element-c37c02e\" data-id=\"c37c02e\" data-element_type=\"column\" data-e-type=\"column\">\n\t\t\t<div class=\"elementor-widget-wrap elementor-element-populated\">\n\t\t\t\t\t\t<div class=\"elementor-element elementor-element-9eb8daf elementor-mobile-position-inline-start elementor-view-default elementor-position-block-start elementor-widget elementor-widget-icon-box\" data-id=\"9eb8daf\" data-element_type=\"widget\" data-e-type=\"widget\" data-widget_type=\"icon-box.default\">\n\t\t\t\t<div class=\"elementor-widget-container\">\n\t\t\t\t\t\t\t<div class=\"elementor-icon-box-wrapper\">\n\n\t\t\t\t\t\t<div class=\"elementor-icon-box-icon\">\n\t\t\t\t<span  class=\"elementor-icon\">\n\t\t\t\t<svg xmlns=\"http:\/\/www.w3.org\/2000\/svg\" width=\"48\" height=\"48\" viewbox=\"0 0 48 48\" fill=\"none\"><path d=\"M0 47H47.5\" stroke=\"#A58E74\"><\/path><path d=\"M32.5 43.5V32H14.5V43.5\" stroke=\"#A58E74\"><\/path><path d=\"M23.5 43.5V32\" stroke=\"#A58E74\"><\/path><path d=\"M23.5 27V11\" stroke=\"#A58E74\"><\/path><path d=\"M29.5 17H17.5\" stroke=\"#A58E74\"><\/path><path d=\"M4.5 44V29L10.5 23V11C17.698 7.75669 20.3279 5.49967 23.5 1C27.4721 6.41578 30.3283 8.6161 36.5 11V23L42.5 29V44\" stroke=\"#A58E74\"><\/path><\/svg>\t\t\t\t<\/span>\n\t\t\t<\/div>\n\t\t\t\n\t\t\t\t\t\t<div class=\"elementor-icon-box-content\">\n\n\t\t\t\t\t\t\t\t\t<h3 class=\"elementor-icon-box-title\">\n\t\t\t\t\t\t<span  >\n\t\t\t\t\t\t\tReligi\u00f3n\t\t\t\t\t\t<\/span>\n\t\t\t\t\t<\/h3>\n\t\t\t\t\n\t\t\t\t\n\t\t\t<\/div>\n\t\t\t\n\t\t<\/div>\n\t\t\t\t\t\t<\/div>\n\t\t\t\t<\/div>\n\t\t\t\t\t<\/div>\n\t\t<\/div>\n\t\t\t\t\t<\/div>\n\t\t<\/section>\n\t\t\t\t<section class=\"elementor-section elementor-inner-section elementor-element elementor-element-115e205 elementor-hidden-desktop elementor-hidden-laptop elementor-section-boxed elementor-section-height-default elementor-section-height-default\" data-id=\"115e205\" data-element_type=\"section\" data-e-type=\"section\">\n\t\t\t\t\t\t<div class=\"elementor-container elementor-column-gap-default\">\n\t\t\t\t\t<div class=\"elementor-column elementor-col-33 elementor-inner-column elementor-element elementor-element-99895fb\" data-id=\"99895fb\" data-element_type=\"column\" data-e-type=\"column\">\n\t\t\t<div class=\"elementor-widget-wrap elementor-element-populated\">\n\t\t\t\t\t\t<div class=\"elementor-element elementor-element-7ac6afe elementor-mobile-align-center elementor-align-center elementor-icon-list--layout-traditional elementor-list-item-link-full_width elementor-widget elementor-widget-icon-list\" data-id=\"7ac6afe\" data-element_type=\"widget\" data-e-type=\"widget\" data-widget_type=\"icon-list.default\">\n\t\t\t\t<div class=\"elementor-widget-container\">\n\t\t\t\t\t\t\t<ul class=\"elementor-icon-list-items\">\n\t\t\t\t\t\t\t<li class=\"elementor-icon-list-item\">\n\t\t\t\t\t\t\t\t\t\t\t<span class=\"elementor-icon-list-icon\">\n\t\t\t\t\t\t\t<svg xmlns=\"http:\/\/www.w3.org\/2000\/svg\" width=\"29\" height=\"30\" viewbox=\"0 0 29 30\" fill=\"none\"><path d=\"M1 29H28C27.0638 20.4898 24.8883 15.0426 28 1.3584H1C4.77043 14.8983 1.97006 20.872 1 29Z\" stroke=\"#A58E74\"><\/path><path d=\"M20.2422 21H15.6406V20.4453C15.7656 20.4349 15.9453 20.4193 16.1797 20.3984C16.4193 20.3776 16.5833 20.3464 16.6719 20.3047C16.8281 20.2422 16.9427 20.1484 17.0156 20.0234C17.0885 19.8932 17.125 19.7266 17.125 19.5234V15.5781H11.9141V19.4375C11.9141 19.6198 11.9427 19.7734 12 19.8984C12.0625 20.0234 12.1823 20.1328 12.3594 20.2266C12.4479 20.2734 12.6042 20.3203 12.8281 20.3672C13.0573 20.4141 13.237 20.4401 13.3672 20.4453V21H8.76562V20.4453C8.89062 20.4349 9.07031 20.4193 9.30469 20.3984C9.54427 20.3776 9.70833 20.3464 9.79688 20.3047C9.95312 20.2422 10.0677 20.1484 10.1406 20.0234C10.2135 19.8932 10.25 19.7266 10.25 19.5234V11.5234C10.25 11.3568 10.2161 11.2057 10.1484 11.0703C10.0807 10.9297 9.96354 10.8203 9.79688 10.7422C9.65625 10.6745 9.48438 10.6146 9.28125 10.5625C9.08333 10.5104 8.91146 10.4792 8.76562 10.4688V9.91406H13.3672V10.4688C13.2214 10.474 13.0417 10.4974 12.8281 10.5391C12.6198 10.5807 12.4635 10.6198 12.3594 10.6562C12.1823 10.7188 12.0625 10.8229 12 10.9688C11.9427 11.1146 11.9141 11.2734 11.9141 11.4453V14.8828H17.125V11.5234C17.125 11.3568 17.0911 11.2057 17.0234 11.0703C16.9557 10.9297 16.8385 10.8203 16.6719 10.7422C16.5312 10.6745 16.3594 10.6146 16.1562 10.5625C15.9583 10.5104 15.7865 10.4792 15.6406 10.4688V9.91406H20.2422V10.4688C20.0964 10.474 19.9167 10.4974 19.7031 10.5391C19.4948 10.5807 19.3385 10.6198 19.2344 10.6562C19.0573 10.7188 18.9375 10.8229 18.875 10.9688C18.8177 11.1146 18.7891 11.2734 18.7891 11.4453V19.4375C18.7891 19.6198 18.8177 19.7734 18.875 19.8984C18.9375 20.0234 19.0573 20.1328 19.2344 20.2266C19.3229 20.2734 19.4792 20.3203 19.7031 20.3672C19.9323 20.4141 20.112 20.4401 20.2422 20.4453V21Z\" fill=\"#A58E74\"><\/path><\/svg>\t\t\t\t\t\t<\/span>\n\t\t\t\t\t\t\t\t\t\t<span class=\"elementor-icon-list-text\">Historia<\/span>\n\t\t\t\t\t\t\t\t\t<\/li>\n\t\t\t\t\t\t<\/ul>\n\t\t\t\t\t\t<\/div>\n\t\t\t\t<\/div>\n\t\t\t\t\t<\/div>\n\t\t<\/div>\n\t\t\t\t<div class=\"elementor-column elementor-col-33 elementor-inner-column elementor-element elementor-element-9ab9bef\" data-id=\"9ab9bef\" data-element_type=\"column\" data-e-type=\"column\">\n\t\t\t<div class=\"elementor-widget-wrap elementor-element-populated\">\n\t\t\t\t\t\t<div class=\"elementor-element elementor-element-fe113e3 elementor-mobile-align-center elementor-align-center elementor-icon-list--layout-traditional elementor-list-item-link-full_width elementor-widget elementor-widget-icon-list\" data-id=\"fe113e3\" data-element_type=\"widget\" data-e-type=\"widget\" data-widget_type=\"icon-list.default\">\n\t\t\t\t<div class=\"elementor-widget-container\">\n\t\t\t\t\t\t\t<ul class=\"elementor-icon-list-items\">\n\t\t\t\t\t\t\t<li class=\"elementor-icon-list-item\">\n\t\t\t\t\t\t\t\t\t\t\t<span class=\"elementor-icon-list-icon\">\n\t\t\t\t\t\t\t<svg xmlns=\"http:\/\/www.w3.org\/2000\/svg\" width=\"47\" height=\"49\" viewbox=\"0 0 47 49\" fill=\"none\"><path d=\"M8.5 22V39\" stroke=\"#A58E74\"><\/path><path d=\"M18.5 22V39\" stroke=\"#A58E74\"><\/path><path d=\"M28.5 22V39\" stroke=\"#A58E74\"><\/path><path d=\"M38.5 22V39\" stroke=\"#A58E74\"><\/path><path d=\"M4 43H43.5\" stroke=\"#A58E74\"><\/path><path d=\"M0 48L47 48\" stroke=\"#A58E74\"><\/path><path d=\"M0.5 17.5H46.5C35 13 29 9.5 23.5 1C17 9 11.5 13 0.5 17.5Z\" stroke=\"#A58E74\"><\/path><\/svg>\t\t\t\t\t\t<\/span>\n\t\t\t\t\t\t\t\t\t\t<span class=\"elementor-icon-list-text\">Patrimonio<\/span>\n\t\t\t\t\t\t\t\t\t<\/li>\n\t\t\t\t\t\t<\/ul>\n\t\t\t\t\t\t<\/div>\n\t\t\t\t<\/div>\n\t\t\t\t\t<\/div>\n\t\t<\/div>\n\t\t\t\t<div class=\"elementor-column elementor-col-33 elementor-inner-column elementor-element elementor-element-5a669c7\" data-id=\"5a669c7\" data-element_type=\"column\" data-e-type=\"column\">\n\t\t\t<div class=\"elementor-widget-wrap elementor-element-populated\">\n\t\t\t\t\t\t<div class=\"elementor-element elementor-element-242e890 elementor-mobile-align-center elementor-align-center elementor-icon-list--layout-traditional elementor-list-item-link-full_width elementor-widget elementor-widget-icon-list\" data-id=\"242e890\" data-element_type=\"widget\" data-e-type=\"widget\" data-widget_type=\"icon-list.default\">\n\t\t\t\t<div class=\"elementor-widget-container\">\n\t\t\t\t\t\t\t<ul class=\"elementor-icon-list-items\">\n\t\t\t\t\t\t\t<li class=\"elementor-icon-list-item\">\n\t\t\t\t\t\t\t\t\t\t\t<span class=\"elementor-icon-list-icon\">\n\t\t\t\t\t\t\t<svg xmlns=\"http:\/\/www.w3.org\/2000\/svg\" width=\"48\" height=\"48\" viewbox=\"0 0 48 48\" fill=\"none\"><path d=\"M0 47H47.5\" stroke=\"#A58E74\"><\/path><path d=\"M32.5 43.5V32H14.5V43.5\" stroke=\"#A58E74\"><\/path><path d=\"M23.5 43.5V32\" stroke=\"#A58E74\"><\/path><path d=\"M23.5 27V11\" stroke=\"#A58E74\"><\/path><path d=\"M29.5 17H17.5\" stroke=\"#A58E74\"><\/path><path d=\"M4.5 44V29L10.5 23V11C17.698 7.75669 20.3279 5.49967 23.5 1C27.4721 6.41578 30.3283 8.6161 36.5 11V23L42.5 29V44\" stroke=\"#A58E74\"><\/path><\/svg>\t\t\t\t\t\t<\/span>\n\t\t\t\t\t\t\t\t\t\t<span class=\"elementor-icon-list-text\">Religi\u00f3n<\/span>\n\t\t\t\t\t\t\t\t\t<\/li>\n\t\t\t\t\t\t<\/ul>\n\t\t\t\t\t\t<\/div>\n\t\t\t\t<\/div>\n\t\t\t\t\t<\/div>\n\t\t<\/div>\n\t\t\t\t\t<\/div>\n\t\t<\/section>\n\t\t\t\t\t<\/div>\n\t\t<\/div>\n\t\t\t\t<div class=\"elementor-column elementor-col-50 elementor-top-column elementor-element elementor-element-3880eb6\" data-id=\"3880eb6\" data-element_type=\"column\" data-e-type=\"column\">\n\t\t\t<div class=\"elementor-widget-wrap elementor-element-populated\">\n\t\t\t\t\t\t<div class=\"elementor-element elementor-element-528206f elementor-widget elementor-widget-spacer\" data-id=\"528206f\" data-element_type=\"widget\" data-e-type=\"widget\" data-widget_type=\"spacer.default\">\n\t\t\t\t<div class=\"elementor-widget-container\">\n\t\t\t\t\t\t\t<div class=\"elementor-spacer\">\n\t\t\t<div class=\"elementor-spacer-inner\"><\/div>\n\t\t<\/div>\n\t\t\t\t\t\t<\/div>\n\t\t\t\t<\/div>\n\t\t\t\t<div class=\"elementor-element elementor-element-55c5707 elementor-widget elementor-widget-image\" data-id=\"55c5707\" data-element_type=\"widget\" data-e-type=\"widget\" data-widget_type=\"image.default\">\n\t\t\t\t<div class=\"elementor-widget-container\">\n\t\t\t\t\t\t\t\t\t\t\t\t\t\t\t<img fetchpriority=\"high\" decoding=\"async\" width=\"768\" height=\"519\" src=\"https:\/\/casadeltrotamundos.com\/wp-content\/uploads\/2023\/05\/iglesia-768x519.jpg\" class=\"attachment-medium_large size-medium_large wp-image-3028\" alt=\"Frontal de la iglesia de Benavente con su campanario a la derecha\" srcset=\"https:\/\/casadeltrotamundos.com\/wp-content\/uploads\/2023\/05\/iglesia-768x519.jpg 768w, https:\/\/casadeltrotamundos.com\/wp-content\/uploads\/2023\/05\/iglesia-300x203.jpg 300w, https:\/\/casadeltrotamundos.com\/wp-content\/uploads\/2023\/05\/iglesia.jpg 900w\" sizes=\"(max-width: 768px) 100vw, 768px\" \/>\t\t\t\t\t\t\t\t\t\t\t\t\t\t\t<\/div>\n\t\t\t\t<\/div>\n\t\t\t\t<div class=\"elementor-element elementor-element-31a3046 elementor-widget elementor-widget-spacer\" data-id=\"31a3046\" data-element_type=\"widget\" data-e-type=\"widget\" data-widget_type=\"spacer.default\">\n\t\t\t\t<div class=\"elementor-widget-container\">\n\t\t\t\t\t\t\t<div class=\"elementor-spacer\">\n\t\t\t<div class=\"elementor-spacer-inner\"><\/div>\n\t\t<\/div>\n\t\t\t\t\t\t<\/div>\n\t\t\t\t<\/div>\n\t\t\t\t<section class=\"elementor-section elementor-inner-section elementor-element elementor-element-40d6744 elementor-section-boxed elementor-section-height-default elementor-section-height-default\" data-id=\"40d6744\" data-element_type=\"section\" data-e-type=\"section\">\n\t\t\t\t\t\t<div class=\"elementor-container elementor-column-gap-default\">\n\t\t\t\t\t<div class=\"elementor-column elementor-col-100 elementor-inner-column elementor-element elementor-element-ebad794\" data-id=\"ebad794\" data-element_type=\"column\" data-e-type=\"column\">\n\t\t\t<div class=\"elementor-widget-wrap elementor-element-populated\">\n\t\t\t\t\t\t<div class=\"elementor-element elementor-element-3e536b6 elementor-view-framed elementor-shape-circle elementor-position-block-start elementor-mobile-position-block-start elementor-widget elementor-widget-icon-box\" data-id=\"3e536b6\" data-element_type=\"widget\" data-e-type=\"widget\" data-widget_type=\"icon-box.default\">\n\t\t\t\t<div class=\"elementor-widget-container\">\n\t\t\t\t\t\t\t<div class=\"elementor-icon-box-wrapper\">\n\n\t\t\t\t\t\t<div class=\"elementor-icon-box-icon\">\n\t\t\t\t<a href=\"https:\/\/heyzine.com\/flip-book\/5b9285fa2e.html\" target=\"_blank\" class=\"elementor-icon elementor-animation-pulse\" tabindex=\"-1\" aria-label=\"Patrimonio Art\u00edstico \" rel=\"noopener\">\n\t\t\t\t<svg xmlns=\"http:\/\/www.w3.org\/2000\/svg\" width=\"47\" height=\"49\" viewbox=\"0 0 47 49\" fill=\"none\"><path d=\"M8.5 22V39\" stroke=\"#A58E74\"><\/path><path d=\"M18.5 22V39\" stroke=\"#A58E74\"><\/path><path d=\"M28.5 22V39\" stroke=\"#A58E74\"><\/path><path d=\"M38.5 22V39\" stroke=\"#A58E74\"><\/path><path d=\"M4 43H43.5\" stroke=\"#A58E74\"><\/path><path d=\"M0 48L47 48\" stroke=\"#A58E74\"><\/path><path d=\"M0.5 17.5H46.5C35 13 29 9.5 23.5 1C17 9 11.5 13 0.5 17.5Z\" stroke=\"#A58E74\"><\/path><\/svg>\t\t\t\t<\/a>\n\t\t\t<\/div>\n\t\t\t\n\t\t\t\t\t\t<div class=\"elementor-icon-box-content\">\n\n\t\t\t\t\t\t\t\t\t<h3 class=\"elementor-icon-box-title\">\n\t\t\t\t\t\t<a href=\"https:\/\/heyzine.com\/flip-book\/5b9285fa2e.html\" target=\"_blank\" rel=\"noopener\">\n\t\t\t\t\t\t\tPatrimonio Art\u00edstico \t\t\t\t\t\t<\/a>\n\t\t\t\t\t<\/h3>\n\t\t\t\t\n\t\t\t\t\n\t\t\t<\/div>\n\t\t\t\n\t\t<\/div>\n\t\t\t\t\t\t<\/div>\n\t\t\t\t<\/div>\n\t\t\t\t\t<\/div>\n\t\t<\/div>\n\t\t\t\t\t<\/div>\n\t\t<\/section>\n\t\t\t\t<div class=\"elementor-element elementor-element-9ff3ce9 elementor-widget elementor-widget-spacer\" data-id=\"9ff3ce9\" data-element_type=\"widget\" data-e-type=\"widget\" data-widget_type=\"spacer.default\">\n\t\t\t\t<div class=\"elementor-widget-container\">\n\t\t\t\t\t\t\t<div class=\"elementor-spacer\">\n\t\t\t<div class=\"elementor-spacer-inner\"><\/div>\n\t\t<\/div>\n\t\t\t\t\t\t<\/div>\n\t\t\t\t<\/div>\n\t\t\t\t\t<\/div>\n\t\t<\/div>\n\t\t\t\t\t<\/div>\n\t\t<\/section>\n\t\t\t\t<\/div>","protected":false},"excerpt":{"rendered":"<p>Entorno Benavente Benavente ha ido acumulando un rico patrimonio art\u00edstico aportado por las diferentes culturas que en ella se han asentado. Su envidiable situaci\u00f3n en el noroeste de la pen\u00ednsula ha hecho que a lo largo de la historia siempre haya sido un importante cruce de caminos. Entre ellos cabe destacar los caminos jacobeos: V\u00eda [&hellip;]<\/p>\n","protected":false},"author":1,"featured_media":0,"parent":391,"menu_order":0,"comment_status":"closed","ping_status":"closed","template":"","meta":{"footnotes":""},"class_list":["post-3046","page","type-page","status-publish","hentry"],"_links":{"self":[{"href":"https:\/\/casadeltrotamundos.com\/en\/wp-json\/wp\/v2\/pages\/3046","targetHints":{"allow":["GET"]}}],"collection":[{"href":"https:\/\/casadeltrotamundos.com\/en\/wp-json\/wp\/v2\/pages"}],"about":[{"href":"https:\/\/casadeltrotamundos.com\/en\/wp-json\/wp\/v2\/types\/page"}],"author":[{"embeddable":true,"href":"https:\/\/casadeltrotamundos.com\/en\/wp-json\/wp\/v2\/users\/1"}],"replies":[{"embeddable":true,"href":"https:\/\/casadeltrotamundos.com\/en\/wp-json\/wp\/v2\/comments?post=3046"}],"version-history":[{"count":119,"href":"https:\/\/casadeltrotamundos.com\/en\/wp-json\/wp\/v2\/pages\/3046\/revisions"}],"predecessor-version":[{"id":5667,"href":"https:\/\/casadeltrotamundos.com\/en\/wp-json\/wp\/v2\/pages\/3046\/revisions\/5667"}],"up":[{"embeddable":true,"href":"https:\/\/casadeltrotamundos.com\/en\/wp-json\/wp\/v2\/pages\/391"}],"wp:attachment":[{"href":"https:\/\/casadeltrotamundos.com\/en\/wp-json\/wp\/v2\/media?parent=3046"}],"curies":[{"name":"wp","href":"https:\/\/api.w.org\/{rel}","templated":true}]}}